{"id":117653,"date":"2026-05-05T20:25:25","date_gmt":"2026-05-05T23:25:25","guid":{"rendered":"https:\/\/www.hediyepazar.com\/?product=elektrikli-parti-oyuncagi-para-atan-tabanca-2"},"modified":"2026-05-05T20:25:25","modified_gmt":"2026-05-05T23:25:25","slug":"elektrikli-parti-oyuncagi-para-atan-tabanca-2","status":"publish","type":"product","link":"https:\/\/www.hediyepazar.com\/?product=elektrikli-parti-oyuncagi-para-atan-tabanca-2","title":{"rendered":"Elektrikli Parti Oyunca\u011f\u0131 \u2013 Para Atan Tabanca"},"content":{"rendered":"<p>Bu oyuncak, e\u011flence anlay\u0131\u015f\u0131n\u0131 bir \u00fcst seviyeye ta\u015f\u0131mak isteyenler i\u00e7in tasarlanm\u0131\u015f \u00f6zel bir \u00fcr\u00fcnd\u00fcr. Elinize ald\u0131\u011f\u0131n\u0131z anda etkileyici g\u00f6r\u00fcn\u00fcm\u00fc ve g\u00fc\u00e7l\u00fc yap\u0131s\u0131yla dikkat \u00e7eker. Dolar boyutundaki \u00f6zel k\u00e2\u011f\u0131tlar\u0131 saniyeler i\u00e7inde havaya f\u0131rlatan sistem, \u00f6zellikle parti, kutlama, do\u011fum g\u00fcn\u00fc ya da video \u00e7ekimi gibi anlarda fark yarat\u0131r. Sosyal medya i\u00e7eriklerine dinamik bir etki katmak isteyen i\u00e7erik \u00fcreticileri i\u00e7in de bi\u00e7ilmi\u015f kaftand\u0131r.Kolay kullan\u0131m sa\u011flayan mekanizmas\u0131, kapa\u011f\u0131n yerine tam oturtulmas\u0131 ve yukar\u0131ya tutulmas\u0131 ile maksimum performans sunar. \u00dcr\u00fcn, 3 adet AA pil ile \u00e7al\u0131\u015f\u0131r ve \u015farj gerektirmez. Bu sayede diledi\u011finiz yerde, diledi\u011finiz an e\u011flenceye kald\u0131\u011f\u0131n\u0131z yerden devam edebilirsiniz.130 adet k\u00e2\u011f\u0131tla birlikte gelen \u00fcr\u00fcn, ilk andan itibaren kullan\u0131ma haz\u0131rd\u0131r. Dayan\u0131kl\u0131 plastikten \u00fcretilmi\u015f olmas\u0131 sayesinde uzun \u00f6m\u00fcrl\u00fc bir deneyim sunar. D\u00fcz ya da yukar\u0131 e\u011fimli kullan\u0131m, f\u0131rlatma performans\u0131n\u0131 art\u0131r\u0131r ve daha etkileyici bir g\u00f6r\u00fcnt\u00fc sa\u011flar.Etkinliklerinize farkl\u0131l\u0131k katmak, enerjiyi y\u00fckseltmek ve \u00e7evrenizdeki herkesi etkilemek istiyorsan\u0131z bu oyuncak tam size g\u00f6re!&nbsp;<\/p>\n","protected":false},"excerpt":{"rendered":"<p>Bu oyuncak, e\u011flence anlay\u0131\u015f\u0131n\u0131 bir \u00fcst seviyeye ta\u015f\u0131mak isteyenler i\u00e7in tasarlanm\u0131\u015f \u00f6zel bir \u00fcr\u00fcnd\u00fcr. Elinize ald\u0131\u011f\u0131n\u0131z anda etkileyici g\u00f6r\u00fcn\u00fcm\u00fc ve g\u00fc\u00e7l\u00fc yap\u0131s\u0131yla dikkat \u00e7eker. Dolar boyutundaki \u00f6zel k\u00e2\u011f\u0131tlar\u0131 saniyeler i\u00e7inde havaya f\u0131rlatan sistem, \u00f6zellikle parti, kutlama, do\u011fum g\u00fcn\u00fc ya da video \u00e7ekimi gibi anlarda fark yarat\u0131r. Sosyal medya i\u00e7eriklerine dinamik bir etki katmak isteyen i\u00e7erik&#8230;<\/p>\n","protected":false},"featured_media":117652,"comment_status":"open","ping_status":"closed","template":"","meta":{"_kad_post_transparent":"","_kad_post_title":"","_kad_post_layout":"","_kad_post_sidebar_id":"","_kad_post_content_style":"","_kad_post_vertical_padding":"","_kad_post_feature":"","_kad_post_feature_position":"","_kad_post_header":false,"_kad_post_footer":false,"_kad_post_classname":""},"product_brand":[],"product_cat":[15040],"product_tag":[],"class_list":{"0":"post-117653","1":"product","2":"type-product","3":"status-publish","4":"has-post-thumbnail","6":"product_cat-parti-maskesi-ve-gozlugu-parti-maskesi-ve-gozlugu","8":"first","9":"instock","10":"purchasable","11":"product-type-simple","12":"entry","13":"content-bg","14":"loop-entry"},"_links":{"self":[{"href":"https:\/\/www.hediyepazar.com\/index.php?rest_route=\/wp\/v2\/product\/117653","targetHints":{"allow":["GET"]}}],"collection":[{"href":"https:\/\/www.hediyepazar.com\/index.php?rest_route=\/wp\/v2\/product"}],"about":[{"href":"https:\/\/www.hediyepazar.com\/index.php?rest_route=\/wp\/v2\/types\/product"}],"replies":[{"embeddable":true,"href":"https:\/\/www.hediyepazar.com\/index.php?rest_route=%2Fwp%2Fv2%2Fcomments&post=117653"}],"wp:featuredmedia":[{"embeddable":true,"href":"https:\/\/www.hediyepazar.com\/index.php?rest_route=\/wp\/v2\/media\/117652"}],"wp:attachment":[{"href":"https:\/\/www.hediyepazar.com\/index.php?rest_route=%2Fwp%2Fv2%2Fmedia&parent=117653"}],"wp:term":[{"taxonomy":"product_brand","embeddable":true,"href":"https:\/\/www.hediyepazar.com\/index.php?rest_route=%2Fwp%2Fv2%2Fproduct_brand&post=117653"},{"taxonomy":"product_cat","embeddable":true,"href":"https:\/\/www.hediyepazar.com\/index.php?rest_route=%2Fwp%2Fv2%2Fproduct_cat&post=117653"},{"taxonomy":"product_tag","embeddable":true,"href":"https:\/\/www.hediyepazar.com\/index.php?rest_route=%2Fwp%2Fv2%2Fproduct_tag&post=117653"}],"curies":[{"name":"wp","href":"https:\/\/api.w.org\/{rel}","templated":true}]}}