{"id":117657,"date":"2026-05-05T20:25:34","date_gmt":"2026-05-05T23:25:34","guid":{"rendered":"https:\/\/www.hediyepazar.com\/?product=aa-pil-ile-calisan-kolay-kullanimli-kagit-firlatici-oyuncak-2"},"modified":"2026-05-05T20:25:34","modified_gmt":"2026-05-05T23:25:34","slug":"aa-pil-ile-calisan-kolay-kullanimli-kagit-firlatici-oyuncak-2","status":"publish","type":"product","link":"https:\/\/www.hediyepazar.com\/?product=aa-pil-ile-calisan-kolay-kullanimli-kagit-firlatici-oyuncak-2","title":{"rendered":"AA Pil ile \u00c7al\u0131\u015fan Kolay Kullan\u0131ml\u0131 K\u00e2\u011f\u0131t F\u0131rlat\u0131c\u0131 Oyuncak"},"content":{"rendered":"<p>Bu oyuncak, \u00f6zellikle sosyal ortamlarda farkl\u0131l\u0131k yaratmak isteyen kullan\u0131c\u0131lar i\u00e7in tasarlanm\u0131\u015ft\u0131r. Etkinliklerinize h\u0131z, renk ve hareket katmak i\u00e7in m\u00fckemmel bir yard\u0131mc\u0131d\u0131r. \u00d6zellikle video i\u00e7eriklerinde ve \u00e7ekimlerde etkileyici g\u00f6rseller olu\u015fturmak i\u00e7in s\u0131k\u00e7a tercih edilir.Kompakt yap\u0131s\u0131, kolay kullan\u0131m\u0131 ve g\u00fc\u00e7l\u00fc f\u0131rlatma mekanizmas\u0131 sayesinde her ya\u015ftan kullan\u0131c\u0131ya hitap eder. Tek yapman\u0131z gereken k\u00e2\u011f\u0131tlar\u0131 yerle\u015ftirmek, kapa\u011f\u0131 bast\u0131rmak ve yukar\u0131ya do\u011fru y\u00f6neltmek. Gerisini bu e\u011flenceli oyuncak hallediyor! \u00d6zellikle d\u00fcz veya yukar\u0131 e\u011fimli kullan\u0131m \u00f6nerilir, bu sayede at\u0131\u015f performans\u0131 maksimum seviyeye \u00e7\u0131kar.\u00dcr\u00fcn 3 adet AA pil ile \u00e7al\u0131\u015f\u0131r, \u015farj gerekmez. Bu da demektir ki kablo veya adapt\u00f6r ta\u015f\u0131madan e\u011flencenin keyfini s\u00fcrebilirsiniz. Kutu i\u00e7eri\u011finde yer alan 130 adet k\u00e2\u011f\u0131tla birlikte geldi\u011fi i\u00e7in ekstra bir malzeme alman\u0131za gerek kalmaz.Dayan\u0131kl\u0131 plastikten \u00fcretilmi\u015f g\u00f6vdesi, uzun s\u00fcreli kullan\u0131mlara uygundur ve kolayca deformasyona u\u011framaz. Hem i\u00e7 hem d\u0131\u015f mekanlarda rahatl\u0131kla kullan\u0131labilir. Hafif yap\u0131s\u0131 sayesinde ta\u015f\u0131mas\u0131 ve kullanmas\u0131 son derece rahatt\u0131r.Bu oyuncakla etkinlikleriniz \u00e7ok daha enerjik, sosyal medya i\u00e7erikleriniz \u00e7ok daha dikkat \u00e7ekici olacak. E\u011flenceyi art\u0131rmak ve etraf\u0131n\u0131zdaki herkesin ilgisini toplamak istiyorsan\u0131z bu oyuncak ideal bir se\u00e7im.<\/p>\n","protected":false},"excerpt":{"rendered":"<p>Bu oyuncak, \u00f6zellikle sosyal ortamlarda farkl\u0131l\u0131k yaratmak isteyen kullan\u0131c\u0131lar i\u00e7in tasarlanm\u0131\u015ft\u0131r. Etkinliklerinize h\u0131z, renk ve hareket katmak i\u00e7in m\u00fckemmel bir yard\u0131mc\u0131d\u0131r. \u00d6zellikle video i\u00e7eriklerinde ve \u00e7ekimlerde etkileyici g\u00f6rseller olu\u015fturmak i\u00e7in s\u0131k\u00e7a tercih edilir.Kompakt yap\u0131s\u0131, kolay kullan\u0131m\u0131 ve g\u00fc\u00e7l\u00fc f\u0131rlatma mekanizmas\u0131 sayesinde her ya\u015ftan kullan\u0131c\u0131ya hitap eder. Tek yapman\u0131z gereken k\u00e2\u011f\u0131tlar\u0131 yerle\u015ftirmek, kapa\u011f\u0131 bast\u0131rmak ve yukar\u0131ya&#8230;<\/p>\n","protected":false},"featured_media":117656,"comment_status":"open","ping_status":"closed","template":"","meta":{"_kad_post_transparent":"","_kad_post_title":"","_kad_post_layout":"","_kad_post_sidebar_id":"","_kad_post_content_style":"","_kad_post_vertical_padding":"","_kad_post_feature":"","_kad_post_feature_position":"","_kad_post_header":false,"_kad_post_footer":false,"_kad_post_classname":""},"product_brand":[],"product_cat":[15040],"product_tag":[],"class_list":{"0":"post-117657","1":"product","2":"type-product","3":"status-publish","4":"has-post-thumbnail","6":"product_cat-parti-maskesi-ve-gozlugu-parti-maskesi-ve-gozlugu","8":"first","9":"instock","10":"purchasable","11":"product-type-simple","12":"entry","13":"content-bg","14":"loop-entry"},"_links":{"self":[{"href":"https:\/\/www.hediyepazar.com\/index.php?rest_route=\/wp\/v2\/product\/117657","targetHints":{"allow":["GET"]}}],"collection":[{"href":"https:\/\/www.hediyepazar.com\/index.php?rest_route=\/wp\/v2\/product"}],"about":[{"href":"https:\/\/www.hediyepazar.com\/index.php?rest_route=\/wp\/v2\/types\/product"}],"replies":[{"embeddable":true,"href":"https:\/\/www.hediyepazar.com\/index.php?rest_route=%2Fwp%2Fv2%2Fcomments&post=117657"}],"wp:featuredmedia":[{"embeddable":true,"href":"https:\/\/www.hediyepazar.com\/index.php?rest_route=\/wp\/v2\/media\/117656"}],"wp:attachment":[{"href":"https:\/\/www.hediyepazar.com\/index.php?rest_route=%2Fwp%2Fv2%2Fmedia&parent=117657"}],"wp:term":[{"taxonomy":"product_brand","embeddable":true,"href":"https:\/\/www.hediyepazar.com\/index.php?rest_route=%2Fwp%2Fv2%2Fproduct_brand&post=117657"},{"taxonomy":"product_cat","embeddable":true,"href":"https:\/\/www.hediyepazar.com\/index.php?rest_route=%2Fwp%2Fv2%2Fproduct_cat&post=117657"},{"taxonomy":"product_tag","embeddable":true,"href":"https:\/\/www.hediyepazar.com\/index.php?rest_route=%2Fwp%2Fv2%2Fproduct_tag&post=117657"}],"curies":[{"name":"wp","href":"https:\/\/api.w.org\/{rel}","templated":true}]}}