{"id":117661,"date":"2026-05-05T20:25:44","date_gmt":"2026-05-05T23:25:44","guid":{"rendered":"https:\/\/www.hediyepazar.com\/?product=kablosuz-bluetooth-kulaklik-hifi-ses-kalitesi-ve-mikrofonlu-2"},"modified":"2026-05-05T20:25:44","modified_gmt":"2026-05-05T23:25:44","slug":"kablosuz-bluetooth-kulaklik-hifi-ses-kalitesi-ve-mikrofonlu-2","status":"publish","type":"product","link":"https:\/\/www.hediyepazar.com\/?product=kablosuz-bluetooth-kulaklik-hifi-ses-kalitesi-ve-mikrofonlu-2","title":{"rendered":"Kablosuz Bluetooth Kulakl\u0131k Hifi Ses Kalitesi ve Mikrofonlu"},"content":{"rendered":"<p>Kablosuz teknolojiyle donat\u0131lm\u0131\u015f bu y\u00fcksek performansl\u0131 kulakl\u0131k, ses deneyiminde beklentilerin \u00e7ok \u00fczerinde bir kalite sunuyor. 30 mm\u2019lik geni\u015f s\u00fcr\u00fcc\u00fc \u00e7ap\u0131 sayesinde m\u00fczikteki her enstr\u00fcman\u0131 detaylar\u0131yla duymak m\u00fcmk\u00fcn. Geli\u015fmi\u015f Bluetooth 5.3 teknolojisi, daha az enerji harcarken daha g\u00fc\u00e7l\u00fc ve istikrarl\u0131 bir ba\u011flant\u0131 sa\u011flar. Donmalar ve ba\u011flant\u0131 kopmalar\u0131 tarihe kar\u0131\u015f\u0131yor. LED ekran paneli, hem estetik hem de i\u015flevsel olup; batarya durumu ve ba\u011flant\u0131 bilgilerini an\u0131nda takip etmenizi sa\u011flar. Hafifli\u011fi ve yumu\u015fak dokulu kulak pedleri sayesinde uzun s\u00fcreli kullan\u0131mlarda kulaklar\u0131n\u0131zda bask\u0131 olu\u015fturmaz. Kablosuz \u015farj \u00f6zelli\u011fi, cihaz\u0131 pratik bir \u015fekilde \u015farj etmenize olanak tan\u0131rken, mikrofon deste\u011fi sayesinde telefon g\u00f6r\u00fc\u015fmeleri kristal netli\u011finde ger\u00e7ekle\u015fir. Farkl\u0131 marka telefonlarla tam uyumlu yap\u0131s\u0131, bu kulakl\u0131\u011f\u0131 evrensel bir cihaz haline getirir. Malzeme kalitesi ve ta\u015f\u0131nabilirli\u011fi ile \u00f6ne \u00e7\u0131kan bu \u00fcr\u00fcn, ofis kullan\u0131m\u0131ndan spor salonuna kadar \u00e7ok y\u00f6nl\u00fc bir \u00e7\u00f6z\u00fcm sunar. Minimalist tasar\u0131m\u0131 sayesinde her tarzla uyum sa\u011flar ve stilinizi tamamlar.<\/p>\n","protected":false},"excerpt":{"rendered":"<p>Kablosuz teknolojiyle donat\u0131lm\u0131\u015f bu y\u00fcksek performansl\u0131 kulakl\u0131k, ses deneyiminde beklentilerin \u00e7ok \u00fczerinde bir kalite sunuyor. 30 mm\u2019lik geni\u015f s\u00fcr\u00fcc\u00fc \u00e7ap\u0131 sayesinde m\u00fczikteki her enstr\u00fcman\u0131 detaylar\u0131yla duymak m\u00fcmk\u00fcn. Geli\u015fmi\u015f Bluetooth 5.3 teknolojisi, daha az enerji harcarken daha g\u00fc\u00e7l\u00fc ve istikrarl\u0131 bir ba\u011flant\u0131 sa\u011flar. Donmalar ve ba\u011flant\u0131 kopmalar\u0131 tarihe kar\u0131\u015f\u0131yor. LED ekran paneli, hem estetik hem de&#8230;<\/p>\n","protected":false},"featured_media":117660,"comment_status":"open","ping_status":"closed","template":"","meta":{"_kad_post_transparent":"","_kad_post_title":"","_kad_post_layout":"","_kad_post_sidebar_id":"","_kad_post_content_style":"","_kad_post_vertical_padding":"","_kad_post_feature":"","_kad_post_feature_position":"","_kad_post_header":false,"_kad_post_footer":false,"_kad_post_classname":""},"product_brand":[],"product_cat":[14957],"product_tag":[],"class_list":{"0":"post-117661","1":"product","2":"type-product","3":"status-publish","4":"has-post-thumbnail","6":"product_cat-kablosuz-kulaklik-kablosuz-kulaklik","8":"first","9":"instock","10":"purchasable","11":"product-type-simple","12":"entry","13":"content-bg","14":"loop-entry"},"_links":{"self":[{"href":"https:\/\/www.hediyepazar.com\/index.php?rest_route=\/wp\/v2\/product\/117661","targetHints":{"allow":["GET"]}}],"collection":[{"href":"https:\/\/www.hediyepazar.com\/index.php?rest_route=\/wp\/v2\/product"}],"about":[{"href":"https:\/\/www.hediyepazar.com\/index.php?rest_route=\/wp\/v2\/types\/product"}],"replies":[{"embeddable":true,"href":"https:\/\/www.hediyepazar.com\/index.php?rest_route=%2Fwp%2Fv2%2Fcomments&post=117661"}],"wp:featuredmedia":[{"embeddable":true,"href":"https:\/\/www.hediyepazar.com\/index.php?rest_route=\/wp\/v2\/media\/117660"}],"wp:attachment":[{"href":"https:\/\/www.hediyepazar.com\/index.php?rest_route=%2Fwp%2Fv2%2Fmedia&parent=117661"}],"wp:term":[{"taxonomy":"product_brand","embeddable":true,"href":"https:\/\/www.hediyepazar.com\/index.php?rest_route=%2Fwp%2Fv2%2Fproduct_brand&post=117661"},{"taxonomy":"product_cat","embeddable":true,"href":"https:\/\/www.hediyepazar.com\/index.php?rest_route=%2Fwp%2Fv2%2Fproduct_cat&post=117661"},{"taxonomy":"product_tag","embeddable":true,"href":"https:\/\/www.hediyepazar.com\/index.php?rest_route=%2Fwp%2Fv2%2Fproduct_tag&post=117661"}],"curies":[{"name":"wp","href":"https:\/\/api.w.org\/{rel}","templated":true}]}}