{"id":117705,"date":"2026-05-05T20:31:56","date_gmt":"2026-05-05T23:31:56","guid":{"rendered":"https:\/\/www.hediyepazar.com\/?product=20000-oyunlu-retro-tv-oyun-konsolu-64gb-sd-kartli-model"},"modified":"2026-05-05T20:31:56","modified_gmt":"2026-05-05T23:31:56","slug":"20000-oyunlu-retro-tv-oyun-konsolu-64gb-sd-kartli-model","status":"publish","type":"product","link":"https:\/\/www.hediyepazar.com\/?product=20000-oyunlu-retro-tv-oyun-konsolu-64gb-sd-kartli-model","title":{"rendered":"20000 Oyunlu Retro TV Oyun Konsolu 64GB SD Kartl\u0131 Model"},"content":{"rendered":"<p>M15 Retro Oyun Konsolu, 64GB SD kart\u0131nda y\u00fckl\u00fc 20.000\u2019den fazla oyun ile geliyor. Bu cihaz sayesinde internet ba\u011flant\u0131s\u0131 veya oyun indirme derdi olmadan, sevilen retro konsol ba\u015fl\u0131klar\u0131na an\u0131nda eri\u015febilirsiniz. Aralar\u0131nda NES, SNES, MAME, SEGA, PS1 gibi 20 farkl\u0131 em\u00fclat\u00f6r deste\u011fiyle nostaljik oyunlar\u0131 kolayl\u0131kla oynayabilirsiniz.Konsol, 2.4GHz kablosuz ba\u011flant\u0131ya sahip iki adet gamepad ile birlikte gelir. Koltukta rahat\u00e7a otururken kablo karma\u015fas\u0131 ya\u015famadan oyun keyfi sunar. (AAA piller kutuya dahil de\u011fildir.) HDMI uyumlu \u00e7\u0131k\u0131\u015f\u0131 sayesinde cihaz\u0131 do\u011frudan televizyonunuza ba\u011flayabilir, b\u00fcy\u00fck ekranda HD kalitesinde oyun deneyimi ya\u015fayabilirsiniz.Karma\u015f\u0131k kurulumlar yoktur. Konsolu fi\u015fe takman\u0131z, HDMI kablosuyla TV\u2019ye ba\u011flaman\u0131z ve kanal de\u011fi\u015ftirmeniz yeterlidir. Kullan\u0131c\u0131 dostu ara y\u00fcz\u00fc sayesinde \u00e7ocuklar ve yeti\u015fkinler i\u00e7in rahat bir kullan\u0131m sa\u011flar. Retro oyunlar\u0131 seven herkes i\u00e7in ideal bir hediye se\u00e7ene\u011fidir.<\/p>\n","protected":false},"excerpt":{"rendered":"<p>M15 Retro Oyun Konsolu, 64GB SD kart\u0131nda y\u00fckl\u00fc 20.000\u2019den fazla oyun ile geliyor. Bu cihaz sayesinde internet ba\u011flant\u0131s\u0131 veya oyun indirme derdi olmadan, sevilen retro konsol ba\u015fl\u0131klar\u0131na an\u0131nda eri\u015febilirsiniz. Aralar\u0131nda NES, SNES, MAME, SEGA, PS1 gibi 20 farkl\u0131 em\u00fclat\u00f6r deste\u011fiyle nostaljik oyunlar\u0131 kolayl\u0131kla oynayabilirsiniz.Konsol, 2.4GHz kablosuz ba\u011flant\u0131ya sahip iki adet gamepad ile birlikte gelir. Koltukta&#8230;<\/p>\n","protected":false},"featured_media":117704,"comment_status":"open","ping_status":"closed","template":"","meta":{"_kad_post_transparent":"","_kad_post_title":"","_kad_post_layout":"","_kad_post_sidebar_id":"","_kad_post_content_style":"","_kad_post_vertical_padding":"","_kad_post_feature":"","_kad_post_feature_position":"","_kad_post_header":false,"_kad_post_footer":false,"_kad_post_classname":""},"product_brand":[],"product_cat":[14961],"product_tag":[],"class_list":{"0":"post-117705","1":"product","2":"type-product","3":"status-publish","4":"has-post-thumbnail","6":"product_cat-oyun-konsolu-oyun-konsolu","8":"first","9":"instock","10":"purchasable","11":"product-type-simple","12":"entry","13":"content-bg","14":"loop-entry"},"_links":{"self":[{"href":"https:\/\/www.hediyepazar.com\/index.php?rest_route=\/wp\/v2\/product\/117705","targetHints":{"allow":["GET"]}}],"collection":[{"href":"https:\/\/www.hediyepazar.com\/index.php?rest_route=\/wp\/v2\/product"}],"about":[{"href":"https:\/\/www.hediyepazar.com\/index.php?rest_route=\/wp\/v2\/types\/product"}],"replies":[{"embeddable":true,"href":"https:\/\/www.hediyepazar.com\/index.php?rest_route=%2Fwp%2Fv2%2Fcomments&post=117705"}],"wp:featuredmedia":[{"embeddable":true,"href":"https:\/\/www.hediyepazar.com\/index.php?rest_route=\/wp\/v2\/media\/117704"}],"wp:attachment":[{"href":"https:\/\/www.hediyepazar.com\/index.php?rest_route=%2Fwp%2Fv2%2Fmedia&parent=117705"}],"wp:term":[{"taxonomy":"product_brand","embeddable":true,"href":"https:\/\/www.hediyepazar.com\/index.php?rest_route=%2Fwp%2Fv2%2Fproduct_brand&post=117705"},{"taxonomy":"product_cat","embeddable":true,"href":"https:\/\/www.hediyepazar.com\/index.php?rest_route=%2Fwp%2Fv2%2Fproduct_cat&post=117705"},{"taxonomy":"product_tag","embeddable":true,"href":"https:\/\/www.hediyepazar.com\/index.php?rest_route=%2Fwp%2Fv2%2Fproduct_tag&post=117705"}],"curies":[{"name":"wp","href":"https:\/\/api.w.org\/{rel}","templated":true}]}}