{"id":117711,"date":"2026-05-05T20:32:11","date_gmt":"2026-05-05T23:32:11","guid":{"rendered":"https:\/\/www.hediyepazar.com\/?product=pratik-mekanizmali-sac-taragi-kendi-kendini-temizler-tasinabilir-2"},"modified":"2026-05-05T20:32:11","modified_gmt":"2026-05-05T23:32:11","slug":"pratik-mekanizmali-sac-taragi-kendi-kendini-temizler-tasinabilir-2","status":"publish","type":"product","link":"https:\/\/www.hediyepazar.com\/?product=pratik-mekanizmali-sac-taragi-kendi-kendini-temizler-tasinabilir-2","title":{"rendered":"Pratik Mekanizmal\u0131 Sa\u00e7 Tara\u011f\u0131 \u2013 Kendi Kendini Temizler Ta\u015f\u0131nabilir"},"content":{"rendered":"<p>Kendi kendini temizleyen bu \u00f6zel sa\u00e7 tara\u011f\u0131, sa\u00e7 bak\u0131m rutininizi kolayla\u015ft\u0131r\u0131r. Sap k\u0131sm\u0131ndaki itme mekanizmas\u0131 sayesinde tarakta biriken sa\u00e7lar\u0131 tek hamlede \u00e7\u0131karabilirsiniz.F\u0131r\u00e7a, anti-statik \u00f6zellik g\u00f6sterdi\u011fi i\u00e7in sa\u00e7lar\u0131n\u0131zda elektriklenme ve kabarma olu\u015fmaz. Yumu\u015fak silikon di\u015fler sa\u00e7 derisini uyar\u0131r, kan dola\u015f\u0131m\u0131n\u0131 art\u0131r\u0131r ve rahatlat\u0131c\u0131 etki sunar.Sa\u011flam ABS malzemeden \u00fcretilmi\u015f bu \u00fcr\u00fcn, 22&#215;4 cm boyutuyla her \u00e7antaya kolayca s\u0131\u011far. Hem evde hem d\u0131\u015far\u0131da kullan\u0131m i\u00e7in idealdir.<\/p>\n","protected":false},"excerpt":{"rendered":"<p>Kendi kendini temizleyen bu \u00f6zel sa\u00e7 tara\u011f\u0131, sa\u00e7 bak\u0131m rutininizi kolayla\u015ft\u0131r\u0131r. Sap k\u0131sm\u0131ndaki itme mekanizmas\u0131 sayesinde tarakta biriken sa\u00e7lar\u0131 tek hamlede \u00e7\u0131karabilirsiniz.F\u0131r\u00e7a, anti-statik \u00f6zellik g\u00f6sterdi\u011fi i\u00e7in sa\u00e7lar\u0131n\u0131zda elektriklenme ve kabarma olu\u015fmaz. Yumu\u015fak silikon di\u015fler sa\u00e7 derisini uyar\u0131r, kan dola\u015f\u0131m\u0131n\u0131 art\u0131r\u0131r ve rahatlat\u0131c\u0131 etki sunar.Sa\u011flam ABS malzemeden \u00fcretilmi\u015f bu \u00fcr\u00fcn, 22&#215;4 cm boyutuyla her \u00e7antaya kolayca&#8230;<\/p>\n","protected":false},"featured_media":117710,"comment_status":"open","ping_status":"closed","template":"","meta":{"_kad_post_transparent":"","_kad_post_title":"","_kad_post_layout":"","_kad_post_sidebar_id":"","_kad_post_content_style":"","_kad_post_vertical_padding":"","_kad_post_feature":"","_kad_post_feature_position":"","_kad_post_header":false,"_kad_post_footer":false,"_kad_post_classname":""},"product_brand":[],"product_cat":[14955],"product_tag":[],"class_list":{"0":"post-117711","1":"product","2":"type-product","3":"status-publish","4":"has-post-thumbnail","6":"product_cat-sac-fircasi-tarak-sac-fircasi-tarak","8":"first","9":"instock","10":"purchasable","11":"product-type-simple","12":"entry","13":"content-bg","14":"loop-entry"},"_links":{"self":[{"href":"https:\/\/www.hediyepazar.com\/index.php?rest_route=\/wp\/v2\/product\/117711","targetHints":{"allow":["GET"]}}],"collection":[{"href":"https:\/\/www.hediyepazar.com\/index.php?rest_route=\/wp\/v2\/product"}],"about":[{"href":"https:\/\/www.hediyepazar.com\/index.php?rest_route=\/wp\/v2\/types\/product"}],"replies":[{"embeddable":true,"href":"https:\/\/www.hediyepazar.com\/index.php?rest_route=%2Fwp%2Fv2%2Fcomments&post=117711"}],"wp:featuredmedia":[{"embeddable":true,"href":"https:\/\/www.hediyepazar.com\/index.php?rest_route=\/wp\/v2\/media\/117710"}],"wp:attachment":[{"href":"https:\/\/www.hediyepazar.com\/index.php?rest_route=%2Fwp%2Fv2%2Fmedia&parent=117711"}],"wp:term":[{"taxonomy":"product_brand","embeddable":true,"href":"https:\/\/www.hediyepazar.com\/index.php?rest_route=%2Fwp%2Fv2%2Fproduct_brand&post=117711"},{"taxonomy":"product_cat","embeddable":true,"href":"https:\/\/www.hediyepazar.com\/index.php?rest_route=%2Fwp%2Fv2%2Fproduct_cat&post=117711"},{"taxonomy":"product_tag","embeddable":true,"href":"https:\/\/www.hediyepazar.com\/index.php?rest_route=%2Fwp%2Fv2%2Fproduct_tag&post=117711"}],"curies":[{"name":"wp","href":"https:\/\/api.w.org\/{rel}","templated":true}]}}