{"id":117725,"date":"2026-05-05T20:32:43","date_gmt":"2026-05-05T23:32:43","guid":{"rendered":"https:\/\/www.hediyepazar.com\/?product=tasinabilir-cok-fonksiyonlu-projeksiyon-oyun-sunum-netflix-ve-egitim-icin"},"modified":"2026-05-05T20:32:43","modified_gmt":"2026-05-05T23:32:43","slug":"tasinabilir-cok-fonksiyonlu-projeksiyon-oyun-sunum-netflix-ve-egitim-icin","status":"publish","type":"product","link":"https:\/\/www.hediyepazar.com\/?product=tasinabilir-cok-fonksiyonlu-projeksiyon-oyun-sunum-netflix-ve-egitim-icin","title":{"rendered":"Ta\u015f\u0131nabilir \u00c7ok Fonksiyonlu Projeksiyon \u2013 Oyun Sunum Netflix ve E\u011fitim \u0130\u00e7in"},"content":{"rendered":"<p>Bu projeksiyon cihaz\u0131; 4K \u00e7\u00f6z\u00fcn\u00fcrl\u00fckte net, keskin ve canl\u0131 g\u00f6r\u00fcnt\u00fcler, Wi\u2011Fi 6 gecikmesiz ak\u0131\u015f, Bluetooth 5.0 kablosuz ses deste\u011fi ve 10.000+ oyun \/ 4.000+ uygulama deste\u011fi \u00f6zelliklerini tek \u00e7at\u0131 alt\u0131nda toplar. HDMI, USB ve AUX portlar\u0131 bilgisayar, konsol veya medya cihazlar\u0131yla do\u011frudan ba\u011flant\u0131 imk\u00e2n\u0131 sa\u011flar. Ayr\u0131ca ekran yans\u0131tma \u00f6zelli\u011fi, i\u00e7eriklerinizi mobil cihazlardan kablosuz olarak payla\u015fabilmenize yard\u0131mc\u0131 olur.\u00c7ift kollu montaj ayarlar\u0131yla hem masa hem duvar kullan\u0131m\u0131 hem de tavan yans\u0131tma m\u00fcmk\u00fcn hale gelir. Hafif, kompakt ve ta\u015f\u0131nmas\u0131 kolay bu cihaz, ister evde, ister ofiste, ister seyahatte yan\u0131n\u0131zdad\u0131r. \u0130ster film izleyin, ister sunum yap\u0131n, ister oyun oynay\u0131n \u2013 bu projeksiyon cihaz\u0131 her ba\u011flamda tam performans sa\u011flar.&nbsp;<\/p>\n","protected":false},"excerpt":{"rendered":"<p>Bu projeksiyon cihaz\u0131; 4K \u00e7\u00f6z\u00fcn\u00fcrl\u00fckte net, keskin ve canl\u0131 g\u00f6r\u00fcnt\u00fcler, Wi\u2011Fi 6 gecikmesiz ak\u0131\u015f, Bluetooth 5.0 kablosuz ses deste\u011fi ve 10.000+ oyun \/ 4.000+ uygulama deste\u011fi \u00f6zelliklerini tek \u00e7at\u0131 alt\u0131nda toplar. HDMI, USB ve AUX portlar\u0131 bilgisayar, konsol veya medya cihazlar\u0131yla do\u011frudan ba\u011flant\u0131 imk\u00e2n\u0131 sa\u011flar. Ayr\u0131ca ekran yans\u0131tma \u00f6zelli\u011fi, i\u00e7eriklerinizi mobil cihazlardan kablosuz olarak payla\u015fabilmenize&#8230;<\/p>\n","protected":false},"featured_media":117724,"comment_status":"open","ping_status":"closed","template":"","meta":{"_kad_post_transparent":"","_kad_post_title":"","_kad_post_layout":"","_kad_post_sidebar_id":"","_kad_post_content_style":"","_kad_post_vertical_padding":"","_kad_post_feature":"","_kad_post_feature_position":"","_kad_post_header":false,"_kad_post_footer":false,"_kad_post_classname":""},"product_brand":[],"product_cat":[14961],"product_tag":[],"class_list":{"0":"post-117725","1":"product","2":"type-product","3":"status-publish","4":"has-post-thumbnail","6":"product_cat-oyun-konsolu-oyun-konsolu","8":"first","9":"instock","10":"purchasable","11":"product-type-simple","12":"entry","13":"content-bg","14":"loop-entry"},"_links":{"self":[{"href":"https:\/\/www.hediyepazar.com\/index.php?rest_route=\/wp\/v2\/product\/117725","targetHints":{"allow":["GET"]}}],"collection":[{"href":"https:\/\/www.hediyepazar.com\/index.php?rest_route=\/wp\/v2\/product"}],"about":[{"href":"https:\/\/www.hediyepazar.com\/index.php?rest_route=\/wp\/v2\/types\/product"}],"replies":[{"embeddable":true,"href":"https:\/\/www.hediyepazar.com\/index.php?rest_route=%2Fwp%2Fv2%2Fcomments&post=117725"}],"wp:featuredmedia":[{"embeddable":true,"href":"https:\/\/www.hediyepazar.com\/index.php?rest_route=\/wp\/v2\/media\/117724"}],"wp:attachment":[{"href":"https:\/\/www.hediyepazar.com\/index.php?rest_route=%2Fwp%2Fv2%2Fmedia&parent=117725"}],"wp:term":[{"taxonomy":"product_brand","embeddable":true,"href":"https:\/\/www.hediyepazar.com\/index.php?rest_route=%2Fwp%2Fv2%2Fproduct_brand&post=117725"},{"taxonomy":"product_cat","embeddable":true,"href":"https:\/\/www.hediyepazar.com\/index.php?rest_route=%2Fwp%2Fv2%2Fproduct_cat&post=117725"},{"taxonomy":"product_tag","embeddable":true,"href":"https:\/\/www.hediyepazar.com\/index.php?rest_route=%2Fwp%2Fv2%2Fproduct_tag&post=117725"}],"curies":[{"name":"wp","href":"https:\/\/api.w.org\/{rel}","templated":true}]}}