{"id":117741,"date":"2026-05-05T20:34:37","date_gmt":"2026-05-05T23:34:37","guid":{"rendered":"https:\/\/www.hediyepazar.com\/?product=4k-hdmi-cikisli-gigabit-ethernetli-usb-c-coklu-port-hub"},"modified":"2026-05-05T20:34:37","modified_gmt":"2026-05-05T23:34:37","slug":"4k-hdmi-cikisli-gigabit-ethernetli-usb-c-coklu-port-hub","status":"publish","type":"product","link":"https:\/\/www.hediyepazar.com\/?product=4k-hdmi-cikisli-gigabit-ethernetli-usb-c-coklu-port-hub","title":{"rendered":"4K HDMI \u00c7\u0131k\u0131\u015fl\u0131 Gigabit Ethernet&#8217;li USB\u2011C \u00c7oklu Port Hub"},"content":{"rendered":"<p>Profesyonel kullan\u0131c\u0131lar i\u00e7in ideal olan bu 8\u2011in\u20111 d\u00f6n\u00fc\u015ft\u00fcr\u00fcc\u00fc, ofis, ev ofisi ya da e\u011fitim ortamlar\u0131na g\u00f6re tasarlanm\u0131\u015ft\u0131r. HDMI \u00e7\u0131k\u0131\u015f\u0131 sayesinde ekrana 4K @30Hz g\u00f6r\u00fcnt\u00fc g\u00f6nderebilir, sunum veya video d\u00fczenleme i\u015flerinizde ak\u0131c\u0131l\u0131k sa\u011flar. 2\u00d7 USB 3.0 portu ile harici depolama ara\u00e7lar\u0131na saniyede 5\u202fGbps h\u0131za eri\u015fim imk\u00e2n\u0131 sunar. SD kart okuyucu ile foto\u011fraf aktar\u0131m\u0131n\u0131 h\u0131zland\u0131r\u0131r. RJ45 portu ile kablolu a\u011f ba\u011flant\u0131s\u0131nda h\u0131z veya stabilite sorunlar\u0131n\u0131 ortadan kald\u0131r\u0131r. Type\u2011C PD portu sayesinde laptopunuzu ayn\u0131 anda \u015farj etmenizi sa\u011flar. Al\u00fcminyum eloksal g\u00f6vdesi hem \u015f\u0131k hem dayan\u0131kl\u0131 olup, etkin \u0131s\u0131 da\u011f\u0131l\u0131m\u0131yla uzun kullan\u0131m s\u00fcrelerinde bile \u0131s\u0131nma yapmaz.<\/p>\n","protected":false},"excerpt":{"rendered":"<p>Profesyonel kullan\u0131c\u0131lar i\u00e7in ideal olan bu 8\u2011in\u20111 d\u00f6n\u00fc\u015ft\u00fcr\u00fcc\u00fc, ofis, ev ofisi ya da e\u011fitim ortamlar\u0131na g\u00f6re tasarlanm\u0131\u015ft\u0131r. HDMI \u00e7\u0131k\u0131\u015f\u0131 sayesinde ekrana 4K @30Hz g\u00f6r\u00fcnt\u00fc g\u00f6nderebilir, sunum veya video d\u00fczenleme i\u015flerinizde ak\u0131c\u0131l\u0131k sa\u011flar. 2\u00d7 USB 3.0 portu ile harici depolama ara\u00e7lar\u0131na saniyede 5\u202fGbps h\u0131za eri\u015fim imk\u00e2n\u0131 sunar. SD kart okuyucu ile foto\u011fraf aktar\u0131m\u0131n\u0131 h\u0131zland\u0131r\u0131r. RJ45 portu&#8230;<\/p>\n","protected":false},"featured_media":117740,"comment_status":"open","ping_status":"closed","template":"","meta":{"_kad_post_transparent":"","_kad_post_title":"","_kad_post_layout":"","_kad_post_sidebar_id":"","_kad_post_content_style":"","_kad_post_vertical_padding":"","_kad_post_feature":"","_kad_post_feature_position":"","_kad_post_header":false,"_kad_post_footer":false,"_kad_post_classname":""},"product_brand":[],"product_cat":[14969],"product_tag":[],"class_list":{"0":"post-117741","1":"product","2":"type-product","3":"status-publish","4":"has-post-thumbnail","6":"product_cat-donusturuculer-donusturuculer","8":"first","9":"instock","10":"purchasable","11":"product-type-simple","12":"entry","13":"content-bg","14":"loop-entry"},"_links":{"self":[{"href":"https:\/\/www.hediyepazar.com\/index.php?rest_route=\/wp\/v2\/product\/117741","targetHints":{"allow":["GET"]}}],"collection":[{"href":"https:\/\/www.hediyepazar.com\/index.php?rest_route=\/wp\/v2\/product"}],"about":[{"href":"https:\/\/www.hediyepazar.com\/index.php?rest_route=\/wp\/v2\/types\/product"}],"replies":[{"embeddable":true,"href":"https:\/\/www.hediyepazar.com\/index.php?rest_route=%2Fwp%2Fv2%2Fcomments&post=117741"}],"wp:featuredmedia":[{"embeddable":true,"href":"https:\/\/www.hediyepazar.com\/index.php?rest_route=\/wp\/v2\/media\/117740"}],"wp:attachment":[{"href":"https:\/\/www.hediyepazar.com\/index.php?rest_route=%2Fwp%2Fv2%2Fmedia&parent=117741"}],"wp:term":[{"taxonomy":"product_brand","embeddable":true,"href":"https:\/\/www.hediyepazar.com\/index.php?rest_route=%2Fwp%2Fv2%2Fproduct_brand&post=117741"},{"taxonomy":"product_cat","embeddable":true,"href":"https:\/\/www.hediyepazar.com\/index.php?rest_route=%2Fwp%2Fv2%2Fproduct_cat&post=117741"},{"taxonomy":"product_tag","embeddable":true,"href":"https:\/\/www.hediyepazar.com\/index.php?rest_route=%2Fwp%2Fv2%2Fproduct_tag&post=117741"}],"curies":[{"name":"wp","href":"https:\/\/api.w.org\/{rel}","templated":true}]}}