{"id":117747,"date":"2026-05-05T20:35:04","date_gmt":"2026-05-05T23:35:04","guid":{"rendered":"https:\/\/www.hediyepazar.com\/?product=elektrikli-tiras-aleti-hassas-kesim-kolay-temizlik-cilt-dostu"},"modified":"2026-05-05T20:35:04","modified_gmt":"2026-05-05T23:35:04","slug":"elektrikli-tiras-aleti-hassas-kesim-kolay-temizlik-cilt-dostu","status":"publish","type":"product","link":"https:\/\/www.hediyepazar.com\/?product=elektrikli-tiras-aleti-hassas-kesim-kolay-temizlik-cilt-dostu","title":{"rendered":"Elektrikli T\u0131ra\u015f Aleti \u2013 Hassas Kesim Kolay Temizlik Cilt Dostu"},"content":{"rendered":"<p>Sadece 1,7\u202fcm inceli\u011findeki kart tarz\u0131 tasar\u0131m\u0131yla ta\u015f\u0131ma ve cazibe kazanan bu elektrikli t\u0131ra\u015f makinesi, ayn\u0131 zamanda y\u00fcksek performans sunar. G\u00f6vdeyi olu\u015fturan ABS plastik hem hafif hem dayan\u0131kl\u0131d\u0131r, elinize tam oturan g\u00f6vdesiyle uzun t\u0131ra\u015f seanslar\u0131nda bile konfor sa\u011flar. Cihaz\u0131n kalbinde yer alan iki-in-one kesici sistem, pistonlu ana ba\u015fl\u0131k ile uzun ve kal\u0131n sakallar\u0131 temizlerken; 0.3\u202fmm geni\u015f diyafram \u00f6rg\u00fcl\u00fc a\u011f ba\u015fl\u0131k k\u0131sa ve ince t\u00fcylerde hassas sonu\u00e7 verir. Kullan\u0131c\u0131 dostu yanak k\u0131rpma makas\u0131 ile birlikte gelerek kontur \u00e7izgilerinde netlik sa\u011flar.Tek \u015farjla 45 dakika \u00e7al\u0131\u015fma imk\u00e2n\u0131 tan\u0131yan 600\u202fmAh batarya, 5\u202fW g\u00fcc\u00fcnde sessiz ama g\u00fc\u00e7l\u00fc bir motor kazand\u0131r\u0131r. USB 5\u202fV\/1\u202fA \u015farj giri\u015fiyle entegre edilen cihaz, ofis ortam\u0131nda, powerbank ile ya da evde kolayca \u015farj olabilir. Standart 77\u202fcm g\u00fc\u00e7 kablosu ile gelirken, 8 saatlik \u015farj s\u00fcresi uzun vadeli kullan\u0131m sa\u011flar. Tam su ge\u00e7irmez b\u0131\u00e7ak ba\u015fl\u0131\u011f\u0131, basit temizlik sunar: ba\u015fl\u0131\u011f\u0131 \u00e7\u0131kar\u0131p akan su alt\u0131nda durulayarak ar\u0131nd\u0131rabilirsiniz.Ambalaj i\u00e7eri\u011finde: \tElektrikli t\u0131ra\u015f makinesi \tTemizleme f\u0131r\u00e7as\u0131 \tKoruyucu kesici ba\u015fl\u0131k k\u0131l\u0131f\u0131 \tUSB \u015farj kablosu \tKullan\u0131m k\u0131lavuzuG\u00fcvenli kesim teknolojisi sayesinde ciltte kesik, irritasyon ya da yan\u0131k riski minimumdur. Kart inceli\u011fiyle \u00e7antan\u0131zda veya c\u00fczdan\u0131n\u0131zda bile yer kaplamadan ta\u015f\u0131rs\u0131n\u0131z. T\u0131ra\u015f rit\u00fcelinize \u015f\u0131kl\u0131k, performans ve pratiklik kazand\u0131r\u0131r.&nbsp;<\/p>\n","protected":false},"excerpt":{"rendered":"<p>Sadece 1,7\u202fcm inceli\u011findeki kart tarz\u0131 tasar\u0131m\u0131yla ta\u015f\u0131ma ve cazibe kazanan bu elektrikli t\u0131ra\u015f makinesi, ayn\u0131 zamanda y\u00fcksek performans sunar. G\u00f6vdeyi olu\u015fturan ABS plastik hem hafif hem dayan\u0131kl\u0131d\u0131r, elinize tam oturan g\u00f6vdesiyle uzun t\u0131ra\u015f seanslar\u0131nda bile konfor sa\u011flar. Cihaz\u0131n kalbinde yer alan iki-in-one kesici sistem, pistonlu ana ba\u015fl\u0131k ile uzun ve kal\u0131n sakallar\u0131 temizlerken; 0.3\u202fmm geni\u015f&#8230;<\/p>\n","protected":false},"featured_media":117746,"comment_status":"open","ping_status":"closed","template":"","meta":{"_kad_post_transparent":"","_kad_post_title":"","_kad_post_layout":"","_kad_post_sidebar_id":"","_kad_post_content_style":"","_kad_post_vertical_padding":"","_kad_post_feature":"","_kad_post_feature_position":"","_kad_post_header":false,"_kad_post_footer":false,"_kad_post_classname":""},"product_brand":[],"product_cat":[14925],"product_tag":[],"class_list":{"0":"post-117747","1":"product","2":"type-product","3":"status-publish","4":"has-post-thumbnail","6":"product_cat-tiras-makinesi-tiras-makinesi","8":"first","9":"instock","10":"purchasable","11":"product-type-simple","12":"entry","13":"content-bg","14":"loop-entry"},"_links":{"self":[{"href":"https:\/\/www.hediyepazar.com\/index.php?rest_route=\/wp\/v2\/product\/117747","targetHints":{"allow":["GET"]}}],"collection":[{"href":"https:\/\/www.hediyepazar.com\/index.php?rest_route=\/wp\/v2\/product"}],"about":[{"href":"https:\/\/www.hediyepazar.com\/index.php?rest_route=\/wp\/v2\/types\/product"}],"replies":[{"embeddable":true,"href":"https:\/\/www.hediyepazar.com\/index.php?rest_route=%2Fwp%2Fv2%2Fcomments&post=117747"}],"wp:featuredmedia":[{"embeddable":true,"href":"https:\/\/www.hediyepazar.com\/index.php?rest_route=\/wp\/v2\/media\/117746"}],"wp:attachment":[{"href":"https:\/\/www.hediyepazar.com\/index.php?rest_route=%2Fwp%2Fv2%2Fmedia&parent=117747"}],"wp:term":[{"taxonomy":"product_brand","embeddable":true,"href":"https:\/\/www.hediyepazar.com\/index.php?rest_route=%2Fwp%2Fv2%2Fproduct_brand&post=117747"},{"taxonomy":"product_cat","embeddable":true,"href":"https:\/\/www.hediyepazar.com\/index.php?rest_route=%2Fwp%2Fv2%2Fproduct_cat&post=117747"},{"taxonomy":"product_tag","embeddable":true,"href":"https:\/\/www.hediyepazar.com\/index.php?rest_route=%2Fwp%2Fv2%2Fproduct_tag&post=117747"}],"curies":[{"name":"wp","href":"https:\/\/api.w.org\/{rel}","templated":true}]}}