{"id":117753,"date":"2026-05-05T20:35:18","date_gmt":"2026-05-05T23:35:18","guid":{"rendered":"https:\/\/www.hediyepazar.com\/?product=usb-sarjli-tras-makinesi-piston-ag-baslik-600-mah-batarya"},"modified":"2026-05-05T20:35:18","modified_gmt":"2026-05-05T23:35:18","slug":"usb-sarjli-tras-makinesi-piston-ag-baslik-600-mah-batarya","status":"publish","type":"product","link":"https:\/\/www.hediyepazar.com\/?product=usb-sarjli-tras-makinesi-piston-ag-baslik-600-mah-batarya","title":{"rendered":"USB \u015earjl\u0131 Tra\u015f Makinesi \u2013 Piston + A\u011f Ba\u015fl\u0131k 600\u202fmAh Batarya"},"content":{"rendered":"<p>Minimalist ve fonksiyonel tasar\u0131m\u0131yla \u00f6ne \u00e7\u0131kan bu elektrikli t\u0131ra\u015f makinesi, yaln\u0131zca 1.7 cm kal\u0131nl\u0131\u011f\u0131nda olmas\u0131yla kart tipi bir ta\u015f\u0131ma konforu sunar. Hafif ABS malzemeden \u00fcretilmi\u015f g\u00f6vdesi, hem estetik hem de dayan\u0131kl\u0131d\u0131r. Pistonlu kesici ba\u015fl\u0131k ile uzun sakallar\u0131 etkili \u015fekilde keserken; 0.3 mm geni\u015f diyafram \u00f6rg\u00fc ba\u015fl\u0131k sayesinde k\u0131sa t\u00fcyleri bile derinlemesine al\u0131r. Bu iki-in-one yap\u0131, g\u00fcnl\u00fck bak\u0131m\u0131n\u0131z\u0131 kusursuz hale getirir.Ayr\u0131ca cihaz, y\u00fczdeki zorlu b\u00f6lgelerde \u015fekillendirme yapmak i\u00e7in ideal olan \u00f6zel yanak k\u0131rpma makas\u0131 ile birlikte gelir. B\u0131\u00e7ak kafas\u0131n\u0131n su ge\u00e7irmez olmas\u0131, kullan\u0131m sonras\u0131 kolayca temizlenebilmesini sa\u011flar. Hijyenik kullan\u0131m a\u00e7\u0131s\u0131ndan b\u00fcy\u00fck avantajd\u0131r.G\u00fc\u00e7 anlam\u0131nda ise cihaz 5W\u2019l\u0131k motoru ile sessiz ve verimli bir performans sunar. 600 mAh kapasiteli lityum batarya, tam dolu halde yakla\u015f\u0131k 45 dakika kesintisiz \u00e7al\u0131\u015fma imk\u00e2n\u0131 verir. USB 5V\/1A \u015farj giri\u015fi sayesinde, bilgisayar, powerbank ya da herhangi bir USB adapt\u00f6rle cihaz\u0131n\u0131z\u0131 kolayca \u015farj edebilirsiniz. \u015earj s\u00fcresi ortalama 8 saattir.\u00dcr\u00fcnle birlikte g\u00f6nderilen paket i\u00e7eri\u011finde: \t1 adet elektrikli t\u0131ra\u015f makinesi \t1 adet temizleme f\u0131r\u00e7as\u0131 \t1 adet kesici k\u0131l\u0131f (golf sopas\u0131 tipi) \t1 adet \u015farj kablosu (77 cm uzunlu\u011funda) \t1 adet kullan\u0131c\u0131 k\u0131lavuzu bulunmaktad\u0131r.Ergonomik tutu\u015f sa\u011flayan tasar\u0131m\u0131 sayesinde uzun s\u00fcreli kullan\u0131mlarda bile el yorgunlu\u011fu yapmaz. G\u00fcvenli kesim teknolojisi ile cilt tahri\u015fini \u00f6nler, kesik veya batma yapmaz. Kompakt boyutu, seyahatlerde ve \u00e7antalarda kolayca ta\u015f\u0131nmas\u0131n\u0131 sa\u011flar. Hem kablosuz ta\u015f\u0131nabilirli\u011fi hem de kullan\u0131c\u0131 dostu detaylar\u0131yla g\u00fcnl\u00fck t\u0131ra\u015f rutininiz i\u00e7in m\u00fckemmel bir \u00e7\u00f6z\u00fcm sunar.<\/p>\n","protected":false},"excerpt":{"rendered":"<p>Minimalist ve fonksiyonel tasar\u0131m\u0131yla \u00f6ne \u00e7\u0131kan bu elektrikli t\u0131ra\u015f makinesi, yaln\u0131zca 1.7 cm kal\u0131nl\u0131\u011f\u0131nda olmas\u0131yla kart tipi bir ta\u015f\u0131ma konforu sunar. Hafif ABS malzemeden \u00fcretilmi\u015f g\u00f6vdesi, hem estetik hem de dayan\u0131kl\u0131d\u0131r. Pistonlu kesici ba\u015fl\u0131k ile uzun sakallar\u0131 etkili \u015fekilde keserken; 0.3 mm geni\u015f diyafram \u00f6rg\u00fc ba\u015fl\u0131k sayesinde k\u0131sa t\u00fcyleri bile derinlemesine al\u0131r. Bu iki-in-one yap\u0131,&#8230;<\/p>\n","protected":false},"featured_media":117752,"comment_status":"open","ping_status":"closed","template":"","meta":{"_kad_post_transparent":"","_kad_post_title":"","_kad_post_layout":"","_kad_post_sidebar_id":"","_kad_post_content_style":"","_kad_post_vertical_padding":"","_kad_post_feature":"","_kad_post_feature_position":"","_kad_post_header":false,"_kad_post_footer":false,"_kad_post_classname":""},"product_brand":[],"product_cat":[14925],"product_tag":[],"class_list":{"0":"post-117753","1":"product","2":"type-product","3":"status-publish","4":"has-post-thumbnail","6":"product_cat-tiras-makinesi-tiras-makinesi","8":"first","9":"instock","10":"purchasable","11":"product-type-simple","12":"entry","13":"content-bg","14":"loop-entry"},"_links":{"self":[{"href":"https:\/\/www.hediyepazar.com\/index.php?rest_route=\/wp\/v2\/product\/117753","targetHints":{"allow":["GET"]}}],"collection":[{"href":"https:\/\/www.hediyepazar.com\/index.php?rest_route=\/wp\/v2\/product"}],"about":[{"href":"https:\/\/www.hediyepazar.com\/index.php?rest_route=\/wp\/v2\/types\/product"}],"replies":[{"embeddable":true,"href":"https:\/\/www.hediyepazar.com\/index.php?rest_route=%2Fwp%2Fv2%2Fcomments&post=117753"}],"wp:featuredmedia":[{"embeddable":true,"href":"https:\/\/www.hediyepazar.com\/index.php?rest_route=\/wp\/v2\/media\/117752"}],"wp:attachment":[{"href":"https:\/\/www.hediyepazar.com\/index.php?rest_route=%2Fwp%2Fv2%2Fmedia&parent=117753"}],"wp:term":[{"taxonomy":"product_brand","embeddable":true,"href":"https:\/\/www.hediyepazar.com\/index.php?rest_route=%2Fwp%2Fv2%2Fproduct_brand&post=117753"},{"taxonomy":"product_cat","embeddable":true,"href":"https:\/\/www.hediyepazar.com\/index.php?rest_route=%2Fwp%2Fv2%2Fproduct_cat&post=117753"},{"taxonomy":"product_tag","embeddable":true,"href":"https:\/\/www.hediyepazar.com\/index.php?rest_route=%2Fwp%2Fv2%2Fproduct_tag&post=117753"}],"curies":[{"name":"wp","href":"https:\/\/api.w.org\/{rel}","templated":true}]}}