{"id":117765,"date":"2026-05-05T20:36:21","date_gmt":"2026-05-05T23:36:21","guid":{"rendered":"https:\/\/www.hediyepazar.com\/?product=banyo-mutfak-jant-ve-fayans-temizligi-icin-uygun-matkap-basligi"},"modified":"2026-05-05T20:36:21","modified_gmt":"2026-05-05T23:36:21","slug":"banyo-mutfak-jant-ve-fayans-temizligi-icin-uygun-matkap-basligi","status":"publish","type":"product","link":"https:\/\/www.hediyepazar.com\/?product=banyo-mutfak-jant-ve-fayans-temizligi-icin-uygun-matkap-basligi","title":{"rendered":"Banyo Mutfak Jant ve Fayans Temizli\u011fi \u0130\u00e7in Uygun Matkap Ba\u015fl\u0131\u011f\u0131"},"content":{"rendered":"<p>End\u00fcstriyel temizlik makinelerine gerek kalmadan, evde profesyonel temizlik yapmak art\u0131k m\u00fcmk\u00fcn. Bu matkap f\u0131r\u00e7as\u0131 ba\u015fl\u0131\u011f\u0131, klasik f\u0131r\u00e7alarla elde edilemeyen temizlik g\u00fcc\u00fcn\u00fc kullan\u0131c\u0131ya sunar. Lavabo, du\u015fakabin, mermer y\u00fczeyler, ara\u00e7 jantlar\u0131, yer karolar\u0131 gibi bir\u00e7ok alanda kullan\u0131labilir. Y\u00fczeye zarar vermeden etkili bir \u015fekilde temizlik sa\u011flar. Uzun s\u00fcreli kullan\u0131m i\u00e7in tasarlanm\u0131\u015f \u00f6zel k\u0131llar\u0131 sayesinde a\u015f\u0131nma ve kopma yapmaz. Ayn\u0131 zamanda, kimyasal temizleyicilerle de uyumlu oldu\u011fundan, temizli\u011fi destekleyen \u00fcr\u00fcnlerle birlikte kullan\u0131ld\u0131\u011f\u0131nda \u00e7ok daha etkili sonu\u00e7lar verir. Matkab\u0131n\u0131zla birlikte dakikalar i\u00e7inde temizli\u011fin kontrol\u00fcn\u00fc elinize alabilirsiniz.&nbsp;<\/p>\n","protected":false},"excerpt":{"rendered":"<p>End\u00fcstriyel temizlik makinelerine gerek kalmadan, evde profesyonel temizlik yapmak art\u0131k m\u00fcmk\u00fcn. Bu matkap f\u0131r\u00e7as\u0131 ba\u015fl\u0131\u011f\u0131, klasik f\u0131r\u00e7alarla elde edilemeyen temizlik g\u00fcc\u00fcn\u00fc kullan\u0131c\u0131ya sunar. Lavabo, du\u015fakabin, mermer y\u00fczeyler, ara\u00e7 jantlar\u0131, yer karolar\u0131 gibi bir\u00e7ok alanda kullan\u0131labilir. Y\u00fczeye zarar vermeden etkili bir \u015fekilde temizlik sa\u011flar. Uzun s\u00fcreli kullan\u0131m i\u00e7in tasarlanm\u0131\u015f \u00f6zel k\u0131llar\u0131 sayesinde a\u015f\u0131nma ve kopma yapmaz&#8230;.<\/p>\n","protected":false},"featured_media":117764,"comment_status":"open","ping_status":"closed","template":"","meta":{"_kad_post_transparent":"","_kad_post_title":"","_kad_post_layout":"","_kad_post_sidebar_id":"","_kad_post_content_style":"","_kad_post_vertical_padding":"","_kad_post_feature":"","_kad_post_feature_position":"","_kad_post_header":false,"_kad_post_footer":false,"_kad_post_classname":""},"product_brand":[],"product_cat":[15053],"product_tag":[],"class_list":{"0":"post-117765","1":"product","2":"type-product","3":"status-publish","4":"has-post-thumbnail","6":"product_cat-oto-bakim-seti-oto-bakim-seti-2","8":"first","9":"instock","10":"purchasable","11":"product-type-simple","12":"entry","13":"content-bg","14":"loop-entry"},"_links":{"self":[{"href":"https:\/\/www.hediyepazar.com\/index.php?rest_route=\/wp\/v2\/product\/117765","targetHints":{"allow":["GET"]}}],"collection":[{"href":"https:\/\/www.hediyepazar.com\/index.php?rest_route=\/wp\/v2\/product"}],"about":[{"href":"https:\/\/www.hediyepazar.com\/index.php?rest_route=\/wp\/v2\/types\/product"}],"replies":[{"embeddable":true,"href":"https:\/\/www.hediyepazar.com\/index.php?rest_route=%2Fwp%2Fv2%2Fcomments&post=117765"}],"wp:featuredmedia":[{"embeddable":true,"href":"https:\/\/www.hediyepazar.com\/index.php?rest_route=\/wp\/v2\/media\/117764"}],"wp:attachment":[{"href":"https:\/\/www.hediyepazar.com\/index.php?rest_route=%2Fwp%2Fv2%2Fmedia&parent=117765"}],"wp:term":[{"taxonomy":"product_brand","embeddable":true,"href":"https:\/\/www.hediyepazar.com\/index.php?rest_route=%2Fwp%2Fv2%2Fproduct_brand&post=117765"},{"taxonomy":"product_cat","embeddable":true,"href":"https:\/\/www.hediyepazar.com\/index.php?rest_route=%2Fwp%2Fv2%2Fproduct_cat&post=117765"},{"taxonomy":"product_tag","embeddable":true,"href":"https:\/\/www.hediyepazar.com\/index.php?rest_route=%2Fwp%2Fv2%2Fproduct_tag&post=117765"}],"curies":[{"name":"wp","href":"https:\/\/api.w.org\/{rel}","templated":true}]}}