{"id":117767,"date":"2026-05-05T20:36:58","date_gmt":"2026-05-05T23:36:58","guid":{"rendered":"https:\/\/www.hediyepazar.com\/?product=derinlemesine-temizlik-icin-dayanikli-killi-matkap-fircasi-basligi"},"modified":"2026-05-05T20:36:58","modified_gmt":"2026-05-05T23:36:58","slug":"derinlemesine-temizlik-icin-dayanikli-killi-matkap-fircasi-basligi","status":"publish","type":"product","link":"https:\/\/www.hediyepazar.com\/?product=derinlemesine-temizlik-icin-dayanikli-killi-matkap-fircasi-basligi","title":{"rendered":"Derinlemesine Temizlik \u0130\u00e7in Dayan\u0131kl\u0131 K\u0131ll\u0131 Matkap F\u0131r\u00e7as\u0131 Ba\u015fl\u0131\u011f\u0131"},"content":{"rendered":"<p>Art\u0131k klasik f\u0131r\u00e7alarla saatlerce ovmaya gerek yok. Bu matkap uyumlu temizlik f\u0131r\u00e7as\u0131, s\u0131radan bir matkab\u0131 y\u00fcksek verimli bir temizlik arac\u0131na d\u00f6n\u00fc\u015ft\u00fcr\u00fcyor. Kablolu ve ak\u00fcl\u00fc matkaplar\u0131n neredeyse tamam\u0131yla uyumlu olan ba\u015fl\u0131k, zorlu kir ve lekeleri minimum eforla temizlemenizi sa\u011flar. \u00d6zellikle fayans aralar\u0131, lavabo kenarlar\u0131, banyo k\u00fcvetleri, ocak \u00e7evresi ve derz gibi temizli\u011fi zor alanlarda g\u00fc\u00e7l\u00fc sonu\u00e7lar sunar. Matkab\u0131n d\u00f6nme g\u00fcc\u00fc sayesinde f\u0131r\u00e7alama i\u015flemi \u00e7ok daha h\u0131zl\u0131 ve etkili hale gelir. Temizlik s\u00fcresini k\u0131salt\u0131rken, elde edilen sonu\u00e7 \u00e7ok daha hijyenik ve profesyoneldir. Ayr\u0131ca \u00fcr\u00fcn, sert ama y\u00fczey dostu naylon k\u0131llardan \u00fcretildi\u011fi i\u00e7in, zeminlere zarar vermez. Dayan\u0131kl\u0131 yap\u0131s\u0131 sayesinde uzun \u00f6m\u00fcrl\u00fc kullan\u0131m sunar.&nbsp;<\/p>\n","protected":false},"excerpt":{"rendered":"<p>Art\u0131k klasik f\u0131r\u00e7alarla saatlerce ovmaya gerek yok. Bu matkap uyumlu temizlik f\u0131r\u00e7as\u0131, s\u0131radan bir matkab\u0131 y\u00fcksek verimli bir temizlik arac\u0131na d\u00f6n\u00fc\u015ft\u00fcr\u00fcyor. Kablolu ve ak\u00fcl\u00fc matkaplar\u0131n neredeyse tamam\u0131yla uyumlu olan ba\u015fl\u0131k, zorlu kir ve lekeleri minimum eforla temizlemenizi sa\u011flar. \u00d6zellikle fayans aralar\u0131, lavabo kenarlar\u0131, banyo k\u00fcvetleri, ocak \u00e7evresi ve derz gibi temizli\u011fi zor alanlarda g\u00fc\u00e7l\u00fc sonu\u00e7lar&#8230;<\/p>\n","protected":false},"featured_media":117766,"comment_status":"open","ping_status":"closed","template":"","meta":{"_kad_post_transparent":"","_kad_post_title":"","_kad_post_layout":"","_kad_post_sidebar_id":"","_kad_post_content_style":"","_kad_post_vertical_padding":"","_kad_post_feature":"","_kad_post_feature_position":"","_kad_post_header":false,"_kad_post_footer":false,"_kad_post_classname":""},"product_brand":[],"product_cat":[15053],"product_tag":[],"class_list":{"0":"post-117767","1":"product","2":"type-product","3":"status-publish","4":"has-post-thumbnail","6":"product_cat-oto-bakim-seti-oto-bakim-seti-2","8":"first","9":"instock","10":"purchasable","11":"product-type-simple","12":"entry","13":"content-bg","14":"loop-entry"},"_links":{"self":[{"href":"https:\/\/www.hediyepazar.com\/index.php?rest_route=\/wp\/v2\/product\/117767","targetHints":{"allow":["GET"]}}],"collection":[{"href":"https:\/\/www.hediyepazar.com\/index.php?rest_route=\/wp\/v2\/product"}],"about":[{"href":"https:\/\/www.hediyepazar.com\/index.php?rest_route=\/wp\/v2\/types\/product"}],"replies":[{"embeddable":true,"href":"https:\/\/www.hediyepazar.com\/index.php?rest_route=%2Fwp%2Fv2%2Fcomments&post=117767"}],"wp:featuredmedia":[{"embeddable":true,"href":"https:\/\/www.hediyepazar.com\/index.php?rest_route=\/wp\/v2\/media\/117766"}],"wp:attachment":[{"href":"https:\/\/www.hediyepazar.com\/index.php?rest_route=%2Fwp%2Fv2%2Fmedia&parent=117767"}],"wp:term":[{"taxonomy":"product_brand","embeddable":true,"href":"https:\/\/www.hediyepazar.com\/index.php?rest_route=%2Fwp%2Fv2%2Fproduct_brand&post=117767"},{"taxonomy":"product_cat","embeddable":true,"href":"https:\/\/www.hediyepazar.com\/index.php?rest_route=%2Fwp%2Fv2%2Fproduct_cat&post=117767"},{"taxonomy":"product_tag","embeddable":true,"href":"https:\/\/www.hediyepazar.com\/index.php?rest_route=%2Fwp%2Fv2%2Fproduct_tag&post=117767"}],"curies":[{"name":"wp","href":"https:\/\/api.w.org\/{rel}","templated":true}]}}