{"id":117769,"date":"2026-05-05T20:37:03","date_gmt":"2026-05-05T23:37:03","guid":{"rendered":"https:\/\/www.hediyepazar.com\/?product=matkap-uyumlu-temizlik-fircasi-kablolu-ve-akulu-matkaplarla-kullanilabilir"},"modified":"2026-05-05T20:37:03","modified_gmt":"2026-05-05T23:37:03","slug":"matkap-uyumlu-temizlik-fircasi-kablolu-ve-akulu-matkaplarla-kullanilabilir","status":"publish","type":"product","link":"https:\/\/www.hediyepazar.com\/?product=matkap-uyumlu-temizlik-fircasi-kablolu-ve-akulu-matkaplarla-kullanilabilir","title":{"rendered":"Matkap Uyumlu Temizlik F\u0131r\u00e7as\u0131 \u2013 Kablolu ve Ak\u00fcl\u00fc Matkaplarla Kullan\u0131labilir"},"content":{"rendered":"<p>Temizlikte zaman ve emek tasarrufu sa\u011flamak isteyenler i\u00e7in ideal bir \u00e7\u00f6z\u00fcm olan matkap f\u0131r\u00e7as\u0131, hem kablolu hem de ak\u00fcl\u00fc t\u00fcm matkap modelleriyle uyumludur. Matkab\u0131n\u0131z\u0131n g\u00fc\u00e7l\u00fc d\u00f6nme hareketini, bu dayan\u0131kl\u0131 f\u0131r\u00e7an\u0131n k\u0131llar\u0131 ile birle\u015ftirerek, kir ve lekelerle zahmetsizce sava\u015fabilirsiniz. \u00d6zellikle f\u0131r\u00e7a ile elle yap\u0131lan temizliklerde ula\u015f\u0131lmas\u0131 g\u00fc\u00e7 olan dar alanlarda ve zor lekelerde b\u00fcy\u00fck avantaj sa\u011flar. Banyo fayanslar\u0131n\u0131zdan araban\u0131z\u0131n jantlar\u0131na kadar her y\u00fczeyde derinlemesine temizlik imkan\u0131 sunar. Bu sayede ev temizli\u011finde profesyonel sonu\u00e7lar elde ederken zamandan da tasarruf etmi\u015f olursunuz.&nbsp;<\/p>\n","protected":false},"excerpt":{"rendered":"<p>Temizlikte zaman ve emek tasarrufu sa\u011flamak isteyenler i\u00e7in ideal bir \u00e7\u00f6z\u00fcm olan matkap f\u0131r\u00e7as\u0131, hem kablolu hem de ak\u00fcl\u00fc t\u00fcm matkap modelleriyle uyumludur. Matkab\u0131n\u0131z\u0131n g\u00fc\u00e7l\u00fc d\u00f6nme hareketini, bu dayan\u0131kl\u0131 f\u0131r\u00e7an\u0131n k\u0131llar\u0131 ile birle\u015ftirerek, kir ve lekelerle zahmetsizce sava\u015fabilirsiniz. \u00d6zellikle f\u0131r\u00e7a ile elle yap\u0131lan temizliklerde ula\u015f\u0131lmas\u0131 g\u00fc\u00e7 olan dar alanlarda ve zor lekelerde b\u00fcy\u00fck avantaj sa\u011flar&#8230;.<\/p>\n","protected":false},"featured_media":117768,"comment_status":"open","ping_status":"closed","template":"","meta":{"_kad_post_transparent":"","_kad_post_title":"","_kad_post_layout":"","_kad_post_sidebar_id":"","_kad_post_content_style":"","_kad_post_vertical_padding":"","_kad_post_feature":"","_kad_post_feature_position":"","_kad_post_header":false,"_kad_post_footer":false,"_kad_post_classname":""},"product_brand":[],"product_cat":[15053],"product_tag":[],"class_list":{"0":"post-117769","1":"product","2":"type-product","3":"status-publish","4":"has-post-thumbnail","6":"product_cat-oto-bakim-seti-oto-bakim-seti-2","8":"first","9":"instock","10":"purchasable","11":"product-type-simple","12":"entry","13":"content-bg","14":"loop-entry"},"_links":{"self":[{"href":"https:\/\/www.hediyepazar.com\/index.php?rest_route=\/wp\/v2\/product\/117769","targetHints":{"allow":["GET"]}}],"collection":[{"href":"https:\/\/www.hediyepazar.com\/index.php?rest_route=\/wp\/v2\/product"}],"about":[{"href":"https:\/\/www.hediyepazar.com\/index.php?rest_route=\/wp\/v2\/types\/product"}],"replies":[{"embeddable":true,"href":"https:\/\/www.hediyepazar.com\/index.php?rest_route=%2Fwp%2Fv2%2Fcomments&post=117769"}],"wp:featuredmedia":[{"embeddable":true,"href":"https:\/\/www.hediyepazar.com\/index.php?rest_route=\/wp\/v2\/media\/117768"}],"wp:attachment":[{"href":"https:\/\/www.hediyepazar.com\/index.php?rest_route=%2Fwp%2Fv2%2Fmedia&parent=117769"}],"wp:term":[{"taxonomy":"product_brand","embeddable":true,"href":"https:\/\/www.hediyepazar.com\/index.php?rest_route=%2Fwp%2Fv2%2Fproduct_brand&post=117769"},{"taxonomy":"product_cat","embeddable":true,"href":"https:\/\/www.hediyepazar.com\/index.php?rest_route=%2Fwp%2Fv2%2Fproduct_cat&post=117769"},{"taxonomy":"product_tag","embeddable":true,"href":"https:\/\/www.hediyepazar.com\/index.php?rest_route=%2Fwp%2Fv2%2Fproduct_tag&post=117769"}],"curies":[{"name":"wp","href":"https:\/\/api.w.org\/{rel}","templated":true}]}}