{"id":117775,"date":"2026-05-05T20:37:13","date_gmt":"2026-05-05T23:37:13","guid":{"rendered":"https:\/\/www.hediyepazar.com\/?product=pratik-on-cam-gunesligi-genis-kapsama-alani-kolay-saklama"},"modified":"2026-05-05T20:37:13","modified_gmt":"2026-05-05T23:37:13","slug":"pratik-on-cam-gunesligi-genis-kapsama-alani-kolay-saklama","status":"publish","type":"product","link":"https:\/\/www.hediyepazar.com\/?product=pratik-on-cam-gunesligi-genis-kapsama-alani-kolay-saklama","title":{"rendered":"Pratik \u00d6n Cam G\u00fcne\u015fli\u011fi \u2013 Geni\u015f Kapsama Alan\u0131 Kolay Saklama"},"content":{"rendered":"<p>G\u00fcne\u015fli g\u00fcnlerde arac\u0131n\u0131z\u0131n i\u00e7ini koruman\u0131n en \u015f\u0131k ve etkili yolu! Bu \u00f6n cam g\u00fcne\u015fli\u011fi, \u00f6zel kuma\u015f\u0131 ve cam elyaf destekli yap\u0131s\u0131yla y\u00fcksek \u0131s\u0131ya, UV \u0131\u015f\u0131nlar\u0131na ve d\u0131\u015f etkilere kar\u015f\u0131 m\u00fckemmel koruma sa\u011flar. Ara\u00e7 cam\u0131na tam oturan tasar\u0131m\u0131 sayesinde bo\u015fluk b\u0131rakmaz, etkili bir g\u00f6lgelik olu\u015fturur.Geleneksel katlanan g\u00fcne\u015fliklere g\u00f6re \u00e7ok daha h\u0131zl\u0131 a\u00e7\u0131l\u0131r ve kapan\u0131r. Herhangi bir kuruluma gerek yoktur; saniyeler i\u00e7inde cam\u0131 tamamen \u00f6rter. Dayan\u0131kl\u0131 yap\u0131s\u0131 sayesinde y\u0131llarca ilk g\u00fcnk\u00fc formunu korur.\u00d6zellikle \u015fehir i\u00e7i k\u0131sa mesafeli parklar ve uzun s\u00fcreli g\u00fcne\u015fe maruz kal\u0131nan yolculuklar i\u00e7in idealdir. Kullan\u0131m sonras\u0131 kompakt hale gelerek kolayca saklan\u0131r, bagajda veya koltuk alt\u0131nda yer kaplamaz.<\/p>\n","protected":false},"excerpt":{"rendered":"<p>G\u00fcne\u015fli g\u00fcnlerde arac\u0131n\u0131z\u0131n i\u00e7ini koruman\u0131n en \u015f\u0131k ve etkili yolu! Bu \u00f6n cam g\u00fcne\u015fli\u011fi, \u00f6zel kuma\u015f\u0131 ve cam elyaf destekli yap\u0131s\u0131yla y\u00fcksek \u0131s\u0131ya, UV \u0131\u015f\u0131nlar\u0131na ve d\u0131\u015f etkilere kar\u015f\u0131 m\u00fckemmel koruma sa\u011flar. Ara\u00e7 cam\u0131na tam oturan tasar\u0131m\u0131 sayesinde bo\u015fluk b\u0131rakmaz, etkili bir g\u00f6lgelik olu\u015fturur.Geleneksel katlanan g\u00fcne\u015fliklere g\u00f6re \u00e7ok daha h\u0131zl\u0131 a\u00e7\u0131l\u0131r ve kapan\u0131r. Herhangi bir&#8230;<\/p>\n","protected":false},"featured_media":117774,"comment_status":"open","ping_status":"closed","template":"","meta":{"_kad_post_transparent":"","_kad_post_title":"","_kad_post_layout":"","_kad_post_sidebar_id":"","_kad_post_content_style":"","_kad_post_vertical_padding":"","_kad_post_feature":"","_kad_post_feature_position":"","_kad_post_header":false,"_kad_post_footer":false,"_kad_post_classname":""},"product_brand":[],"product_cat":[14921],"product_tag":[],"class_list":{"0":"post-117775","1":"product","2":"type-product","3":"status-publish","4":"has-post-thumbnail","6":"product_cat-oto-guneslik-perde-oto-guneslik-perde-2","8":"first","9":"instock","10":"purchasable","11":"product-type-simple","12":"entry","13":"content-bg","14":"loop-entry"},"_links":{"self":[{"href":"https:\/\/www.hediyepazar.com\/index.php?rest_route=\/wp\/v2\/product\/117775","targetHints":{"allow":["GET"]}}],"collection":[{"href":"https:\/\/www.hediyepazar.com\/index.php?rest_route=\/wp\/v2\/product"}],"about":[{"href":"https:\/\/www.hediyepazar.com\/index.php?rest_route=\/wp\/v2\/types\/product"}],"replies":[{"embeddable":true,"href":"https:\/\/www.hediyepazar.com\/index.php?rest_route=%2Fwp%2Fv2%2Fcomments&post=117775"}],"wp:featuredmedia":[{"embeddable":true,"href":"https:\/\/www.hediyepazar.com\/index.php?rest_route=\/wp\/v2\/media\/117774"}],"wp:attachment":[{"href":"https:\/\/www.hediyepazar.com\/index.php?rest_route=%2Fwp%2Fv2%2Fmedia&parent=117775"}],"wp:term":[{"taxonomy":"product_brand","embeddable":true,"href":"https:\/\/www.hediyepazar.com\/index.php?rest_route=%2Fwp%2Fv2%2Fproduct_brand&post=117775"},{"taxonomy":"product_cat","embeddable":true,"href":"https:\/\/www.hediyepazar.com\/index.php?rest_route=%2Fwp%2Fv2%2Fproduct_cat&post=117775"},{"taxonomy":"product_tag","embeddable":true,"href":"https:\/\/www.hediyepazar.com\/index.php?rest_route=%2Fwp%2Fv2%2Fproduct_tag&post=117775"}],"curies":[{"name":"wp","href":"https:\/\/api.w.org\/{rel}","templated":true}]}}