{"id":117777,"date":"2026-05-05T20:37:16","date_gmt":"2026-05-05T23:37:16","guid":{"rendered":"https:\/\/www.hediyepazar.com\/?product=yuksek-kaliteli-cam-elyaf-iskeletli-araba-semsiyesi-tum-araclara-uygun"},"modified":"2026-05-05T20:37:16","modified_gmt":"2026-05-05T23:37:16","slug":"yuksek-kaliteli-cam-elyaf-iskeletli-araba-semsiyesi-tum-araclara-uygun","status":"publish","type":"product","link":"https:\/\/www.hediyepazar.com\/?product=yuksek-kaliteli-cam-elyaf-iskeletli-araba-semsiyesi-tum-araclara-uygun","title":{"rendered":"Y\u00fcksek Kaliteli Cam Elyaf \u0130skeletli Araba \u015eemsiyesi \u2013 T\u00fcm Ara\u00e7lara Uygun"},"content":{"rendered":"<p>Arac\u0131n\u0131za bindi\u011finizde kar\u015f\u0131la\u015ft\u0131\u011f\u0131n\u0131z bunalt\u0131c\u0131 s\u0131cakl\u0131\u011fa elveda deyin! Bu geli\u015fmi\u015f \u00f6n cam g\u00fcne\u015fli\u011fi, \u00f6zel kaplamal\u0131 kuma\u015f\u0131 sayesinde arac\u0131n i\u00e7ine giren \u0131s\u0131y\u0131 b\u00fcy\u00fck oranda engeller. G\u00fcne\u015flik yaln\u0131zca serinlik sunmakla kalmaz, ayn\u0131 zamanda ara\u00e7 i\u00e7i plastik ve deri aksamlar\u0131n \u00f6mr\u00fcn\u00fc uzat\u0131r.Kolayca \u00e7ekilerek a\u00e7\u0131lan ve toplanan tasar\u0131m\u0131 sayesinde, zamandan tasarruf eder ve kullan\u0131c\u0131 dostu deneyim sunar. Kullanmad\u0131\u011f\u0131n\u0131zda katlayarak k\u00fc\u00e7\u00fck bir alana koyabilirsiniz. Sa\u011flam cam elyaf iskelet, g\u00fcne\u015fli\u011fin uzun s\u00fcreli kullan\u0131m\u0131na olanak tan\u0131r.Farkl\u0131 ara\u00e7 boyutlar\u0131na uygun k\u00fc\u00e7\u00fck ve b\u00fcy\u00fck \u00f6l\u00e7\u00fc se\u00e7enekleriyle sat\u0131\u015fa sunulur. UV \u0131\u015f\u0131nlar\u0131na kar\u015f\u0131 g\u00fc\u00e7l\u00fc koruma sa\u011flar, b\u00f6ylece sadece siz de\u011fil, \u00e7ocuklar\u0131n\u0131z ve evcil hayvanlar\u0131n\u0131z da daha g\u00fcvenli bir s\u00fcr\u00fc\u015f deneyimi ya\u015far.<\/p>\n","protected":false},"excerpt":{"rendered":"<p>Arac\u0131n\u0131za bindi\u011finizde kar\u015f\u0131la\u015ft\u0131\u011f\u0131n\u0131z bunalt\u0131c\u0131 s\u0131cakl\u0131\u011fa elveda deyin! Bu geli\u015fmi\u015f \u00f6n cam g\u00fcne\u015fli\u011fi, \u00f6zel kaplamal\u0131 kuma\u015f\u0131 sayesinde arac\u0131n i\u00e7ine giren \u0131s\u0131y\u0131 b\u00fcy\u00fck oranda engeller. G\u00fcne\u015flik yaln\u0131zca serinlik sunmakla kalmaz, ayn\u0131 zamanda ara\u00e7 i\u00e7i plastik ve deri aksamlar\u0131n \u00f6mr\u00fcn\u00fc uzat\u0131r.Kolayca \u00e7ekilerek a\u00e7\u0131lan ve toplanan tasar\u0131m\u0131 sayesinde, zamandan tasarruf eder ve kullan\u0131c\u0131 dostu deneyim sunar. Kullanmad\u0131\u011f\u0131n\u0131zda katlayarak k\u00fc\u00e7\u00fck&#8230;<\/p>\n","protected":false},"featured_media":117776,"comment_status":"open","ping_status":"closed","template":"","meta":{"_kad_post_transparent":"","_kad_post_title":"","_kad_post_layout":"","_kad_post_sidebar_id":"","_kad_post_content_style":"","_kad_post_vertical_padding":"","_kad_post_feature":"","_kad_post_feature_position":"","_kad_post_header":false,"_kad_post_footer":false,"_kad_post_classname":""},"product_brand":[],"product_cat":[14921],"product_tag":[],"class_list":{"0":"post-117777","1":"product","2":"type-product","3":"status-publish","4":"has-post-thumbnail","6":"product_cat-oto-guneslik-perde-oto-guneslik-perde-2","8":"first","9":"instock","10":"purchasable","11":"product-type-simple","12":"entry","13":"content-bg","14":"loop-entry"},"_links":{"self":[{"href":"https:\/\/www.hediyepazar.com\/index.php?rest_route=\/wp\/v2\/product\/117777","targetHints":{"allow":["GET"]}}],"collection":[{"href":"https:\/\/www.hediyepazar.com\/index.php?rest_route=\/wp\/v2\/product"}],"about":[{"href":"https:\/\/www.hediyepazar.com\/index.php?rest_route=\/wp\/v2\/types\/product"}],"replies":[{"embeddable":true,"href":"https:\/\/www.hediyepazar.com\/index.php?rest_route=%2Fwp%2Fv2%2Fcomments&post=117777"}],"wp:featuredmedia":[{"embeddable":true,"href":"https:\/\/www.hediyepazar.com\/index.php?rest_route=\/wp\/v2\/media\/117776"}],"wp:attachment":[{"href":"https:\/\/www.hediyepazar.com\/index.php?rest_route=%2Fwp%2Fv2%2Fmedia&parent=117777"}],"wp:term":[{"taxonomy":"product_brand","embeddable":true,"href":"https:\/\/www.hediyepazar.com\/index.php?rest_route=%2Fwp%2Fv2%2Fproduct_brand&post=117777"},{"taxonomy":"product_cat","embeddable":true,"href":"https:\/\/www.hediyepazar.com\/index.php?rest_route=%2Fwp%2Fv2%2Fproduct_cat&post=117777"},{"taxonomy":"product_tag","embeddable":true,"href":"https:\/\/www.hediyepazar.com\/index.php?rest_route=%2Fwp%2Fv2%2Fproduct_tag&post=117777"}],"curies":[{"name":"wp","href":"https:\/\/api.w.org\/{rel}","templated":true}]}}