{"id":117786,"date":"2026-05-05T20:40:12","date_gmt":"2026-05-05T23:40:12","guid":{"rendered":"https:\/\/www.hediyepazar.com\/?product=usb-sarjli-alevsiz-elektronik-cakmak-ruzgara-dayanikli-gazsiz-guvenli-kullanim"},"modified":"2026-05-05T20:40:12","modified_gmt":"2026-05-05T23:40:12","slug":"usb-sarjli-alevsiz-elektronik-cakmak-ruzgara-dayanikli-gazsiz-guvenli-kullanim","status":"publish","type":"product","link":"https:\/\/www.hediyepazar.com\/?product=usb-sarjli-alevsiz-elektronik-cakmak-ruzgara-dayanikli-gazsiz-guvenli-kullanim","title":{"rendered":"USB \u015earjl\u0131 Alevsiz Elektronik \u00c7akmak \u2013 R\u00fczgara Dayan\u0131kl\u0131 Gazs\u0131z G\u00fcvenli Kullan\u0131m"},"content":{"rendered":"<p>Elektrikli \u00e7akmak, klasik gazl\u0131 modellerin yerini alan, hem g\u00fcvenli hem de modern teknolojiyle \u00fcretilmi\u015f bir \u00fcr\u00fcnd\u00fcr. Alevsiz plazma teknolojisi ile \u00e7al\u0131\u015fan bu \u00e7akmak, \u00f6zellikle r\u00fczgarl\u0131 hava ko\u015fullar\u0131nda bile sorunsuz \u015fekilde yanar. Bu da onu do\u011fa y\u00fcr\u00fcy\u00fc\u015flerinden kamp alanlar\u0131na kadar pek \u00e7ok ortamda g\u00fcvenle kullan\u0131labilir hale getirir.\u00dcr\u00fcn, USB ile \u015farj edilebilir olup, tamamen gazs\u0131z ve \u00e7evre dostu bir alternatiftir. Tek \u015farjla 80-100 aras\u0131 kullan\u0131m sa\u011flayabilir. Klasik \u00e7akmaklar\u0131n neden oldu\u011fu gaz s\u0131z\u0131nt\u0131s\u0131, alev kontrol zorlu\u011fu ve g\u00fcvenlik riski bu modelde yoktur. Hem cebinizde hem \u00e7antan\u0131zda rahatl\u0131kla ta\u015f\u0131nabilir, \u015f\u0131k tasar\u0131m\u0131yla da kullan\u0131c\u0131ya prestij kazand\u0131r\u0131r.<\/p>\n","protected":false},"excerpt":{"rendered":"<p>Elektrikli \u00e7akmak, klasik gazl\u0131 modellerin yerini alan, hem g\u00fcvenli hem de modern teknolojiyle \u00fcretilmi\u015f bir \u00fcr\u00fcnd\u00fcr. Alevsiz plazma teknolojisi ile \u00e7al\u0131\u015fan bu \u00e7akmak, \u00f6zellikle r\u00fczgarl\u0131 hava ko\u015fullar\u0131nda bile sorunsuz \u015fekilde yanar. Bu da onu do\u011fa y\u00fcr\u00fcy\u00fc\u015flerinden kamp alanlar\u0131na kadar pek \u00e7ok ortamda g\u00fcvenle kullan\u0131labilir hale getirir.\u00dcr\u00fcn, USB ile \u015farj edilebilir olup, tamamen gazs\u0131z ve \u00e7evre&#8230;<\/p>\n","protected":false},"featured_media":117785,"comment_status":"open","ping_status":"closed","template":"","meta":{"_kad_post_transparent":"","_kad_post_title":"","_kad_post_layout":"","_kad_post_sidebar_id":"","_kad_post_content_style":"","_kad_post_vertical_padding":"","_kad_post_feature":"","_kad_post_feature_position":"","_kad_post_header":false,"_kad_post_footer":false,"_kad_post_classname":""},"product_brand":[],"product_cat":[15046],"product_tag":[],"class_list":{"0":"post-117786","1":"product","2":"type-product","3":"status-publish","4":"has-post-thumbnail","6":"product_cat-elektronik-cakmak-elektronik-cakmak","8":"first","9":"instock","10":"purchasable","11":"product-type-simple","12":"entry","13":"content-bg","14":"loop-entry"},"_links":{"self":[{"href":"https:\/\/www.hediyepazar.com\/index.php?rest_route=\/wp\/v2\/product\/117786","targetHints":{"allow":["GET"]}}],"collection":[{"href":"https:\/\/www.hediyepazar.com\/index.php?rest_route=\/wp\/v2\/product"}],"about":[{"href":"https:\/\/www.hediyepazar.com\/index.php?rest_route=\/wp\/v2\/types\/product"}],"replies":[{"embeddable":true,"href":"https:\/\/www.hediyepazar.com\/index.php?rest_route=%2Fwp%2Fv2%2Fcomments&post=117786"}],"wp:featuredmedia":[{"embeddable":true,"href":"https:\/\/www.hediyepazar.com\/index.php?rest_route=\/wp\/v2\/media\/117785"}],"wp:attachment":[{"href":"https:\/\/www.hediyepazar.com\/index.php?rest_route=%2Fwp%2Fv2%2Fmedia&parent=117786"}],"wp:term":[{"taxonomy":"product_brand","embeddable":true,"href":"https:\/\/www.hediyepazar.com\/index.php?rest_route=%2Fwp%2Fv2%2Fproduct_brand&post=117786"},{"taxonomy":"product_cat","embeddable":true,"href":"https:\/\/www.hediyepazar.com\/index.php?rest_route=%2Fwp%2Fv2%2Fproduct_cat&post=117786"},{"taxonomy":"product_tag","embeddable":true,"href":"https:\/\/www.hediyepazar.com\/index.php?rest_route=%2Fwp%2Fv2%2Fproduct_tag&post=117786"}],"curies":[{"name":"wp","href":"https:\/\/api.w.org\/{rel}","templated":true}]}}