{"id":117804,"date":"2026-05-05T20:42:02","date_gmt":"2026-05-05T23:42:02","guid":{"rendered":"https:\/\/www.hediyepazar.com\/?product=360-ayarlanabilir-manyetik-arac-telefon-tutucu-kompakt-ve-pratik-tasarim"},"modified":"2026-05-05T20:42:02","modified_gmt":"2026-05-05T23:42:02","slug":"360-ayarlanabilir-manyetik-arac-telefon-tutucu-kompakt-ve-pratik-tasarim","status":"publish","type":"product","link":"https:\/\/www.hediyepazar.com\/?product=360-ayarlanabilir-manyetik-arac-telefon-tutucu-kompakt-ve-pratik-tasarim","title":{"rendered":"360\u00b0 Ayarlanabilir Manyetik Ara\u00e7 Telefon Tutucu \u2013 Kompakt ve Pratik Tasar\u0131m"},"content":{"rendered":"<p>K009 ara\u00e7 telefon tutucu, ekran boyutu 4.7 in\u00e7 ve \u00fczeri olan t\u00fcm ak\u0131ll\u0131 telefonlarla tam uyumludur. Bu kapsaml\u0131 uyumluluk sayesinde, piyasadaki pop\u00fcler markalar ve modeller aras\u0131ndan se\u00e7im yapmadan rahatl\u0131kla kullan\u0131labilir. \u0130ster iPhone, ister Android ya da farkl\u0131 bir marka olsun, geni\u015f k\u0131ska\u00e7 yap\u0131s\u0131 ve g\u00fc\u00e7l\u00fc manyetik sistemi telefonunuzun arac\u0131n\u0131zda g\u00fcvenli bi\u00e7imde sabitlenmesini sa\u011flar. Evrensel tasar\u0131m\u0131, t\u00fcm ara\u00e7 modelleri ve i\u00e7 y\u00fczeyleri ile m\u00fckemmel entegrasyon sunar. Telefonunuzun modellerine veya boyutlar\u0131na g\u00f6re yeni tutucu arama ihtiyac\u0131n\u0131 ortadan kald\u0131rarak, uzun s\u00fcreli ve pratik bir kullan\u0131m deneyimi sa\u011flar.&nbsp;<\/p>\n","protected":false},"excerpt":{"rendered":"<p>K009 ara\u00e7 telefon tutucu, ekran boyutu 4.7 in\u00e7 ve \u00fczeri olan t\u00fcm ak\u0131ll\u0131 telefonlarla tam uyumludur. Bu kapsaml\u0131 uyumluluk sayesinde, piyasadaki pop\u00fcler markalar ve modeller aras\u0131ndan se\u00e7im yapmadan rahatl\u0131kla kullan\u0131labilir. \u0130ster iPhone, ister Android ya da farkl\u0131 bir marka olsun, geni\u015f k\u0131ska\u00e7 yap\u0131s\u0131 ve g\u00fc\u00e7l\u00fc manyetik sistemi telefonunuzun arac\u0131n\u0131zda g\u00fcvenli bi\u00e7imde sabitlenmesini sa\u011flar. Evrensel tasar\u0131m\u0131,&#8230;<\/p>\n","protected":false},"featured_media":117803,"comment_status":"open","ping_status":"closed","template":"","meta":{"_kad_post_transparent":"","_kad_post_title":"","_kad_post_layout":"","_kad_post_sidebar_id":"","_kad_post_content_style":"","_kad_post_vertical_padding":"","_kad_post_feature":"","_kad_post_feature_position":"","_kad_post_header":false,"_kad_post_footer":false,"_kad_post_classname":""},"product_brand":[],"product_cat":[14983],"product_tag":[],"class_list":{"0":"post-117804","1":"product","2":"type-product","3":"status-publish","4":"has-post-thumbnail","6":"product_cat-telefon-tutucu-telefon-tutucu","8":"first","9":"instock","10":"purchasable","11":"product-type-simple","12":"entry","13":"content-bg","14":"loop-entry"},"_links":{"self":[{"href":"https:\/\/www.hediyepazar.com\/index.php?rest_route=\/wp\/v2\/product\/117804","targetHints":{"allow":["GET"]}}],"collection":[{"href":"https:\/\/www.hediyepazar.com\/index.php?rest_route=\/wp\/v2\/product"}],"about":[{"href":"https:\/\/www.hediyepazar.com\/index.php?rest_route=\/wp\/v2\/types\/product"}],"replies":[{"embeddable":true,"href":"https:\/\/www.hediyepazar.com\/index.php?rest_route=%2Fwp%2Fv2%2Fcomments&post=117804"}],"wp:featuredmedia":[{"embeddable":true,"href":"https:\/\/www.hediyepazar.com\/index.php?rest_route=\/wp\/v2\/media\/117803"}],"wp:attachment":[{"href":"https:\/\/www.hediyepazar.com\/index.php?rest_route=%2Fwp%2Fv2%2Fmedia&parent=117804"}],"wp:term":[{"taxonomy":"product_brand","embeddable":true,"href":"https:\/\/www.hediyepazar.com\/index.php?rest_route=%2Fwp%2Fv2%2Fproduct_brand&post=117804"},{"taxonomy":"product_cat","embeddable":true,"href":"https:\/\/www.hediyepazar.com\/index.php?rest_route=%2Fwp%2Fv2%2Fproduct_cat&post=117804"},{"taxonomy":"product_tag","embeddable":true,"href":"https:\/\/www.hediyepazar.com\/index.php?rest_route=%2Fwp%2Fv2%2Fproduct_tag&post=117804"}],"curies":[{"name":"wp","href":"https:\/\/api.w.org\/{rel}","templated":true}]}}