{"id":117808,"date":"2026-05-05T20:42:11","date_gmt":"2026-05-05T23:42:11","guid":{"rendered":"https:\/\/www.hediyepazar.com\/?product=evrensel-uyumlu-manyetik-arac-telefon-standi-dayanikli-aluminyum-govde"},"modified":"2026-05-05T20:42:11","modified_gmt":"2026-05-05T23:42:11","slug":"evrensel-uyumlu-manyetik-arac-telefon-standi-dayanikli-aluminyum-govde","status":"publish","type":"product","link":"https:\/\/www.hediyepazar.com\/?product=evrensel-uyumlu-manyetik-arac-telefon-standi-dayanikli-aluminyum-govde","title":{"rendered":"Evrensel Uyumlu Manyetik Ara\u00e7 Telefon Stand\u0131 \u2013 Dayan\u0131kl\u0131 Al\u00fcminyum G\u00f6vde"},"content":{"rendered":"<p>Ara\u00e7 i\u00e7i telefon tutucusunda montaj esnekli\u011fi ve sa\u011flaml\u0131\u011f\u0131 b\u00fcy\u00fck \u00f6nem ta\u015f\u0131r. K009, geli\u015fmi\u015f \u00e7ift tarafl\u0131 vakum emme sistemi sayesinde arac\u0131n\u0131z\u0131n \u00f6n paneli, cam y\u00fczeyi veya di\u011fer d\u00fcz y\u00fczeylerine kolayca ve g\u00fcvenle monte edilebilir. Vakumlu taban, g\u00fc\u00e7l\u00fc yap\u0131\u015fma g\u00fcc\u00fcyle uzun s\u00fcreli kullan\u0131mda bile yerinden kaymaz veya d\u00fc\u015fmez. Vakum emme teknolojisi, hem \u00e7\u0131kar\u0131l\u0131p tak\u0131lmas\u0131 kolay hem de y\u00fczeye zarar vermeyen yap\u0131s\u0131yla kullan\u0131c\u0131 dostudur. Silikon pedler ve \u00f6zel y\u00fczey kaplamalar\u0131, tutucunun hem telefonunuza hem de arac\u0131n\u0131z\u0131n y\u00fczeyine zarar vermemesini sa\u011flar. Bu esnek ve sa\u011flam montaj sistemi, K009\u2019u farkl\u0131 ara\u00e7 modellerinde kolayca kullanman\u0131za imkan verir ve g\u00fcnl\u00fck s\u00fcr\u00fc\u015f deneyiminizi daha pratik hale getirir.<\/p>\n","protected":false},"excerpt":{"rendered":"<p>Ara\u00e7 i\u00e7i telefon tutucusunda montaj esnekli\u011fi ve sa\u011flaml\u0131\u011f\u0131 b\u00fcy\u00fck \u00f6nem ta\u015f\u0131r. K009, geli\u015fmi\u015f \u00e7ift tarafl\u0131 vakum emme sistemi sayesinde arac\u0131n\u0131z\u0131n \u00f6n paneli, cam y\u00fczeyi veya di\u011fer d\u00fcz y\u00fczeylerine kolayca ve g\u00fcvenle monte edilebilir. Vakumlu taban, g\u00fc\u00e7l\u00fc yap\u0131\u015fma g\u00fcc\u00fcyle uzun s\u00fcreli kullan\u0131mda bile yerinden kaymaz veya d\u00fc\u015fmez. Vakum emme teknolojisi, hem \u00e7\u0131kar\u0131l\u0131p tak\u0131lmas\u0131 kolay hem de&#8230;<\/p>\n","protected":false},"featured_media":117807,"comment_status":"open","ping_status":"closed","template":"","meta":{"_kad_post_transparent":"","_kad_post_title":"","_kad_post_layout":"","_kad_post_sidebar_id":"","_kad_post_content_style":"","_kad_post_vertical_padding":"","_kad_post_feature":"","_kad_post_feature_position":"","_kad_post_header":false,"_kad_post_footer":false,"_kad_post_classname":""},"product_brand":[],"product_cat":[14983],"product_tag":[],"class_list":{"0":"post-117808","1":"product","2":"type-product","3":"status-publish","4":"has-post-thumbnail","6":"product_cat-telefon-tutucu-telefon-tutucu","8":"first","9":"instock","10":"purchasable","11":"product-type-simple","12":"entry","13":"content-bg","14":"loop-entry"},"_links":{"self":[{"href":"https:\/\/www.hediyepazar.com\/index.php?rest_route=\/wp\/v2\/product\/117808","targetHints":{"allow":["GET"]}}],"collection":[{"href":"https:\/\/www.hediyepazar.com\/index.php?rest_route=\/wp\/v2\/product"}],"about":[{"href":"https:\/\/www.hediyepazar.com\/index.php?rest_route=\/wp\/v2\/types\/product"}],"replies":[{"embeddable":true,"href":"https:\/\/www.hediyepazar.com\/index.php?rest_route=%2Fwp%2Fv2%2Fcomments&post=117808"}],"wp:featuredmedia":[{"embeddable":true,"href":"https:\/\/www.hediyepazar.com\/index.php?rest_route=\/wp\/v2\/media\/117807"}],"wp:attachment":[{"href":"https:\/\/www.hediyepazar.com\/index.php?rest_route=%2Fwp%2Fv2%2Fmedia&parent=117808"}],"wp:term":[{"taxonomy":"product_brand","embeddable":true,"href":"https:\/\/www.hediyepazar.com\/index.php?rest_route=%2Fwp%2Fv2%2Fproduct_brand&post=117808"},{"taxonomy":"product_cat","embeddable":true,"href":"https:\/\/www.hediyepazar.com\/index.php?rest_route=%2Fwp%2Fv2%2Fproduct_cat&post=117808"},{"taxonomy":"product_tag","embeddable":true,"href":"https:\/\/www.hediyepazar.com\/index.php?rest_route=%2Fwp%2Fv2%2Fproduct_tag&post=117808"}],"curies":[{"name":"wp","href":"https:\/\/api.w.org\/{rel}","templated":true}]}}