{"id":117810,"date":"2026-05-05T20:42:15","date_gmt":"2026-05-05T23:42:15","guid":{"rendered":"https:\/\/www.hediyepazar.com\/?product=guclu-manyetik-tutuslu-360-doner-arac-telefon-tutucu-vakumlu-montajli"},"modified":"2026-05-05T20:42:15","modified_gmt":"2026-05-05T23:42:15","slug":"guclu-manyetik-tutuslu-360-doner-arac-telefon-tutucu-vakumlu-montajli","status":"publish","type":"product","link":"https:\/\/www.hediyepazar.com\/?product=guclu-manyetik-tutuslu-360-doner-arac-telefon-tutucu-vakumlu-montajli","title":{"rendered":"G\u00fc\u00e7l\u00fc Manyetik Tutu\u015flu 360\u00b0 D\u00f6ner Ara\u00e7 Telefon Tutucu \u2013 Vakumlu Montajl\u0131"},"content":{"rendered":"<p>K009 ara\u00e7 telefon tutucusu, b\u00fcnyesinde bar\u0131nd\u0131rd\u0131\u011f\u0131 16 g\u00fc\u00e7l\u00fc m\u0131knat\u0131s sayesinde ak\u0131ll\u0131 telefonunuzu en zorlu yol ko\u015fullar\u0131nda bile g\u00fcvenle tutar. Engebeli, virajl\u0131 ya da bozuk yol y\u00fczeylerinde ya\u015fanabilecek titre\u015fim ve sars\u0131nt\u0131lara kar\u015f\u0131 dayan\u0131kl\u0131 yap\u0131s\u0131 sayesinde telefonunuz yerinden kaymaz veya d\u00fc\u015fmez. Bu \u00fcst\u00fcn manyetik kuvvet, 4.7 in\u00e7 ve \u00fczeri ekran boyutlar\u0131na sahip t\u00fcm ak\u0131ll\u0131 telefonlarla uyumludur ve cihaz\u0131n\u0131z\u0131n s\u00fcr\u00fc\u015f esnas\u0131nda sabit kalmas\u0131n\u0131 garanti eder. S\u00fcr\u00fc\u015f s\u0131ras\u0131nda ellerinizi direksiyondan ay\u0131rmadan rahat\u00e7a navigasyon, \u00e7a\u011fr\u0131 y\u00f6netimi ve m\u00fczik kontrol\u00fc yapabilmenize olanak tan\u0131r. B\u00f6ylece s\u00fcr\u00fc\u015f g\u00fcvenli\u011finizi tehlikeye atmadan konforlu bir kullan\u0131m deneyimi sunar. K009, bu sayede ara\u00e7 i\u00e7i teknolojik gere\u00e7lerinizin sorunsuz ve g\u00fcvenilir bir \u015fekilde i\u015flev g\u00f6rmesini sa\u011flar.<\/p>\n","protected":false},"excerpt":{"rendered":"<p>K009 ara\u00e7 telefon tutucusu, b\u00fcnyesinde bar\u0131nd\u0131rd\u0131\u011f\u0131 16 g\u00fc\u00e7l\u00fc m\u0131knat\u0131s sayesinde ak\u0131ll\u0131 telefonunuzu en zorlu yol ko\u015fullar\u0131nda bile g\u00fcvenle tutar. Engebeli, virajl\u0131 ya da bozuk yol y\u00fczeylerinde ya\u015fanabilecek titre\u015fim ve sars\u0131nt\u0131lara kar\u015f\u0131 dayan\u0131kl\u0131 yap\u0131s\u0131 sayesinde telefonunuz yerinden kaymaz veya d\u00fc\u015fmez. Bu \u00fcst\u00fcn manyetik kuvvet, 4.7 in\u00e7 ve \u00fczeri ekran boyutlar\u0131na sahip t\u00fcm ak\u0131ll\u0131 telefonlarla uyumludur ve&#8230;<\/p>\n","protected":false},"featured_media":117809,"comment_status":"open","ping_status":"closed","template":"","meta":{"_kad_post_transparent":"","_kad_post_title":"","_kad_post_layout":"","_kad_post_sidebar_id":"","_kad_post_content_style":"","_kad_post_vertical_padding":"","_kad_post_feature":"","_kad_post_feature_position":"","_kad_post_header":false,"_kad_post_footer":false,"_kad_post_classname":""},"product_brand":[],"product_cat":[14983],"product_tag":[],"class_list":{"0":"post-117810","1":"product","2":"type-product","3":"status-publish","4":"has-post-thumbnail","6":"product_cat-telefon-tutucu-telefon-tutucu","8":"first","9":"instock","10":"purchasable","11":"product-type-simple","12":"entry","13":"content-bg","14":"loop-entry"},"_links":{"self":[{"href":"https:\/\/www.hediyepazar.com\/index.php?rest_route=\/wp\/v2\/product\/117810","targetHints":{"allow":["GET"]}}],"collection":[{"href":"https:\/\/www.hediyepazar.com\/index.php?rest_route=\/wp\/v2\/product"}],"about":[{"href":"https:\/\/www.hediyepazar.com\/index.php?rest_route=\/wp\/v2\/types\/product"}],"replies":[{"embeddable":true,"href":"https:\/\/www.hediyepazar.com\/index.php?rest_route=%2Fwp%2Fv2%2Fcomments&post=117810"}],"wp:featuredmedia":[{"embeddable":true,"href":"https:\/\/www.hediyepazar.com\/index.php?rest_route=\/wp\/v2\/media\/117809"}],"wp:attachment":[{"href":"https:\/\/www.hediyepazar.com\/index.php?rest_route=%2Fwp%2Fv2%2Fmedia&parent=117810"}],"wp:term":[{"taxonomy":"product_brand","embeddable":true,"href":"https:\/\/www.hediyepazar.com\/index.php?rest_route=%2Fwp%2Fv2%2Fproduct_brand&post=117810"},{"taxonomy":"product_cat","embeddable":true,"href":"https:\/\/www.hediyepazar.com\/index.php?rest_route=%2Fwp%2Fv2%2Fproduct_cat&post=117810"},{"taxonomy":"product_tag","embeddable":true,"href":"https:\/\/www.hediyepazar.com\/index.php?rest_route=%2Fwp%2Fv2%2Fproduct_tag&post=117810"}],"curies":[{"name":"wp","href":"https:\/\/api.w.org\/{rel}","templated":true}]}}