{"id":117858,"date":"2026-05-05T20:50:01","date_gmt":"2026-05-05T23:50:01","guid":{"rendered":"https:\/\/www.hediyepazar.com\/?product=sessiz-turbo-fan-kamp-spor-ofis-icin-tasinabilir-mini-sogutucu"},"modified":"2026-05-05T20:50:01","modified_gmt":"2026-05-05T23:50:01","slug":"sessiz-turbo-fan-kamp-spor-ofis-icin-tasinabilir-mini-sogutucu","status":"publish","type":"product","link":"https:\/\/www.hediyepazar.com\/?product=sessiz-turbo-fan-kamp-spor-ofis-icin-tasinabilir-mini-sogutucu","title":{"rendered":"Sessiz Turbo Fan \u2013 Kamp Spor Ofis \u0130\u00e7in Ta\u015f\u0131nabilir Mini So\u011futucu"},"content":{"rendered":"<p>Y\u00fcksek teknoloji, kompakt g\u00f6vde! Bu ta\u015f\u0131nabilir turbo fan, 3 farkl\u0131 serinlik modu ve 100 kademeli h\u0131z ayar\u0131 ile ki\u015fisel kliman\u0131z haline gelir. Hafif r\u00fczg\u00e2rdan \u015fiddetli serinli\u011fe kadar ayarlanabilir r\u00fczgar h\u0131z\u0131 (5 m\/s \u2013 11 m\/s) ile her ortamda ihtiyac\u0131n\u0131za \u00f6zel so\u011futma sa\u011flar.Ergonomik ve \u015f\u0131k d\u0131\u015f y\u00fczeyi elinizde terleme yapmaz, \u00e7antan\u0131zda minimum yer kaplar. Sessiz \u00e7al\u0131\u015fma modu sayesinde gece yatarken bile rahatl\u0131kla kullan\u0131labilir. Kamp, do\u011fa y\u00fcr\u00fcy\u00fc\u015f\u00fc, motosiklet s\u00fcr\u00fc\u015f\u00fc, spor salonu veya yazl\u0131k tatil gibi senaryolarda en b\u00fcy\u00fck yard\u0131mc\u0131n\u0131z olur.Dijital h\u0131z ekran\u0131, kolay kontrol ve \u015farj takibi sa\u011flar. Dahili lityum pil sayesinde kablosuz kullan\u0131m rahatl\u0131\u011f\u0131 sunar. Hafifli\u011fi, \u015farj kolayl\u0131\u011f\u0131 ve etkileyici r\u00fczgar g\u00fcc\u00fcyle yaz\u0131n en iyi yat\u0131r\u0131m\u0131n\u0131 yap\u0131n.<\/p>\n","protected":false},"excerpt":{"rendered":"<p>Y\u00fcksek teknoloji, kompakt g\u00f6vde! Bu ta\u015f\u0131nabilir turbo fan, 3 farkl\u0131 serinlik modu ve 100 kademeli h\u0131z ayar\u0131 ile ki\u015fisel kliman\u0131z haline gelir. Hafif r\u00fczg\u00e2rdan \u015fiddetli serinli\u011fe kadar ayarlanabilir r\u00fczgar h\u0131z\u0131 (5 m\/s \u2013 11 m\/s) ile her ortamda ihtiyac\u0131n\u0131za \u00f6zel so\u011futma sa\u011flar.Ergonomik ve \u015f\u0131k d\u0131\u015f y\u00fczeyi elinizde terleme yapmaz, \u00e7antan\u0131zda minimum yer kaplar. Sessiz \u00e7al\u0131\u015fma&#8230;<\/p>\n","protected":false},"featured_media":117857,"comment_status":"open","ping_status":"closed","template":"","meta":{"_kad_post_transparent":"","_kad_post_title":"","_kad_post_layout":"","_kad_post_sidebar_id":"","_kad_post_content_style":"","_kad_post_vertical_padding":"","_kad_post_feature":"","_kad_post_feature_position":"","_kad_post_header":false,"_kad_post_footer":false,"_kad_post_classname":""},"product_brand":[],"product_cat":[15021],"product_tag":[],"class_list":{"0":"post-117858","1":"product","2":"type-product","3":"status-publish","4":"has-post-thumbnail","6":"product_cat-vantilator-vantilator","8":"first","9":"instock","10":"purchasable","11":"product-type-simple","12":"entry","13":"content-bg","14":"loop-entry"},"_links":{"self":[{"href":"https:\/\/www.hediyepazar.com\/index.php?rest_route=\/wp\/v2\/product\/117858","targetHints":{"allow":["GET"]}}],"collection":[{"href":"https:\/\/www.hediyepazar.com\/index.php?rest_route=\/wp\/v2\/product"}],"about":[{"href":"https:\/\/www.hediyepazar.com\/index.php?rest_route=\/wp\/v2\/types\/product"}],"replies":[{"embeddable":true,"href":"https:\/\/www.hediyepazar.com\/index.php?rest_route=%2Fwp%2Fv2%2Fcomments&post=117858"}],"wp:featuredmedia":[{"embeddable":true,"href":"https:\/\/www.hediyepazar.com\/index.php?rest_route=\/wp\/v2\/media\/117857"}],"wp:attachment":[{"href":"https:\/\/www.hediyepazar.com\/index.php?rest_route=%2Fwp%2Fv2%2Fmedia&parent=117858"}],"wp:term":[{"taxonomy":"product_brand","embeddable":true,"href":"https:\/\/www.hediyepazar.com\/index.php?rest_route=%2Fwp%2Fv2%2Fproduct_brand&post=117858"},{"taxonomy":"product_cat","embeddable":true,"href":"https:\/\/www.hediyepazar.com\/index.php?rest_route=%2Fwp%2Fv2%2Fproduct_cat&post=117858"},{"taxonomy":"product_tag","embeddable":true,"href":"https:\/\/www.hediyepazar.com\/index.php?rest_route=%2Fwp%2Fv2%2Fproduct_tag&post=117858"}],"curies":[{"name":"wp","href":"https:\/\/api.w.org\/{rel}","templated":true}]}}