{"id":117862,"date":"2026-05-05T20:50:15","date_gmt":"2026-05-05T23:50:15","guid":{"rendered":"https:\/\/www.hediyepazar.com\/?product=tasinabilir-usb-sarjli-turbo-fan-3-modlu-sogutma-hafif-kompakt"},"modified":"2026-05-05T20:50:15","modified_gmt":"2026-05-05T23:50:15","slug":"tasinabilir-usb-sarjli-turbo-fan-3-modlu-sogutma-hafif-kompakt","status":"publish","type":"product","link":"https:\/\/www.hediyepazar.com\/?product=tasinabilir-usb-sarjli-turbo-fan-3-modlu-sogutma-hafif-kompakt","title":{"rendered":"Ta\u015f\u0131nabilir USB \u015earjl\u0131 Turbo Fan \u2013 3 Modlu So\u011futma Hafif &#038; Kompakt"},"content":{"rendered":"<p>Mini ama g\u00fc\u00e7l\u00fc! Turbo teknolojili bu ta\u015f\u0131nabilir fan, s\u0131cak yaz g\u00fcnlerinde size \u00f6zel ki\u015fisel serinli\u011fi getiriyor. Tam 100 farkl\u0131 h\u0131z ayar\u0131 sayesinde yaln\u0131zca \u00fc\u00e7 moda ayr\u0131lm\u0131\u015f de\u011fil; serinli\u011fi milim milim ayarlayabilir, g\u00fcn\u00fcn her saatine \u00f6zel ferahl\u0131k seviyesi belirleyebilirsiniz.Fan, hafif esinti isteyenler i\u00e7in 5 m\/s\u2019lik Seviye 1, yo\u011fun serinlik isteyen sporcular i\u00e7in 8 m\/s\u2019lik Seviye 2, ve a\u00e7\u0131k havada g\u00fc\u00e7l\u00fc r\u00fczgar isteyenler i\u00e7in 11 m\/s\u2019lik Seviye 3 ile tam performans sa\u011flar. USB ile \u015farj edilebilen bu mini fan, ta\u015f\u0131nabilir yap\u0131s\u0131yla \u00e7antada, cepte ya da yaka \u00fczerinde kolayca ta\u015f\u0131nabilir.Ergonomik d\u0131\u015f y\u00fczeyi terlemeyi \u00f6nlerken, sessiz motoru sayesinde toplant\u0131larda ya da k\u00fct\u00fcphane gibi sessiz ortamlarda bile g\u00f6n\u00fcl rahatl\u0131\u011f\u0131yla kullan\u0131labilir. Hem \u015fehirde hem do\u011fada serinli\u011fi elinizin alt\u0131nda hissedin!<\/p>\n","protected":false},"excerpt":{"rendered":"<p>Mini ama g\u00fc\u00e7l\u00fc! Turbo teknolojili bu ta\u015f\u0131nabilir fan, s\u0131cak yaz g\u00fcnlerinde size \u00f6zel ki\u015fisel serinli\u011fi getiriyor. Tam 100 farkl\u0131 h\u0131z ayar\u0131 sayesinde yaln\u0131zca \u00fc\u00e7 moda ayr\u0131lm\u0131\u015f de\u011fil; serinli\u011fi milim milim ayarlayabilir, g\u00fcn\u00fcn her saatine \u00f6zel ferahl\u0131k seviyesi belirleyebilirsiniz.Fan, hafif esinti isteyenler i\u00e7in 5 m\/s\u2019lik Seviye 1, yo\u011fun serinlik isteyen sporcular i\u00e7in 8 m\/s\u2019lik Seviye 2,&#8230;<\/p>\n","protected":false},"featured_media":117861,"comment_status":"open","ping_status":"closed","template":"","meta":{"_kad_post_transparent":"","_kad_post_title":"","_kad_post_layout":"","_kad_post_sidebar_id":"","_kad_post_content_style":"","_kad_post_vertical_padding":"","_kad_post_feature":"","_kad_post_feature_position":"","_kad_post_header":false,"_kad_post_footer":false,"_kad_post_classname":""},"product_brand":[],"product_cat":[15021],"product_tag":[],"class_list":{"0":"post-117862","1":"product","2":"type-product","3":"status-publish","4":"has-post-thumbnail","6":"product_cat-vantilator-vantilator","8":"first","9":"instock","10":"purchasable","11":"product-type-simple","12":"entry","13":"content-bg","14":"loop-entry"},"_links":{"self":[{"href":"https:\/\/www.hediyepazar.com\/index.php?rest_route=\/wp\/v2\/product\/117862","targetHints":{"allow":["GET"]}}],"collection":[{"href":"https:\/\/www.hediyepazar.com\/index.php?rest_route=\/wp\/v2\/product"}],"about":[{"href":"https:\/\/www.hediyepazar.com\/index.php?rest_route=\/wp\/v2\/types\/product"}],"replies":[{"embeddable":true,"href":"https:\/\/www.hediyepazar.com\/index.php?rest_route=%2Fwp%2Fv2%2Fcomments&post=117862"}],"wp:featuredmedia":[{"embeddable":true,"href":"https:\/\/www.hediyepazar.com\/index.php?rest_route=\/wp\/v2\/media\/117861"}],"wp:attachment":[{"href":"https:\/\/www.hediyepazar.com\/index.php?rest_route=%2Fwp%2Fv2%2Fmedia&parent=117862"}],"wp:term":[{"taxonomy":"product_brand","embeddable":true,"href":"https:\/\/www.hediyepazar.com\/index.php?rest_route=%2Fwp%2Fv2%2Fproduct_brand&post=117862"},{"taxonomy":"product_cat","embeddable":true,"href":"https:\/\/www.hediyepazar.com\/index.php?rest_route=%2Fwp%2Fv2%2Fproduct_cat&post=117862"},{"taxonomy":"product_tag","embeddable":true,"href":"https:\/\/www.hediyepazar.com\/index.php?rest_route=%2Fwp%2Fv2%2Fproduct_tag&post=117862"}],"curies":[{"name":"wp","href":"https:\/\/api.w.org\/{rel}","templated":true}]}}