{"id":117900,"date":"2026-05-05T20:55:08","date_gmt":"2026-05-05T23:55:08","guid":{"rendered":"https:\/\/www.hediyepazar.com\/?product=mini-usb-klima-fan-3-kademeli-spreyli-hava-sogutucu-tasinabilir"},"modified":"2026-05-05T20:55:08","modified_gmt":"2026-05-05T23:55:08","slug":"mini-usb-klima-fan-3-kademeli-spreyli-hava-sogutucu-tasinabilir","status":"publish","type":"product","link":"https:\/\/www.hediyepazar.com\/?product=mini-usb-klima-fan-3-kademeli-spreyli-hava-sogutucu-tasinabilir","title":{"rendered":"Mini USB Klima Fan | 3 Kademeli Spreyli Hava So\u011futucu Ta\u015f\u0131nabilir"},"content":{"rendered":"<p>Yaz mevsiminin vazge\u00e7ilmez yard\u0131mc\u0131lar\u0131ndan biri olan bu mini USB fan, \u00e7ok y\u00f6nl\u00fc kullan\u0131m\u0131yla fark yarat\u0131r. Fan, hava so\u011futucu ve nemlendirici i\u015flevlerini bir arada sunarak size 3\u2019l\u00fc konfor sa\u011flar. 5 delikli sprey sistemi sayesinde geni\u015f alana ferahlat\u0131c\u0131 etki yayar. 3 kademeli r\u00fczgar h\u0131z\u0131 ile ortam s\u0131cakl\u0131\u011f\u0131na g\u00f6re ayarlama yapabilirsiniz. 500ml b\u00fcy\u00fck kapasiteli su deposuna buz ve su ekleyerek uzun s\u00fcreli so\u011fuk hava elde edebilirsiniz. USB ve Type-C uyumlu giri\u015fleri sayesinde mobil cihazlar, bilgisayarlar, ara\u00e7 i\u00e7i prizler gibi bir\u00e7ok alandan g\u00fc\u00e7 alarak \u00e7al\u0131\u015fabilir. 7 renkli LED \u0131\u015f\u0131k \u00f6zelli\u011fi ile gece kullan\u0131m\u0131 i\u00e7in idealdir. Estetik ve yumu\u015fak \u0131\u015f\u0131\u011f\u0131 sayesinde ortama huzurlu bir ambiyans katar. Hafif ve ta\u015f\u0131nabilir tasar\u0131m\u0131 ile yaz\u0131n tatil, kamp, piknik gibi t\u00fcm d\u0131\u015f mekan aktivitelerinde rahatl\u0131kla kullan\u0131labilir. G\u00fcr\u00fclt\u00fc seviyesi d\u00fc\u015f\u00fckt\u00fcr, rahats\u0131z etmeden gece boyunca kullan\u0131ma uygundur. Y\u00fcksek performansl\u0131 fan kanatlar\u0131 ile etkili serinlik sa\u011flar. Ev, ofis, araba gibi her yerde pratik kullan\u0131m sunar.<\/p>\n","protected":false},"excerpt":{"rendered":"<p>Yaz mevsiminin vazge\u00e7ilmez yard\u0131mc\u0131lar\u0131ndan biri olan bu mini USB fan, \u00e7ok y\u00f6nl\u00fc kullan\u0131m\u0131yla fark yarat\u0131r. Fan, hava so\u011futucu ve nemlendirici i\u015flevlerini bir arada sunarak size 3\u2019l\u00fc konfor sa\u011flar. 5 delikli sprey sistemi sayesinde geni\u015f alana ferahlat\u0131c\u0131 etki yayar. 3 kademeli r\u00fczgar h\u0131z\u0131 ile ortam s\u0131cakl\u0131\u011f\u0131na g\u00f6re ayarlama yapabilirsiniz. 500ml b\u00fcy\u00fck kapasiteli su deposuna buz ve&#8230;<\/p>\n","protected":false},"featured_media":117899,"comment_status":"open","ping_status":"closed","template":"","meta":{"_kad_post_transparent":"","_kad_post_title":"","_kad_post_layout":"","_kad_post_sidebar_id":"","_kad_post_content_style":"","_kad_post_vertical_padding":"","_kad_post_feature":"","_kad_post_feature_position":"","_kad_post_header":false,"_kad_post_footer":false,"_kad_post_classname":""},"product_brand":[],"product_cat":[15021],"product_tag":[],"class_list":{"0":"post-117900","1":"product","2":"type-product","3":"status-publish","4":"has-post-thumbnail","6":"product_cat-vantilator-vantilator","8":"first","9":"instock","10":"purchasable","11":"product-type-simple","12":"entry","13":"content-bg","14":"loop-entry"},"_links":{"self":[{"href":"https:\/\/www.hediyepazar.com\/index.php?rest_route=\/wp\/v2\/product\/117900","targetHints":{"allow":["GET"]}}],"collection":[{"href":"https:\/\/www.hediyepazar.com\/index.php?rest_route=\/wp\/v2\/product"}],"about":[{"href":"https:\/\/www.hediyepazar.com\/index.php?rest_route=\/wp\/v2\/types\/product"}],"replies":[{"embeddable":true,"href":"https:\/\/www.hediyepazar.com\/index.php?rest_route=%2Fwp%2Fv2%2Fcomments&post=117900"}],"wp:featuredmedia":[{"embeddable":true,"href":"https:\/\/www.hediyepazar.com\/index.php?rest_route=\/wp\/v2\/media\/117899"}],"wp:attachment":[{"href":"https:\/\/www.hediyepazar.com\/index.php?rest_route=%2Fwp%2Fv2%2Fmedia&parent=117900"}],"wp:term":[{"taxonomy":"product_brand","embeddable":true,"href":"https:\/\/www.hediyepazar.com\/index.php?rest_route=%2Fwp%2Fv2%2Fproduct_brand&post=117900"},{"taxonomy":"product_cat","embeddable":true,"href":"https:\/\/www.hediyepazar.com\/index.php?rest_route=%2Fwp%2Fv2%2Fproduct_cat&post=117900"},{"taxonomy":"product_tag","embeddable":true,"href":"https:\/\/www.hediyepazar.com\/index.php?rest_route=%2Fwp%2Fv2%2Fproduct_tag&post=117900"}],"curies":[{"name":"wp","href":"https:\/\/api.w.org\/{rel}","templated":true}]}}