{"id":117910,"date":"2026-05-05T20:56:06","date_gmt":"2026-05-05T23:56:06","guid":{"rendered":"https:\/\/www.hediyepazar.com\/?product=modern-tasarim-sarjli-masa-lambasi-1800-mah-batarya"},"modified":"2026-05-05T20:56:06","modified_gmt":"2026-05-05T23:56:06","slug":"modern-tasarim-sarjli-masa-lambasi-1800-mah-batarya","status":"publish","type":"product","link":"https:\/\/www.hediyepazar.com\/?product=modern-tasarim-sarjli-masa-lambasi-1800-mah-batarya","title":{"rendered":"Modern Tasar\u0131m \u015earjl\u0131 Masa Lambas\u0131 \u2013 1800 mAh Batarya"},"content":{"rendered":"<p>G\u00fcnl\u00fck kullan\u0131mda hem estetik hem de i\u015flevsellik arayanlar i\u00e7in tasarlanan bu USB \u015farjl\u0131 LED masa lambas\u0131, dokunmatik kontrol sistemiyle \u0131\u015f\u0131\u011f\u0131 zahmetsizce y\u00f6netmenizi sa\u011flar. Kompakt boyutu ve modern g\u00f6r\u00fcn\u00fcm\u00fc sayesinde \u00e7al\u0131\u015fma alanlar\u0131n\u0131za \u015f\u0131kl\u0131k katar.3 Renkli I\u015f\u0131k Modu: G\u00fcn \u0131\u015f\u0131\u011f\u0131 (3000K), do\u011fal beyaz (4000K) ve so\u011fuk beyaz (6500K) \u0131\u015f\u0131k se\u00e7enekleriyle ihtiyac\u0131n\u0131za uygun ayd\u0131nlatmay\u0131 sunar.Kademesiz Parlakl\u0131k Ayar\u0131 (%100 Dimmer): Ortam \u0131\u015f\u0131\u011f\u0131n\u0131 diledi\u011finiz seviyeye g\u00f6re ayarlayarak g\u00f6z yormayan bir deneyim ya\u015fat\u0131r.Dokunmatik Kullan\u0131m: Lamba, \u00fczerinde bulunan dokunmatik sens\u00f6rle kolayca a\u00e7\u0131l\u0131r, kapat\u0131l\u0131r ve \u0131\u015f\u0131k ayarlanabilir.USB ile \u015earj Edilebilir: 1800 mAh dahili bataryas\u0131 sayesinde tam \u015farjla 4 ila 8 saat boyunca kesintisiz kullan\u0131m sa\u011flar.Ta\u015f\u0131nabilir ve Hafif Tasar\u0131m: Masa \u00fczerinde yer kaplamaz, kolay ta\u015f\u0131nabilir yap\u0131s\u0131yla ofis, ev veya kamp gibi alanlarda kullan\u0131m i\u00e7in idealdir.Uzun \u00d6m\u00fcrl\u00fc LED Teknolojisi: 12 g\u00fc\u00e7l\u00fc LED ile 30.000 saate kadar dayan\u0131kl\u0131l\u0131k sa\u011flar.Evde, ofiste, \u00f6\u011frenciler i\u00e7in ders \u00e7al\u0131\u015f\u0131rken veya kitap okurken ideal bir ayd\u0131nlatma arkada\u015f\u0131 olan bu \u015f\u0131k masa lambas\u0131, fonksiyonelli\u011fiyle hayat\u0131n\u0131z\u0131 kolayla\u015ft\u0131r\u0131r.<\/p>\n","protected":false},"excerpt":{"rendered":"<p>G\u00fcnl\u00fck kullan\u0131mda hem estetik hem de i\u015flevsellik arayanlar i\u00e7in tasarlanan bu USB \u015farjl\u0131 LED masa lambas\u0131, dokunmatik kontrol sistemiyle \u0131\u015f\u0131\u011f\u0131 zahmetsizce y\u00f6netmenizi sa\u011flar. Kompakt boyutu ve modern g\u00f6r\u00fcn\u00fcm\u00fc sayesinde \u00e7al\u0131\u015fma alanlar\u0131n\u0131za \u015f\u0131kl\u0131k katar.3 Renkli I\u015f\u0131k Modu: G\u00fcn \u0131\u015f\u0131\u011f\u0131 (3000K), do\u011fal beyaz (4000K) ve so\u011fuk beyaz (6500K) \u0131\u015f\u0131k se\u00e7enekleriyle ihtiyac\u0131n\u0131za uygun ayd\u0131nlatmay\u0131 sunar.Kademesiz Parlakl\u0131k Ayar\u0131 (%100&#8230;<\/p>\n","protected":false},"featured_media":117909,"comment_status":"open","ping_status":"closed","template":"","meta":{"_kad_post_transparent":"","_kad_post_title":"","_kad_post_layout":"","_kad_post_sidebar_id":"","_kad_post_content_style":"","_kad_post_vertical_padding":"","_kad_post_feature":"","_kad_post_feature_position":"","_kad_post_header":false,"_kad_post_footer":false,"_kad_post_classname":""},"product_brand":[],"product_cat":[14967],"product_tag":[],"class_list":{"0":"post-117910","1":"product","2":"type-product","3":"status-publish","4":"has-post-thumbnail","6":"product_cat-gece-lambasi-gece-lambasi","8":"first","9":"instock","10":"purchasable","11":"product-type-simple","12":"entry","13":"content-bg","14":"loop-entry"},"_links":{"self":[{"href":"https:\/\/www.hediyepazar.com\/index.php?rest_route=\/wp\/v2\/product\/117910","targetHints":{"allow":["GET"]}}],"collection":[{"href":"https:\/\/www.hediyepazar.com\/index.php?rest_route=\/wp\/v2\/product"}],"about":[{"href":"https:\/\/www.hediyepazar.com\/index.php?rest_route=\/wp\/v2\/types\/product"}],"replies":[{"embeddable":true,"href":"https:\/\/www.hediyepazar.com\/index.php?rest_route=%2Fwp%2Fv2%2Fcomments&post=117910"}],"wp:featuredmedia":[{"embeddable":true,"href":"https:\/\/www.hediyepazar.com\/index.php?rest_route=\/wp\/v2\/media\/117909"}],"wp:attachment":[{"href":"https:\/\/www.hediyepazar.com\/index.php?rest_route=%2Fwp%2Fv2%2Fmedia&parent=117910"}],"wp:term":[{"taxonomy":"product_brand","embeddable":true,"href":"https:\/\/www.hediyepazar.com\/index.php?rest_route=%2Fwp%2Fv2%2Fproduct_brand&post=117910"},{"taxonomy":"product_cat","embeddable":true,"href":"https:\/\/www.hediyepazar.com\/index.php?rest_route=%2Fwp%2Fv2%2Fproduct_cat&post=117910"},{"taxonomy":"product_tag","embeddable":true,"href":"https:\/\/www.hediyepazar.com\/index.php?rest_route=%2Fwp%2Fv2%2Fproduct_tag&post=117910"}],"curies":[{"name":"wp","href":"https:\/\/api.w.org\/{rel}","templated":true}]}}