{"id":117912,"date":"2026-05-05T20:56:10","date_gmt":"2026-05-05T23:56:10","guid":{"rendered":"https:\/\/www.hediyepazar.com\/?product=tasinabilir-dokunmatik-led-lamba-sicak-soguk-isik-ayari"},"modified":"2026-05-05T20:56:10","modified_gmt":"2026-05-05T23:56:10","slug":"tasinabilir-dokunmatik-led-lamba-sicak-soguk-isik-ayari","status":"publish","type":"product","link":"https:\/\/www.hediyepazar.com\/?product=tasinabilir-dokunmatik-led-lamba-sicak-soguk-isik-ayari","title":{"rendered":"Ta\u015f\u0131nabilir Dokunmatik LED Lamba \u2013 S\u0131cak &#038; So\u011fuk I\u015f\u0131k Ayar\u0131"},"content":{"rendered":"<p>USB \u015farjl\u0131, ta\u015f\u0131nabilir ve \u00e7ok y\u00f6nl\u00fc bu masa lambas\u0131, her ortamda ihtiya\u00e7 duyulan ideal ayd\u0131nlatmay\u0131 sunar. Dokunmatik kontrol paneli, 3 farkl\u0131 \u0131\u015f\u0131k rengi ve %100 dimmer \u00f6zelli\u011fiyle kullan\u0131m kolayl\u0131\u011f\u0131 sa\u011flar. Kompakt tasar\u0131m\u0131 sayesinde evde, ofiste veya seyahatte rahat\u00e7a kullan\u0131labilir.Dokunmatik Kontrol: Tek dokunu\u015fla a\u00e7ma\/kapama, \u0131\u015f\u0131k ge\u00e7i\u015fleri ve parlakl\u0131k ayar\u0131 yap\u0131labilir.3 Farkl\u0131 I\u015f\u0131k Rengi: S\u0131cak beyaz (3000K), do\u011fal beyaz (4000K), so\u011fuk beyaz (6500K) aras\u0131nda ge\u00e7i\u015f.%100 Dimmer: Kademesiz \u0131\u015f\u0131k ayar\u0131 ile ortam\u0131n\u0131za en uygun ayd\u0131nlatmay\u0131 sa\u011flay\u0131n.USB \u015earjl\u0131 ve Kablosuz: 1800 mAh bataryas\u0131 ile 4-8 saat aras\u0131 kullan\u0131m sunar.Kompakt ve \u015e\u0131k Tasar\u0131m: 9,5 cm x 21,7 cm boyutlar\u0131nda, her masa dekoruna uyum sa\u011flar.Enerji Tasarruflu: LED teknolojisiyle d\u00fc\u015f\u00fck enerji t\u00fcketimi ve uzun \u00f6m\u00fcr (30.000 saat).Bu modern masa lambas\u0131; okuma k\u00f6\u015feleri, \u00e7al\u0131\u015fma masalar\u0131 veya gece lambas\u0131 olarak kullanmak i\u00e7in idealdir. Hem estetik hem i\u015flevsel yap\u0131s\u0131yla g\u00fcnl\u00fck ya\u015fam\u0131n\u0131z\u0131 kolayla\u015ft\u0131r\u0131r.&nbsp;<\/p>\n","protected":false},"excerpt":{"rendered":"<p>USB \u015farjl\u0131, ta\u015f\u0131nabilir ve \u00e7ok y\u00f6nl\u00fc bu masa lambas\u0131, her ortamda ihtiya\u00e7 duyulan ideal ayd\u0131nlatmay\u0131 sunar. Dokunmatik kontrol paneli, 3 farkl\u0131 \u0131\u015f\u0131k rengi ve %100 dimmer \u00f6zelli\u011fiyle kullan\u0131m kolayl\u0131\u011f\u0131 sa\u011flar. Kompakt tasar\u0131m\u0131 sayesinde evde, ofiste veya seyahatte rahat\u00e7a kullan\u0131labilir.Dokunmatik Kontrol: Tek dokunu\u015fla a\u00e7ma\/kapama, \u0131\u015f\u0131k ge\u00e7i\u015fleri ve parlakl\u0131k ayar\u0131 yap\u0131labilir.3 Farkl\u0131 I\u015f\u0131k Rengi: S\u0131cak beyaz (3000K),&#8230;<\/p>\n","protected":false},"featured_media":117911,"comment_status":"open","ping_status":"closed","template":"","meta":{"_kad_post_transparent":"","_kad_post_title":"","_kad_post_layout":"","_kad_post_sidebar_id":"","_kad_post_content_style":"","_kad_post_vertical_padding":"","_kad_post_feature":"","_kad_post_feature_position":"","_kad_post_header":false,"_kad_post_footer":false,"_kad_post_classname":""},"product_brand":[],"product_cat":[14967],"product_tag":[],"class_list":{"0":"post-117912","1":"product","2":"type-product","3":"status-publish","4":"has-post-thumbnail","6":"product_cat-gece-lambasi-gece-lambasi","8":"first","9":"instock","10":"purchasable","11":"product-type-simple","12":"entry","13":"content-bg","14":"loop-entry"},"_links":{"self":[{"href":"https:\/\/www.hediyepazar.com\/index.php?rest_route=\/wp\/v2\/product\/117912","targetHints":{"allow":["GET"]}}],"collection":[{"href":"https:\/\/www.hediyepazar.com\/index.php?rest_route=\/wp\/v2\/product"}],"about":[{"href":"https:\/\/www.hediyepazar.com\/index.php?rest_route=\/wp\/v2\/types\/product"}],"replies":[{"embeddable":true,"href":"https:\/\/www.hediyepazar.com\/index.php?rest_route=%2Fwp%2Fv2%2Fcomments&post=117912"}],"wp:featuredmedia":[{"embeddable":true,"href":"https:\/\/www.hediyepazar.com\/index.php?rest_route=\/wp\/v2\/media\/117911"}],"wp:attachment":[{"href":"https:\/\/www.hediyepazar.com\/index.php?rest_route=%2Fwp%2Fv2%2Fmedia&parent=117912"}],"wp:term":[{"taxonomy":"product_brand","embeddable":true,"href":"https:\/\/www.hediyepazar.com\/index.php?rest_route=%2Fwp%2Fv2%2Fproduct_brand&post=117912"},{"taxonomy":"product_cat","embeddable":true,"href":"https:\/\/www.hediyepazar.com\/index.php?rest_route=%2Fwp%2Fv2%2Fproduct_cat&post=117912"},{"taxonomy":"product_tag","embeddable":true,"href":"https:\/\/www.hediyepazar.com\/index.php?rest_route=%2Fwp%2Fv2%2Fproduct_tag&post=117912"}],"curies":[{"name":"wp","href":"https:\/\/api.w.org\/{rel}","templated":true}]}}