{"id":117924,"date":"2026-05-05T20:58:06","date_gmt":"2026-05-05T23:58:06","guid":{"rendered":"https:\/\/www.hediyepazar.com\/?product=tasinabilir-kucuk-hoparlor-otomatik-baglanti-ve-eller-serbest-mikrofon"},"modified":"2026-05-05T20:58:06","modified_gmt":"2026-05-05T23:58:06","slug":"tasinabilir-kucuk-hoparlor-otomatik-baglanti-ve-eller-serbest-mikrofon","status":"publish","type":"product","link":"https:\/\/www.hediyepazar.com\/?product=tasinabilir-kucuk-hoparlor-otomatik-baglanti-ve-eller-serbest-mikrofon","title":{"rendered":"Ta\u015f\u0131nabilir K\u00fc\u00e7\u00fck Hoparl\u00f6r \u2013 Otomatik Ba\u011flant\u0131 ve Eller Serbest Mikrofon"},"content":{"rendered":"<p>Bu k\u00fc\u00e7\u00fck hoparl\u00f6r, hafif ve kompakt yap\u0131s\u0131 sayesinde kolayca ta\u015f\u0131nabilir. Plajda, y\u00fcr\u00fcy\u00fc\u015fte, mutfakta, banyoda, arabada ya da tekne seyahatlerinde yan\u0131n\u0131zda ta\u015f\u0131yabilir, her an m\u00fczi\u011finizin keyfini \u00e7\u0131karabilirsiniz. Dayan\u0131kl\u0131 al\u00fcminyum ala\u015f\u0131m\u0131 sayesinde d\u0131\u015f mekan ko\u015fullar\u0131na kar\u015f\u0131 diren\u00e7 g\u00f6sterir. B\u00f6ylece her ortamda rahatl\u0131kla kullanabilirsiniz. \tHafif ve kompakt, her yere kolayca ta\u015f\u0131nabilir \tAl\u00fcminyum ala\u015f\u0131m g\u00f6vde ile dayan\u0131kl\u0131 yap\u0131 \tD\u0131\u015f mekan, araba, plaj, banyo gibi \u00e7oklu kullan\u0131m alanlar\u0131&nbsp;<\/p>\n","protected":false},"excerpt":{"rendered":"<p>Bu k\u00fc\u00e7\u00fck hoparl\u00f6r, hafif ve kompakt yap\u0131s\u0131 sayesinde kolayca ta\u015f\u0131nabilir. Plajda, y\u00fcr\u00fcy\u00fc\u015fte, mutfakta, banyoda, arabada ya da tekne seyahatlerinde yan\u0131n\u0131zda ta\u015f\u0131yabilir, her an m\u00fczi\u011finizin keyfini \u00e7\u0131karabilirsiniz. Dayan\u0131kl\u0131 al\u00fcminyum ala\u015f\u0131m\u0131 sayesinde d\u0131\u015f mekan ko\u015fullar\u0131na kar\u015f\u0131 diren\u00e7 g\u00f6sterir. B\u00f6ylece her ortamda rahatl\u0131kla kullanabilirsiniz. Hafif ve kompakt, her yere kolayca ta\u015f\u0131nabilir Al\u00fcminyum ala\u015f\u0131m g\u00f6vde ile dayan\u0131kl\u0131 yap\u0131 D\u0131\u015f&#8230;<\/p>\n","protected":false},"featured_media":117923,"comment_status":"open","ping_status":"closed","template":"","meta":{"_kad_post_transparent":"","_kad_post_title":"","_kad_post_layout":"","_kad_post_sidebar_id":"","_kad_post_content_style":"","_kad_post_vertical_padding":"","_kad_post_feature":"","_kad_post_feature_position":"","_kad_post_header":false,"_kad_post_footer":false,"_kad_post_classname":""},"product_brand":[],"product_cat":[14911],"product_tag":[],"class_list":{"0":"post-117924","1":"product","2":"type-product","3":"status-publish","4":"has-post-thumbnail","6":"product_cat-kablosuz-hoparlor-kablosuz-hoparlor","8":"first","9":"instock","10":"purchasable","11":"product-type-simple","12":"entry","13":"content-bg","14":"loop-entry"},"_links":{"self":[{"href":"https:\/\/www.hediyepazar.com\/index.php?rest_route=\/wp\/v2\/product\/117924","targetHints":{"allow":["GET"]}}],"collection":[{"href":"https:\/\/www.hediyepazar.com\/index.php?rest_route=\/wp\/v2\/product"}],"about":[{"href":"https:\/\/www.hediyepazar.com\/index.php?rest_route=\/wp\/v2\/types\/product"}],"replies":[{"embeddable":true,"href":"https:\/\/www.hediyepazar.com\/index.php?rest_route=%2Fwp%2Fv2%2Fcomments&post=117924"}],"wp:featuredmedia":[{"embeddable":true,"href":"https:\/\/www.hediyepazar.com\/index.php?rest_route=\/wp\/v2\/media\/117923"}],"wp:attachment":[{"href":"https:\/\/www.hediyepazar.com\/index.php?rest_route=%2Fwp%2Fv2%2Fmedia&parent=117924"}],"wp:term":[{"taxonomy":"product_brand","embeddable":true,"href":"https:\/\/www.hediyepazar.com\/index.php?rest_route=%2Fwp%2Fv2%2Fproduct_brand&post=117924"},{"taxonomy":"product_cat","embeddable":true,"href":"https:\/\/www.hediyepazar.com\/index.php?rest_route=%2Fwp%2Fv2%2Fproduct_cat&post=117924"},{"taxonomy":"product_tag","embeddable":true,"href":"https:\/\/www.hediyepazar.com\/index.php?rest_route=%2Fwp%2Fv2%2Fproduct_tag&post=117924"}],"curies":[{"name":"wp","href":"https:\/\/api.w.org\/{rel}","templated":true}]}}