{"id":117932,"date":"2026-05-05T21:00:01","date_gmt":"2026-05-06T00:00:01","guid":{"rendered":"https:\/\/www.hediyepazar.com\/?product=buyuk-kapasiteli-aromaterapi-cihazi-280-ml-su-haznesi"},"modified":"2026-05-05T21:00:01","modified_gmt":"2026-05-06T00:00:01","slug":"buyuk-kapasiteli-aromaterapi-cihazi-280-ml-su-haznesi","status":"publish","type":"product","link":"https:\/\/www.hediyepazar.com\/?product=buyuk-kapasiteli-aromaterapi-cihazi-280-ml-su-haznesi","title":{"rendered":"B\u00fcy\u00fck Kapasiteli Aromaterapi Cihaz\u0131 \u2013 280 ml Su Haznesi"},"content":{"rendered":"<p>Bu modern dif\u00fcz\u00f6r, y\u00fcksek frekansl\u0131 ultrasonik atomizasyonla su ve u\u00e7ucu ya\u011flar\u0131 \u00e7ok ince bir sis olarak ortama yayar. 280 ml kapasitesi, uzun s\u00fcre aral\u0131ks\u0131z kullan\u0131m sa\u011flar. 7 renkli LED \u0131\u015f\u0131k se\u00e7ene\u011fi, ortam\u0131n atmosferini rahatlat\u0131c\u0131 ve \u015f\u0131k bir \u015fekilde de\u011fi\u015ftirir. Do\u011fal alev efektli LED \u0131\u015f\u0131klar sayesinde dekoratif bir s\u0131cakl\u0131k katar. Sessiz \u00e7al\u0131\u015fma moduyla \u00f6zellikle gece ve \u00e7al\u0131\u015fma saatlerinde ideal olup, su seviyesi azald\u0131\u011f\u0131nda otomatik kapan\u0131r. USB ile kolayca \u015farj edilebilen ta\u015f\u0131nabilir bir tasar\u0131ma sahiptir.<\/p>\n","protected":false},"excerpt":{"rendered":"<p>Bu modern dif\u00fcz\u00f6r, y\u00fcksek frekansl\u0131 ultrasonik atomizasyonla su ve u\u00e7ucu ya\u011flar\u0131 \u00e7ok ince bir sis olarak ortama yayar. 280 ml kapasitesi, uzun s\u00fcre aral\u0131ks\u0131z kullan\u0131m sa\u011flar. 7 renkli LED \u0131\u015f\u0131k se\u00e7ene\u011fi, ortam\u0131n atmosferini rahatlat\u0131c\u0131 ve \u015f\u0131k bir \u015fekilde de\u011fi\u015ftirir. Do\u011fal alev efektli LED \u0131\u015f\u0131klar sayesinde dekoratif bir s\u0131cakl\u0131k katar. Sessiz \u00e7al\u0131\u015fma moduyla \u00f6zellikle gece ve&#8230;<\/p>\n","protected":false},"featured_media":117931,"comment_status":"open","ping_status":"closed","template":"","meta":{"_kad_post_transparent":"","_kad_post_title":"","_kad_post_layout":"","_kad_post_sidebar_id":"","_kad_post_content_style":"","_kad_post_vertical_padding":"","_kad_post_feature":"","_kad_post_feature_position":"","_kad_post_header":false,"_kad_post_footer":false,"_kad_post_classname":""},"product_brand":[],"product_cat":[14965],"product_tag":[],"class_list":{"0":"post-117932","1":"product","2":"type-product","3":"status-publish","4":"has-post-thumbnail","6":"product_cat-hava-nemlendirici-hava-nemlendirici","8":"first","9":"instock","10":"purchasable","11":"product-type-simple","12":"entry","13":"content-bg","14":"loop-entry"},"_links":{"self":[{"href":"https:\/\/www.hediyepazar.com\/index.php?rest_route=\/wp\/v2\/product\/117932","targetHints":{"allow":["GET"]}}],"collection":[{"href":"https:\/\/www.hediyepazar.com\/index.php?rest_route=\/wp\/v2\/product"}],"about":[{"href":"https:\/\/www.hediyepazar.com\/index.php?rest_route=\/wp\/v2\/types\/product"}],"replies":[{"embeddable":true,"href":"https:\/\/www.hediyepazar.com\/index.php?rest_route=%2Fwp%2Fv2%2Fcomments&post=117932"}],"wp:featuredmedia":[{"embeddable":true,"href":"https:\/\/www.hediyepazar.com\/index.php?rest_route=\/wp\/v2\/media\/117931"}],"wp:attachment":[{"href":"https:\/\/www.hediyepazar.com\/index.php?rest_route=%2Fwp%2Fv2%2Fmedia&parent=117932"}],"wp:term":[{"taxonomy":"product_brand","embeddable":true,"href":"https:\/\/www.hediyepazar.com\/index.php?rest_route=%2Fwp%2Fv2%2Fproduct_brand&post=117932"},{"taxonomy":"product_cat","embeddable":true,"href":"https:\/\/www.hediyepazar.com\/index.php?rest_route=%2Fwp%2Fv2%2Fproduct_cat&post=117932"},{"taxonomy":"product_tag","embeddable":true,"href":"https:\/\/www.hediyepazar.com\/index.php?rest_route=%2Fwp%2Fv2%2Fproduct_tag&post=117932"}],"curies":[{"name":"wp","href":"https:\/\/api.w.org\/{rel}","templated":true}]}}