{"id":117934,"date":"2026-05-05T21:00:10","date_gmt":"2026-05-06T00:00:10","guid":{"rendered":"https:\/\/www.hediyepazar.com\/?product=alev-efektli-ultrasonik-difuzor-sessiz-calisma"},"modified":"2026-05-05T21:00:10","modified_gmt":"2026-05-06T00:00:10","slug":"alev-efektli-ultrasonik-difuzor-sessiz-calisma","status":"publish","type":"product","link":"https:\/\/www.hediyepazar.com\/?product=alev-efektli-ultrasonik-difuzor-sessiz-calisma","title":{"rendered":"Alev Efektli Ultrasonik Dif\u00fcz\u00f6r \u2013 Sessiz \u00c7al\u0131\u015fma"},"content":{"rendered":"<p>Ultrasonik atomizasyon teknolojisine sahip bu cihaz, ortam nemini artt\u0131r\u0131rken ayn\u0131 zamanda u\u00e7ucu ya\u011f aromalar\u0131yla ferahlat\u0131c\u0131 bir atmosfer olu\u015fturur. 280 ml su tank\u0131 uzun s\u00fcre kullan\u0131m sunar ve sessiz \u00e7al\u0131\u015fmas\u0131 sayesinde uyku kalitesini bozmaz. Alev efektiyle dekoratif bir hava yarat\u0131rken 7 farkl\u0131 renkli LED \u0131\u015f\u0131k moduyla ki\u015fiselle\u015ftirilebilir. Tek tu\u015fla kontrol imkan\u0131, sprey ve \u0131\u015f\u0131k modlar\u0131 aras\u0131nda kolay ge\u00e7i\u015f sa\u011flar. Su bitti\u011finde otomatik kapanma sistemi sayesinde hem enerji tasarrufu yap\u0131l\u0131r hem de cihaz korunur. USB g\u00fc\u00e7 giri\u015fiyle kolay \u015farj edilir ve her yere ta\u015f\u0131nabilir.&nbsp;<\/p>\n","protected":false},"excerpt":{"rendered":"<p>Ultrasonik atomizasyon teknolojisine sahip bu cihaz, ortam nemini artt\u0131r\u0131rken ayn\u0131 zamanda u\u00e7ucu ya\u011f aromalar\u0131yla ferahlat\u0131c\u0131 bir atmosfer olu\u015fturur. 280 ml su tank\u0131 uzun s\u00fcre kullan\u0131m sunar ve sessiz \u00e7al\u0131\u015fmas\u0131 sayesinde uyku kalitesini bozmaz. Alev efektiyle dekoratif bir hava yarat\u0131rken 7 farkl\u0131 renkli LED \u0131\u015f\u0131k moduyla ki\u015fiselle\u015ftirilebilir. Tek tu\u015fla kontrol imkan\u0131, sprey ve \u0131\u015f\u0131k modlar\u0131 aras\u0131nda&#8230;<\/p>\n","protected":false},"featured_media":117933,"comment_status":"open","ping_status":"closed","template":"","meta":{"_kad_post_transparent":"","_kad_post_title":"","_kad_post_layout":"","_kad_post_sidebar_id":"","_kad_post_content_style":"","_kad_post_vertical_padding":"","_kad_post_feature":"","_kad_post_feature_position":"","_kad_post_header":false,"_kad_post_footer":false,"_kad_post_classname":""},"product_brand":[],"product_cat":[14965],"product_tag":[],"class_list":{"0":"post-117934","1":"product","2":"type-product","3":"status-publish","4":"has-post-thumbnail","6":"product_cat-hava-nemlendirici-hava-nemlendirici","8":"first","9":"instock","10":"purchasable","11":"product-type-simple","12":"entry","13":"content-bg","14":"loop-entry"},"_links":{"self":[{"href":"https:\/\/www.hediyepazar.com\/index.php?rest_route=\/wp\/v2\/product\/117934","targetHints":{"allow":["GET"]}}],"collection":[{"href":"https:\/\/www.hediyepazar.com\/index.php?rest_route=\/wp\/v2\/product"}],"about":[{"href":"https:\/\/www.hediyepazar.com\/index.php?rest_route=\/wp\/v2\/types\/product"}],"replies":[{"embeddable":true,"href":"https:\/\/www.hediyepazar.com\/index.php?rest_route=%2Fwp%2Fv2%2Fcomments&post=117934"}],"wp:featuredmedia":[{"embeddable":true,"href":"https:\/\/www.hediyepazar.com\/index.php?rest_route=\/wp\/v2\/media\/117933"}],"wp:attachment":[{"href":"https:\/\/www.hediyepazar.com\/index.php?rest_route=%2Fwp%2Fv2%2Fmedia&parent=117934"}],"wp:term":[{"taxonomy":"product_brand","embeddable":true,"href":"https:\/\/www.hediyepazar.com\/index.php?rest_route=%2Fwp%2Fv2%2Fproduct_brand&post=117934"},{"taxonomy":"product_cat","embeddable":true,"href":"https:\/\/www.hediyepazar.com\/index.php?rest_route=%2Fwp%2Fv2%2Fproduct_cat&post=117934"},{"taxonomy":"product_tag","embeddable":true,"href":"https:\/\/www.hediyepazar.com\/index.php?rest_route=%2Fwp%2Fv2%2Fproduct_tag&post=117934"}],"curies":[{"name":"wp","href":"https:\/\/api.w.org\/{rel}","templated":true}]}}