{"id":117936,"date":"2026-05-05T21:00:17","date_gmt":"2026-05-06T00:00:17","guid":{"rendered":"https:\/\/www.hediyepazar.com\/?product=280-ml-kapasiteli-aromaterapi-cihazi"},"modified":"2026-05-05T21:00:17","modified_gmt":"2026-05-06T00:00:17","slug":"280-ml-kapasiteli-aromaterapi-cihazi","status":"publish","type":"product","link":"https:\/\/www.hediyepazar.com\/?product=280-ml-kapasiteli-aromaterapi-cihazi","title":{"rendered":"280 ml Kapasiteli Aromaterapi Cihaz\u0131"},"content":{"rendered":"<p>Geni\u015f 280 ml su haznesine sahip bu aromaterapi dif\u00fcz\u00f6r\u00fc, su ve u\u00e7ucu ya\u011flar\u0131 molek\u00fcler seviyede atomize ederek ince, homojen bir sis olu\u015fturur. Ultrasonik teknoloji sayesinde buhar \u00e7ok sessiz \u015fekilde yay\u0131ld\u0131\u011f\u0131ndan gece kullan\u0131m\u0131 i\u00e7in uygundur. Cihaz, 7 renkli LED \u0131\u015f\u0131k se\u00e7ene\u011fi ile hem ortam ayd\u0131nlatmas\u0131 hem de dekoratif ama\u00e7la kullan\u0131labilir. Alev efektiyle estetik bir g\u00f6r\u00fcn\u00fcm sa\u011flar. Kolay kullan\u0131m i\u00e7in tek tu\u015flu kontrol sistemi vard\u0131r ve sprey ile \u0131\u015f\u0131k modlar\u0131 rahat\u00e7a de\u011fi\u015ftirilebilir. Su bitince otomatik kapan\u0131r, b\u00f6ylece g\u00fcvenli ve ekonomik bir kullan\u0131m sunar. USB ile g\u00fc\u00e7 alarak evden seyahate kadar her yerde pratik kullan\u0131m sa\u011flar.<\/p>\n","protected":false},"excerpt":{"rendered":"<p>Geni\u015f 280 ml su haznesine sahip bu aromaterapi dif\u00fcz\u00f6r\u00fc, su ve u\u00e7ucu ya\u011flar\u0131 molek\u00fcler seviyede atomize ederek ince, homojen bir sis olu\u015fturur. Ultrasonik teknoloji sayesinde buhar \u00e7ok sessiz \u015fekilde yay\u0131ld\u0131\u011f\u0131ndan gece kullan\u0131m\u0131 i\u00e7in uygundur. Cihaz, 7 renkli LED \u0131\u015f\u0131k se\u00e7ene\u011fi ile hem ortam ayd\u0131nlatmas\u0131 hem de dekoratif ama\u00e7la kullan\u0131labilir. Alev efektiyle estetik bir g\u00f6r\u00fcn\u00fcm sa\u011flar&#8230;.<\/p>\n","protected":false},"featured_media":117935,"comment_status":"open","ping_status":"closed","template":"","meta":{"_kad_post_transparent":"","_kad_post_title":"","_kad_post_layout":"","_kad_post_sidebar_id":"","_kad_post_content_style":"","_kad_post_vertical_padding":"","_kad_post_feature":"","_kad_post_feature_position":"","_kad_post_header":false,"_kad_post_footer":false,"_kad_post_classname":""},"product_brand":[],"product_cat":[14965],"product_tag":[],"class_list":{"0":"post-117936","1":"product","2":"type-product","3":"status-publish","4":"has-post-thumbnail","6":"product_cat-hava-nemlendirici-hava-nemlendirici","8":"first","9":"instock","10":"purchasable","11":"product-type-simple","12":"entry","13":"content-bg","14":"loop-entry"},"_links":{"self":[{"href":"https:\/\/www.hediyepazar.com\/index.php?rest_route=\/wp\/v2\/product\/117936","targetHints":{"allow":["GET"]}}],"collection":[{"href":"https:\/\/www.hediyepazar.com\/index.php?rest_route=\/wp\/v2\/product"}],"about":[{"href":"https:\/\/www.hediyepazar.com\/index.php?rest_route=\/wp\/v2\/types\/product"}],"replies":[{"embeddable":true,"href":"https:\/\/www.hediyepazar.com\/index.php?rest_route=%2Fwp%2Fv2%2Fcomments&post=117936"}],"wp:featuredmedia":[{"embeddable":true,"href":"https:\/\/www.hediyepazar.com\/index.php?rest_route=\/wp\/v2\/media\/117935"}],"wp:attachment":[{"href":"https:\/\/www.hediyepazar.com\/index.php?rest_route=%2Fwp%2Fv2%2Fmedia&parent=117936"}],"wp:term":[{"taxonomy":"product_brand","embeddable":true,"href":"https:\/\/www.hediyepazar.com\/index.php?rest_route=%2Fwp%2Fv2%2Fproduct_brand&post=117936"},{"taxonomy":"product_cat","embeddable":true,"href":"https:\/\/www.hediyepazar.com\/index.php?rest_route=%2Fwp%2Fv2%2Fproduct_cat&post=117936"},{"taxonomy":"product_tag","embeddable":true,"href":"https:\/\/www.hediyepazar.com\/index.php?rest_route=%2Fwp%2Fv2%2Fproduct_tag&post=117936"}],"curies":[{"name":"wp","href":"https:\/\/api.w.org\/{rel}","templated":true}]}}