{"id":117938,"date":"2026-05-05T21:01:32","date_gmt":"2026-05-06T00:01:32","guid":{"rendered":"https:\/\/www.hediyepazar.com\/?product=alev-efektli-ultrasonik-difuzor"},"modified":"2026-05-05T21:01:32","modified_gmt":"2026-05-06T00:01:32","slug":"alev-efektli-ultrasonik-difuzor","status":"publish","type":"product","link":"https:\/\/www.hediyepazar.com\/?product=alev-efektli-ultrasonik-difuzor","title":{"rendered":"Alev Efektli Ultrasonik Dif\u00fcz\u00f6r"},"content":{"rendered":"<p>Bu ultrasonik u\u00e7ucu ya\u011f dif\u00fcz\u00f6r\u00fc, y\u00fcksek frekansl\u0131 atomizasyon teknolojisi sayesinde suyu ve aromatik ya\u011flar\u0131 ince, serin bir buhara d\u00f6n\u00fc\u015ft\u00fcrerek ortam\u0131 an\u0131nda nemlendirir ve ho\u015f koku ile doldurur. 280 ml su tank\u0131, uzun s\u00fcre kesintisiz kullan\u0131m imkan\u0131 verir. Do\u011fal alev efekti sunan LED \u0131\u015f\u0131klar\u0131 ile ortam\u0131n\u0131za s\u0131cak ve huzurlu bir atmosfer yarat\u0131r. Cihaz\u0131n sessiz \u00e7al\u0131\u015fma modu sayesinde uyku veya \u00e7al\u0131\u015fma s\u0131ras\u0131nda rahats\u0131zl\u0131k yaratmaz. Otomatik kapanma \u00f6zelli\u011fi, su seviyesi azald\u0131\u011f\u0131nda cihaz\u0131 g\u00fcvenli \u015fekilde kapatarak enerji tasarrufu sa\u011flar. USB ile \u015farj edilebilir olmas\u0131 ta\u015f\u0131nabilirlik ve kullan\u0131m kolayl\u0131\u011f\u0131 sunar. Evinizde veya ofisinizde sa\u011fl\u0131kl\u0131 ve ferah bir hava i\u00e7in ideal bir yard\u0131mc\u0131d\u0131r.<\/p>\n","protected":false},"excerpt":{"rendered":"<p>Bu ultrasonik u\u00e7ucu ya\u011f dif\u00fcz\u00f6r\u00fc, y\u00fcksek frekansl\u0131 atomizasyon teknolojisi sayesinde suyu ve aromatik ya\u011flar\u0131 ince, serin bir buhara d\u00f6n\u00fc\u015ft\u00fcrerek ortam\u0131 an\u0131nda nemlendirir ve ho\u015f koku ile doldurur. 280 ml su tank\u0131, uzun s\u00fcre kesintisiz kullan\u0131m imkan\u0131 verir. Do\u011fal alev efekti sunan LED \u0131\u015f\u0131klar\u0131 ile ortam\u0131n\u0131za s\u0131cak ve huzurlu bir atmosfer yarat\u0131r. Cihaz\u0131n sessiz \u00e7al\u0131\u015fma modu&#8230;<\/p>\n","protected":false},"featured_media":117937,"comment_status":"open","ping_status":"closed","template":"","meta":{"_kad_post_transparent":"","_kad_post_title":"","_kad_post_layout":"","_kad_post_sidebar_id":"","_kad_post_content_style":"","_kad_post_vertical_padding":"","_kad_post_feature":"","_kad_post_feature_position":"","_kad_post_header":false,"_kad_post_footer":false,"_kad_post_classname":""},"product_brand":[],"product_cat":[14965],"product_tag":[],"class_list":{"0":"post-117938","1":"product","2":"type-product","3":"status-publish","4":"has-post-thumbnail","6":"product_cat-hava-nemlendirici-hava-nemlendirici","8":"first","9":"instock","10":"purchasable","11":"product-type-simple","12":"entry","13":"content-bg","14":"loop-entry"},"_links":{"self":[{"href":"https:\/\/www.hediyepazar.com\/index.php?rest_route=\/wp\/v2\/product\/117938","targetHints":{"allow":["GET"]}}],"collection":[{"href":"https:\/\/www.hediyepazar.com\/index.php?rest_route=\/wp\/v2\/product"}],"about":[{"href":"https:\/\/www.hediyepazar.com\/index.php?rest_route=\/wp\/v2\/types\/product"}],"replies":[{"embeddable":true,"href":"https:\/\/www.hediyepazar.com\/index.php?rest_route=%2Fwp%2Fv2%2Fcomments&post=117938"}],"wp:featuredmedia":[{"embeddable":true,"href":"https:\/\/www.hediyepazar.com\/index.php?rest_route=\/wp\/v2\/media\/117937"}],"wp:attachment":[{"href":"https:\/\/www.hediyepazar.com\/index.php?rest_route=%2Fwp%2Fv2%2Fmedia&parent=117938"}],"wp:term":[{"taxonomy":"product_brand","embeddable":true,"href":"https:\/\/www.hediyepazar.com\/index.php?rest_route=%2Fwp%2Fv2%2Fproduct_brand&post=117938"},{"taxonomy":"product_cat","embeddable":true,"href":"https:\/\/www.hediyepazar.com\/index.php?rest_route=%2Fwp%2Fv2%2Fproduct_cat&post=117938"},{"taxonomy":"product_tag","embeddable":true,"href":"https:\/\/www.hediyepazar.com\/index.php?rest_route=%2Fwp%2Fv2%2Fproduct_tag&post=117938"}],"curies":[{"name":"wp","href":"https:\/\/api.w.org\/{rel}","templated":true}]}}