{"id":117942,"date":"2026-05-05T21:01:45","date_gmt":"2026-05-06T00:01:45","guid":{"rendered":"https:\/\/www.hediyepazar.com\/?product=boyun-ve-cene-gerdirme-aleti-evde-profesyonel-cilt-bakimi"},"modified":"2026-05-05T21:01:45","modified_gmt":"2026-05-06T00:01:45","slug":"boyun-ve-cene-gerdirme-aleti-evde-profesyonel-cilt-bakimi","status":"publish","type":"product","link":"https:\/\/www.hediyepazar.com\/?product=boyun-ve-cene-gerdirme-aleti-evde-profesyonel-cilt-bakimi","title":{"rendered":"Boyun ve \u00c7ene Gerdirme Aleti \u2013 Evde Profesyonel Cilt Bak\u0131m\u0131"},"content":{"rendered":"<p>G\u00fczellik merkezlerine zaman veya b\u00fct\u00e7e ay\u0131ramayanlar i\u00e7in evde profesyonel bak\u0131m sunan bir \u00e7\u00f6z\u00fcm: Cilt Gen\u00e7le\u015ftirme ve S\u0131k\u0131la\u015ft\u0131rma Cihaz\u0131. Hem y\u00fcz hem de boyun b\u00f6lgesine uygulanabilen cihaz, derinlemesine temizlik, ya\u015flanma kar\u015f\u0131t\u0131 bak\u0131m ve lifting etkisiyle fark yarat\u0131yor. Kompakt boyutlar\u0131 sayesinde evde, i\u015fte, seyahatte rahatl\u0131kla kullan\u0131labilir.Teknik \u00d6zellikler: \tMalzeme: ABS plastik \tTitre\u015fim Tipi: Ultrasonik ses dalgas\u0131 \tG\u00fc\u00e7: 0.6 watt \u2013 d\u00fc\u015f\u00fck enerji t\u00fcketimi, cilde nazik etki \tTasar\u0131m: 3D halka yayl\u0131 masaj ba\u015fl\u0131\u011f\u0131 \tKullan\u0131m Alan\u0131: Y\u00fcz, boyun, \u00e7ene hatt\u0131 \tEkstra \u00d6zellik: Nemlendirici ile kombine kullan\u0131mda emilim art\u0131r\u0131c\u0131&nbsp;<\/p>\n","protected":false},"excerpt":{"rendered":"<p>G\u00fczellik merkezlerine zaman veya b\u00fct\u00e7e ay\u0131ramayanlar i\u00e7in evde profesyonel bak\u0131m sunan bir \u00e7\u00f6z\u00fcm: Cilt Gen\u00e7le\u015ftirme ve S\u0131k\u0131la\u015ft\u0131rma Cihaz\u0131. Hem y\u00fcz hem de boyun b\u00f6lgesine uygulanabilen cihaz, derinlemesine temizlik, ya\u015flanma kar\u015f\u0131t\u0131 bak\u0131m ve lifting etkisiyle fark yarat\u0131yor. Kompakt boyutlar\u0131 sayesinde evde, i\u015fte, seyahatte rahatl\u0131kla kullan\u0131labilir.Teknik \u00d6zellikler: Malzeme: ABS plastik Titre\u015fim Tipi: Ultrasonik ses dalgas\u0131 G\u00fc\u00e7: 0.6&#8230;<\/p>\n","protected":false},"featured_media":117941,"comment_status":"open","ping_status":"closed","template":"","meta":{"_kad_post_transparent":"","_kad_post_title":"","_kad_post_layout":"","_kad_post_sidebar_id":"","_kad_post_content_style":"","_kad_post_vertical_padding":"","_kad_post_feature":"","_kad_post_feature_position":"","_kad_post_header":false,"_kad_post_footer":false,"_kad_post_classname":""},"product_brand":[],"product_cat":[14917],"product_tag":[],"class_list":{"0":"post-117942","1":"product","2":"type-product","3":"status-publish","4":"has-post-thumbnail","6":"product_cat-yuz-masaj-aleti-yuz-masaj-aleti","8":"first","9":"instock","10":"purchasable","11":"product-type-simple","12":"entry","13":"content-bg","14":"loop-entry"},"_links":{"self":[{"href":"https:\/\/www.hediyepazar.com\/index.php?rest_route=\/wp\/v2\/product\/117942","targetHints":{"allow":["GET"]}}],"collection":[{"href":"https:\/\/www.hediyepazar.com\/index.php?rest_route=\/wp\/v2\/product"}],"about":[{"href":"https:\/\/www.hediyepazar.com\/index.php?rest_route=\/wp\/v2\/types\/product"}],"replies":[{"embeddable":true,"href":"https:\/\/www.hediyepazar.com\/index.php?rest_route=%2Fwp%2Fv2%2Fcomments&post=117942"}],"wp:featuredmedia":[{"embeddable":true,"href":"https:\/\/www.hediyepazar.com\/index.php?rest_route=\/wp\/v2\/media\/117941"}],"wp:attachment":[{"href":"https:\/\/www.hediyepazar.com\/index.php?rest_route=%2Fwp%2Fv2%2Fmedia&parent=117942"}],"wp:term":[{"taxonomy":"product_brand","embeddable":true,"href":"https:\/\/www.hediyepazar.com\/index.php?rest_route=%2Fwp%2Fv2%2Fproduct_brand&post=117942"},{"taxonomy":"product_cat","embeddable":true,"href":"https:\/\/www.hediyepazar.com\/index.php?rest_route=%2Fwp%2Fv2%2Fproduct_cat&post=117942"},{"taxonomy":"product_tag","embeddable":true,"href":"https:\/\/www.hediyepazar.com\/index.php?rest_route=%2Fwp%2Fv2%2Fproduct_tag&post=117942"}],"curies":[{"name":"wp","href":"https:\/\/api.w.org\/{rel}","templated":true}]}}