{"id":117946,"date":"2026-05-05T21:01:59","date_gmt":"2026-05-06T00:01:59","guid":{"rendered":"https:\/\/www.hediyepazar.com\/?product=yuz-ve-boyun-masaj-aleti-yunus-tasarim-kirisik-gorunumu-giderici"},"modified":"2026-05-05T21:01:59","modified_gmt":"2026-05-06T00:01:59","slug":"yuz-ve-boyun-masaj-aleti-yunus-tasarim-kirisik-gorunumu-giderici","status":"publish","type":"product","link":"https:\/\/www.hediyepazar.com\/?product=yuz-ve-boyun-masaj-aleti-yunus-tasarim-kirisik-gorunumu-giderici","title":{"rendered":"Y\u00fcz ve Boyun Masaj Aleti \u2013 Yunus Tasar\u0131m K\u0131r\u0131\u015f\u0131k G\u00f6r\u00fcn\u00fcm\u00fc Giderici"},"content":{"rendered":"<p>Zamanla cildimiz ya\u015f al\u0131r, \u00e7evresel etkenler, g\u00fcne\u015f, stres ve yanl\u0131\u015f \u00fcr\u00fcn kullan\u0131m\u0131 nedeniyle elastikiyetini kaybeder, k\u0131r\u0131\u015f\u0131kl\u0131klar belirginle\u015fir. Ancak art\u0131k bu s\u00fcreci durdurmak sizin elinizde. Cilt Gen\u00e7le\u015ftirme ve S\u0131k\u0131la\u015ft\u0131rma Cihaz\u0131, evde pratik kullan\u0131m i\u00e7in \u00f6zel olarak geli\u015ftirilmi\u015f, profesyonel d\u00fczeyde bak\u0131m sunan \u00e7ok i\u015flevli bir cihazd\u0131r. Y\u00fcz ve boyun b\u00f6lgesine \u00f6zel olarak tasarlanan ergonomik ba\u015fl\u0131\u011f\u0131 sayesinde, cildinize zarar vermeden s\u0131k\u0131la\u015ft\u0131r\u0131c\u0131 ve canland\u0131r\u0131c\u0131 etki sunar. Cihaz\u0131n titre\u015fimli yap\u0131s\u0131, ses dalgalar\u0131yla \u00e7al\u0131\u015farak cilt alt\u0131na etki eder ve kolajen \u00fcretimini te\u015fvik eder. Ciltteki ince \u00e7izgilerin, k\u0131r\u0131\u015f\u0131kl\u0131klar\u0131n ve sarkmalar\u0131n g\u00f6r\u00fcn\u00fcm\u00fcn\u00fc azaltmaya yard\u0131mc\u0131 olur. Ayn\u0131 zamanda kulland\u0131\u011f\u0131n\u0131z nemlendirici, serum veya bak\u0131m \u00fcr\u00fcnlerinin emilimini art\u0131r\u0131r ve etkilerini derinle\u015ftirir. Hafif, \u015f\u0131k ve kolay ta\u015f\u0131nabilir yap\u0131s\u0131yla g\u00fcnl\u00fck rutininize kolayca entegre edebilirsiniz. Yaln\u0131zca 5-10 dakikal\u0131k d\u00fczenli kullan\u0131m, cildinizin gen\u00e7li\u011fini ve canl\u0131l\u0131\u011f\u0131n\u0131 yeniden kazanmas\u0131na katk\u0131 sa\u011flar.<\/p>\n","protected":false},"excerpt":{"rendered":"<p>Zamanla cildimiz ya\u015f al\u0131r, \u00e7evresel etkenler, g\u00fcne\u015f, stres ve yanl\u0131\u015f \u00fcr\u00fcn kullan\u0131m\u0131 nedeniyle elastikiyetini kaybeder, k\u0131r\u0131\u015f\u0131kl\u0131klar belirginle\u015fir. Ancak art\u0131k bu s\u00fcreci durdurmak sizin elinizde. Cilt Gen\u00e7le\u015ftirme ve S\u0131k\u0131la\u015ft\u0131rma Cihaz\u0131, evde pratik kullan\u0131m i\u00e7in \u00f6zel olarak geli\u015ftirilmi\u015f, profesyonel d\u00fczeyde bak\u0131m sunan \u00e7ok i\u015flevli bir cihazd\u0131r. Y\u00fcz ve boyun b\u00f6lgesine \u00f6zel olarak tasarlanan ergonomik ba\u015fl\u0131\u011f\u0131 sayesinde, cildinize&#8230;<\/p>\n","protected":false},"featured_media":117945,"comment_status":"open","ping_status":"closed","template":"","meta":{"_kad_post_transparent":"","_kad_post_title":"","_kad_post_layout":"","_kad_post_sidebar_id":"","_kad_post_content_style":"","_kad_post_vertical_padding":"","_kad_post_feature":"","_kad_post_feature_position":"","_kad_post_header":false,"_kad_post_footer":false,"_kad_post_classname":""},"product_brand":[],"product_cat":[14917],"product_tag":[],"class_list":{"0":"post-117946","1":"product","2":"type-product","3":"status-publish","4":"has-post-thumbnail","6":"product_cat-yuz-masaj-aleti-yuz-masaj-aleti","8":"first","9":"instock","10":"purchasable","11":"product-type-simple","12":"entry","13":"content-bg","14":"loop-entry"},"_links":{"self":[{"href":"https:\/\/www.hediyepazar.com\/index.php?rest_route=\/wp\/v2\/product\/117946","targetHints":{"allow":["GET"]}}],"collection":[{"href":"https:\/\/www.hediyepazar.com\/index.php?rest_route=\/wp\/v2\/product"}],"about":[{"href":"https:\/\/www.hediyepazar.com\/index.php?rest_route=\/wp\/v2\/types\/product"}],"replies":[{"embeddable":true,"href":"https:\/\/www.hediyepazar.com\/index.php?rest_route=%2Fwp%2Fv2%2Fcomments&post=117946"}],"wp:featuredmedia":[{"embeddable":true,"href":"https:\/\/www.hediyepazar.com\/index.php?rest_route=\/wp\/v2\/media\/117945"}],"wp:attachment":[{"href":"https:\/\/www.hediyepazar.com\/index.php?rest_route=%2Fwp%2Fv2%2Fmedia&parent=117946"}],"wp:term":[{"taxonomy":"product_brand","embeddable":true,"href":"https:\/\/www.hediyepazar.com\/index.php?rest_route=%2Fwp%2Fv2%2Fproduct_brand&post=117946"},{"taxonomy":"product_cat","embeddable":true,"href":"https:\/\/www.hediyepazar.com\/index.php?rest_route=%2Fwp%2Fv2%2Fproduct_cat&post=117946"},{"taxonomy":"product_tag","embeddable":true,"href":"https:\/\/www.hediyepazar.com\/index.php?rest_route=%2Fwp%2Fv2%2Fproduct_tag&post=117946"}],"curies":[{"name":"wp","href":"https:\/\/api.w.org\/{rel}","templated":true}]}}