{"id":117950,"date":"2026-05-05T21:02:11","date_gmt":"2026-05-06T00:02:11","guid":{"rendered":"https:\/\/www.hediyepazar.com\/?product=mikrofonlu-bluetooth-kulaklik-oyun-muzik-modlu-kararli-baglanti"},"modified":"2026-05-05T21:02:11","modified_gmt":"2026-05-06T00:02:11","slug":"mikrofonlu-bluetooth-kulaklik-oyun-muzik-modlu-kararli-baglanti","status":"publish","type":"product","link":"https:\/\/www.hediyepazar.com\/?product=mikrofonlu-bluetooth-kulaklik-oyun-muzik-modlu-kararli-baglanti","title":{"rendered":"Mikrofonlu Bluetooth Kulakl\u0131k \u2013 Oyun &#038; M\u00fczik Modlu Kararl\u0131 Ba\u011flant\u0131"},"content":{"rendered":"<p>Bu kulakl\u0131k, i\u015f, e\u011fitim, e\u011flence ve spor gibi farkl\u0131 alanlara hitap eden \u00e7ok y\u00f6nl\u00fc bir \u00fcr\u00fcnd\u00fcr. Telefonla uzun g\u00f6r\u00fc\u015fmeler yapanlar i\u00e7in mikrofon performans\u0131 yeterli, oyun oynayanlar i\u00e7in d\u00fc\u015f\u00fck gecikme, m\u00fczik severler i\u00e7inse dengeli bir ses profili sunar.Bluetooth 5.1, her ortamda cihazlarla h\u0131zl\u0131 ba\u011flant\u0131 kurar. G\u00fcr\u00fclt\u00fc azaltma \u00f6zelli\u011fi ile kalabal\u0131k ortamlarda bile g\u00f6r\u00fc\u015fme kalitesi d\u00fc\u015fmez. Type-C \u015farj ile uyumlu oldu\u011fu i\u00e7in \u015farj s\u00fcresi olduk\u00e7a k\u0131sad\u0131r. 1 saat gibi k\u0131sa bir s\u00fcrede \u015farj olur ve uzun s\u00fcreli kullan\u0131m sa\u011flar.G\u00fcnl\u00fck kullan\u0131mda, i\u015fe giderken, ofiste, spor yaparken veya dinlenme anlar\u0131nda yan\u0131n\u0131zda ta\u015f\u0131yabilece\u011finiz kompakt ve hafif bir \u00fcr\u00fcnd\u00fcr. Manyetik yap\u0131s\u0131, kaybolma riskini azalt\u0131r. Uzun saatler boyunca kula\u011f\u0131n\u0131zda kald\u0131\u011f\u0131nda bile rahats\u0131z etmez. Hem kullan\u0131m kolayl\u0131\u011f\u0131 hem de teknik \u00f6zellikleri ile fiyat\/performans a\u00e7\u0131s\u0131ndan olduk\u00e7a ba\u015far\u0131l\u0131d\u0131r.<\/p>\n","protected":false},"excerpt":{"rendered":"<p>Bu kulakl\u0131k, i\u015f, e\u011fitim, e\u011flence ve spor gibi farkl\u0131 alanlara hitap eden \u00e7ok y\u00f6nl\u00fc bir \u00fcr\u00fcnd\u00fcr. Telefonla uzun g\u00f6r\u00fc\u015fmeler yapanlar i\u00e7in mikrofon performans\u0131 yeterli, oyun oynayanlar i\u00e7in d\u00fc\u015f\u00fck gecikme, m\u00fczik severler i\u00e7inse dengeli bir ses profili sunar.Bluetooth 5.1, her ortamda cihazlarla h\u0131zl\u0131 ba\u011flant\u0131 kurar. G\u00fcr\u00fclt\u00fc azaltma \u00f6zelli\u011fi ile kalabal\u0131k ortamlarda bile g\u00f6r\u00fc\u015fme kalitesi d\u00fc\u015fmez. Type-C&#8230;<\/p>\n","protected":false},"featured_media":117949,"comment_status":"open","ping_status":"closed","template":"","meta":{"_kad_post_transparent":"","_kad_post_title":"","_kad_post_layout":"","_kad_post_sidebar_id":"","_kad_post_content_style":"","_kad_post_vertical_padding":"","_kad_post_feature":"","_kad_post_feature_position":"","_kad_post_header":false,"_kad_post_footer":false,"_kad_post_classname":""},"product_brand":[],"product_cat":[14957],"product_tag":[],"class_list":{"0":"post-117950","1":"product","2":"type-product","3":"status-publish","4":"has-post-thumbnail","6":"product_cat-kablosuz-kulaklik-kablosuz-kulaklik","8":"first","9":"instock","10":"purchasable","11":"product-type-simple","12":"entry","13":"content-bg","14":"loop-entry"},"_links":{"self":[{"href":"https:\/\/www.hediyepazar.com\/index.php?rest_route=\/wp\/v2\/product\/117950","targetHints":{"allow":["GET"]}}],"collection":[{"href":"https:\/\/www.hediyepazar.com\/index.php?rest_route=\/wp\/v2\/product"}],"about":[{"href":"https:\/\/www.hediyepazar.com\/index.php?rest_route=\/wp\/v2\/types\/product"}],"replies":[{"embeddable":true,"href":"https:\/\/www.hediyepazar.com\/index.php?rest_route=%2Fwp%2Fv2%2Fcomments&post=117950"}],"wp:featuredmedia":[{"embeddable":true,"href":"https:\/\/www.hediyepazar.com\/index.php?rest_route=\/wp\/v2\/media\/117949"}],"wp:attachment":[{"href":"https:\/\/www.hediyepazar.com\/index.php?rest_route=%2Fwp%2Fv2%2Fmedia&parent=117950"}],"wp:term":[{"taxonomy":"product_brand","embeddable":true,"href":"https:\/\/www.hediyepazar.com\/index.php?rest_route=%2Fwp%2Fv2%2Fproduct_brand&post=117950"},{"taxonomy":"product_cat","embeddable":true,"href":"https:\/\/www.hediyepazar.com\/index.php?rest_route=%2Fwp%2Fv2%2Fproduct_cat&post=117950"},{"taxonomy":"product_tag","embeddable":true,"href":"https:\/\/www.hediyepazar.com\/index.php?rest_route=%2Fwp%2Fv2%2Fproduct_tag&post=117950"}],"curies":[{"name":"wp","href":"https:\/\/api.w.org\/{rel}","templated":true}]}}