{"id":117954,"date":"2026-05-05T21:02:21","date_gmt":"2026-05-06T00:02:21","guid":{"rendered":"https:\/\/www.hediyepazar.com\/?product=kablosuz-spor-kulakligi-suya-dayanikli-yuksek-ses-kalitesi"},"modified":"2026-05-05T21:02:21","modified_gmt":"2026-05-06T00:02:21","slug":"kablosuz-spor-kulakligi-suya-dayanikli-yuksek-ses-kalitesi","status":"publish","type":"product","link":"https:\/\/www.hediyepazar.com\/?product=kablosuz-spor-kulakligi-suya-dayanikli-yuksek-ses-kalitesi","title":{"rendered":"Kablosuz Spor Kulakl\u0131\u011f\u0131 \u2013 Suya Dayan\u0131kl\u0131 Y\u00fcksek Ses Kalitesi"},"content":{"rendered":"<p>Aktif bir ya\u015fam tarz\u0131n\u0131z varsa, kulakl\u0131k se\u00e7iminde suya dayan\u0131kl\u0131l\u0131k, hafiflik ve kullan\u0131m kolayl\u0131\u011f\u0131 \u00e7ok \u00f6nemlidir. Bu kulakl\u0131k IPX4 sertifikal\u0131 yap\u0131s\u0131yla ter ve su s\u0131\u00e7ramalar\u0131na kar\u015f\u0131 dayan\u0131kl\u0131d\u0131r. Spor yaparken ya da ya\u011fmurlu bir g\u00fcnde d\u0131\u015far\u0131dayken g\u00fcvenle kullanabilirsiniz.Ergonomik kulak i\u00e7i tasar\u0131m\u0131, kula\u011fa tam oturur ve ko\u015farken, y\u00fcr\u00fcrken ya da egzersiz yaparken d\u00fc\u015fmez. Hafif yap\u0131s\u0131 sayesinde kulakl\u0131k neredeyse hissedilmez, boynunuzda ta\u015f\u0131yabilece\u011finiz manyetik birle\u015fme noktalar\u0131 sayesinde kulakl\u0131klardan biri \u00e7\u0131kt\u0131\u011f\u0131nda bile kaybolma riski azal\u0131r.Ses kalitesi, \u00f6zellikle hareketli anlarda bozulma yapmaz. Mikro hoparl\u00f6rler, farkl\u0131 frekanslardaki sesleri net bir bi\u00e7imde iletir. Baslar ve tizler dengelidir. Uzun s\u00fcre m\u00fczik dinleseniz bile kulak yormaz. Telefon g\u00f6r\u00fc\u015fmelerinde ise g\u00fcr\u00fclt\u00fc azalt\u0131c\u0131 mikrofon sayesinde, sesiniz kar\u015f\u0131ya net \u015fekilde ula\u015f\u0131r.&nbsp;<\/p>\n","protected":false},"excerpt":{"rendered":"<p>Aktif bir ya\u015fam tarz\u0131n\u0131z varsa, kulakl\u0131k se\u00e7iminde suya dayan\u0131kl\u0131l\u0131k, hafiflik ve kullan\u0131m kolayl\u0131\u011f\u0131 \u00e7ok \u00f6nemlidir. Bu kulakl\u0131k IPX4 sertifikal\u0131 yap\u0131s\u0131yla ter ve su s\u0131\u00e7ramalar\u0131na kar\u015f\u0131 dayan\u0131kl\u0131d\u0131r. Spor yaparken ya da ya\u011fmurlu bir g\u00fcnde d\u0131\u015far\u0131dayken g\u00fcvenle kullanabilirsiniz.Ergonomik kulak i\u00e7i tasar\u0131m\u0131, kula\u011fa tam oturur ve ko\u015farken, y\u00fcr\u00fcrken ya da egzersiz yaparken d\u00fc\u015fmez. Hafif yap\u0131s\u0131 sayesinde kulakl\u0131k neredeyse&#8230;<\/p>\n","protected":false},"featured_media":117953,"comment_status":"open","ping_status":"closed","template":"","meta":{"_kad_post_transparent":"","_kad_post_title":"","_kad_post_layout":"","_kad_post_sidebar_id":"","_kad_post_content_style":"","_kad_post_vertical_padding":"","_kad_post_feature":"","_kad_post_feature_position":"","_kad_post_header":false,"_kad_post_footer":false,"_kad_post_classname":""},"product_brand":[],"product_cat":[14957],"product_tag":[],"class_list":{"0":"post-117954","1":"product","2":"type-product","3":"status-publish","4":"has-post-thumbnail","6":"product_cat-kablosuz-kulaklik-kablosuz-kulaklik","8":"first","9":"instock","10":"purchasable","11":"product-type-simple","12":"entry","13":"content-bg","14":"loop-entry"},"_links":{"self":[{"href":"https:\/\/www.hediyepazar.com\/index.php?rest_route=\/wp\/v2\/product\/117954","targetHints":{"allow":["GET"]}}],"collection":[{"href":"https:\/\/www.hediyepazar.com\/index.php?rest_route=\/wp\/v2\/product"}],"about":[{"href":"https:\/\/www.hediyepazar.com\/index.php?rest_route=\/wp\/v2\/types\/product"}],"replies":[{"embeddable":true,"href":"https:\/\/www.hediyepazar.com\/index.php?rest_route=%2Fwp%2Fv2%2Fcomments&post=117954"}],"wp:featuredmedia":[{"embeddable":true,"href":"https:\/\/www.hediyepazar.com\/index.php?rest_route=\/wp\/v2\/media\/117953"}],"wp:attachment":[{"href":"https:\/\/www.hediyepazar.com\/index.php?rest_route=%2Fwp%2Fv2%2Fmedia&parent=117954"}],"wp:term":[{"taxonomy":"product_brand","embeddable":true,"href":"https:\/\/www.hediyepazar.com\/index.php?rest_route=%2Fwp%2Fv2%2Fproduct_brand&post=117954"},{"taxonomy":"product_cat","embeddable":true,"href":"https:\/\/www.hediyepazar.com\/index.php?rest_route=%2Fwp%2Fv2%2Fproduct_cat&post=117954"},{"taxonomy":"product_tag","embeddable":true,"href":"https:\/\/www.hediyepazar.com\/index.php?rest_route=%2Fwp%2Fv2%2Fproduct_tag&post=117954"}],"curies":[{"name":"wp","href":"https:\/\/api.w.org\/{rel}","templated":true}]}}