{"id":117960,"date":"2026-05-05T21:03:15","date_gmt":"2026-05-06T00:03:15","guid":{"rendered":"https:\/\/www.hediyepazar.com\/?product=ergonomik-telefon-sogutucu-2-hiz-ayari-hafif-ve-tasinabilir"},"modified":"2026-05-05T21:03:15","modified_gmt":"2026-05-06T00:03:15","slug":"ergonomik-telefon-sogutucu-2-hiz-ayari-hafif-ve-tasinabilir","status":"publish","type":"product","link":"https:\/\/www.hediyepazar.com\/?product=ergonomik-telefon-sogutucu-2-hiz-ayari-hafif-ve-tasinabilir","title":{"rendered":"Ergonomik Telefon So\u011futucu \u2013 2 H\u0131z Ayar\u0131 Hafif ve Ta\u015f\u0131nabilir"},"content":{"rendered":"<p>Modern ve \u015f\u0131k tasar\u0131m\u0131yla g\u00f6z dolduran Cep Telefonu Radyat\u00f6r\u00fc, sessiz ama g\u00fc\u00e7l\u00fc fan sistemi sayesinde telefonunuzu etkili bir \u015fekilde serin tutar. Titre\u015fimsiz \u00e7al\u0131\u015fma \u00f6zelli\u011fi ile konforlu bir kullan\u0131m sa\u011flar.Oyun s\u0131ras\u0131nda donma, kapanma veya performans d\u00fc\u015f\u00fc\u015f\u00fc ya\u015famay\u0131n! Bu cihazla birlikte telefonunuz her zaman en iyi performans\u0131n\u0131 g\u00f6sterir. 2 seviyeli fan ayar\u0131 sayesinde istedi\u011finiz serinlik modunu se\u00e7in, dijital ekran ile anl\u0131k takip edin.Metal ve ABS kar\u0131\u015f\u0131m\u0131 malzemesi uzun \u00f6m\u00fcrl\u00fc kullan\u0131m sa\u011flar. \u00dcstelik sadece 65 gram a\u011f\u0131rl\u0131\u011f\u0131nda, cebinizde bile ta\u015f\u0131yabilirsiniz!&nbsp;&nbsp;&nbsp;<\/p>\n","protected":false},"excerpt":{"rendered":"<p>Modern ve \u015f\u0131k tasar\u0131m\u0131yla g\u00f6z dolduran Cep Telefonu Radyat\u00f6r\u00fc, sessiz ama g\u00fc\u00e7l\u00fc fan sistemi sayesinde telefonunuzu etkili bir \u015fekilde serin tutar. Titre\u015fimsiz \u00e7al\u0131\u015fma \u00f6zelli\u011fi ile konforlu bir kullan\u0131m sa\u011flar.Oyun s\u0131ras\u0131nda donma, kapanma veya performans d\u00fc\u015f\u00fc\u015f\u00fc ya\u015famay\u0131n! Bu cihazla birlikte telefonunuz her zaman en iyi performans\u0131n\u0131 g\u00f6sterir. 2 seviyeli fan ayar\u0131 sayesinde istedi\u011finiz serinlik modunu se\u00e7in,&#8230;<\/p>\n","protected":false},"featured_media":117959,"comment_status":"open","ping_status":"closed","template":"","meta":{"_kad_post_transparent":"","_kad_post_title":"","_kad_post_layout":"","_kad_post_sidebar_id":"","_kad_post_content_style":"","_kad_post_vertical_padding":"","_kad_post_feature":"","_kad_post_feature_position":"","_kad_post_header":false,"_kad_post_footer":false,"_kad_post_classname":""},"product_brand":[],"product_cat":[14991],"product_tag":[],"class_list":{"0":"post-117960","1":"product","2":"type-product","3":"status-publish","4":"has-post-thumbnail","6":"product_cat-mobil-oyun-aksesuar-mobil-oyun-aksesuar","8":"first","9":"instock","10":"purchasable","11":"product-type-simple","12":"entry","13":"content-bg","14":"loop-entry"},"_links":{"self":[{"href":"https:\/\/www.hediyepazar.com\/index.php?rest_route=\/wp\/v2\/product\/117960","targetHints":{"allow":["GET"]}}],"collection":[{"href":"https:\/\/www.hediyepazar.com\/index.php?rest_route=\/wp\/v2\/product"}],"about":[{"href":"https:\/\/www.hediyepazar.com\/index.php?rest_route=\/wp\/v2\/types\/product"}],"replies":[{"embeddable":true,"href":"https:\/\/www.hediyepazar.com\/index.php?rest_route=%2Fwp%2Fv2%2Fcomments&post=117960"}],"wp:featuredmedia":[{"embeddable":true,"href":"https:\/\/www.hediyepazar.com\/index.php?rest_route=\/wp\/v2\/media\/117959"}],"wp:attachment":[{"href":"https:\/\/www.hediyepazar.com\/index.php?rest_route=%2Fwp%2Fv2%2Fmedia&parent=117960"}],"wp:term":[{"taxonomy":"product_brand","embeddable":true,"href":"https:\/\/www.hediyepazar.com\/index.php?rest_route=%2Fwp%2Fv2%2Fproduct_brand&post=117960"},{"taxonomy":"product_cat","embeddable":true,"href":"https:\/\/www.hediyepazar.com\/index.php?rest_route=%2Fwp%2Fv2%2Fproduct_cat&post=117960"},{"taxonomy":"product_tag","embeddable":true,"href":"https:\/\/www.hediyepazar.com\/index.php?rest_route=%2Fwp%2Fv2%2Fproduct_tag&post=117960"}],"curies":[{"name":"wp","href":"https:\/\/api.w.org\/{rel}","templated":true}]}}