{"id":117966,"date":"2026-05-05T21:05:19","date_gmt":"2026-05-06T00:05:19","guid":{"rendered":"https:\/\/www.hediyepazar.com\/?product=yari-iletken-sogutmali-mobil-fan-akilli-telefonlar-icin-sogutucu"},"modified":"2026-05-05T21:05:19","modified_gmt":"2026-05-06T00:05:19","slug":"yari-iletken-sogutmali-mobil-fan-akilli-telefonlar-icin-sogutucu","status":"publish","type":"product","link":"https:\/\/www.hediyepazar.com\/?product=yari-iletken-sogutmali-mobil-fan-akilli-telefonlar-icin-sogutucu","title":{"rendered":"Yar\u0131 \u0130letken So\u011futmal\u0131 Mobil Fan \u2013 Ak\u0131ll\u0131 Telefonlar \u0130\u00e7in So\u011futucu"},"content":{"rendered":"<p>Mobil oyunlar\u0131n vazge\u00e7ilmez aksesuar\u0131: Cep Telefonu Radyat\u00f6r So\u011futucu Fan. En son yar\u0131 iletken so\u011futma \u00e7ipi ile donat\u0131lm\u0131\u015f olan bu cihaz, \u0131s\u0131y\u0131 h\u0131zl\u0131ca uzakla\u015ft\u0131rarak oyun s\u0131ras\u0131nda telefonunuzun a\u015f\u0131r\u0131 \u0131s\u0131nmas\u0131n\u0131 \u00f6nler. Bu da daha stabil performans, daha az donma ve daha uzun pil \u00f6mr\u00fc demek!65-85 mm aras\u0131ndaki telefonlara uyumlu geri \u00e7ekilebilir klips sistemi sayesinde neredeyse t\u00fcm ak\u0131ll\u0131 telefonlarla uyumludur. Hafif ve ta\u015f\u0131nabilir yap\u0131s\u0131 sayesinde yan\u0131n\u0131zda her yere g\u00f6t\u00fcrebilir, uzun oyun seanslar\u0131nda bile telefonunuzun serin kalmas\u0131n\u0131 sa\u011flayabilirsiniz.2 kademeli fan h\u0131z ayar\u0131 ve dijital ekran ile so\u011futmay\u0131 ihtiyac\u0131n\u0131za g\u00f6re ayarlayabilirsiniz. Type-C ba\u011flant\u0131 noktas\u0131 sayesinde h\u0131zl\u0131 enerji aktar\u0131m\u0131yla \u00e7al\u0131\u015f\u0131r. K\u0131l\u0131fs\u0131z do\u011frudan temas sa\u011flayarak maksimum verim alman\u0131z\u0131 sa\u011flar.<\/p>\n","protected":false},"excerpt":{"rendered":"<p>Mobil oyunlar\u0131n vazge\u00e7ilmez aksesuar\u0131: Cep Telefonu Radyat\u00f6r So\u011futucu Fan. En son yar\u0131 iletken so\u011futma \u00e7ipi ile donat\u0131lm\u0131\u015f olan bu cihaz, \u0131s\u0131y\u0131 h\u0131zl\u0131ca uzakla\u015ft\u0131rarak oyun s\u0131ras\u0131nda telefonunuzun a\u015f\u0131r\u0131 \u0131s\u0131nmas\u0131n\u0131 \u00f6nler. Bu da daha stabil performans, daha az donma ve daha uzun pil \u00f6mr\u00fc demek!65-85 mm aras\u0131ndaki telefonlara uyumlu geri \u00e7ekilebilir klips sistemi sayesinde neredeyse t\u00fcm ak\u0131ll\u0131&#8230;<\/p>\n","protected":false},"featured_media":117965,"comment_status":"open","ping_status":"closed","template":"","meta":{"_kad_post_transparent":"","_kad_post_title":"","_kad_post_layout":"","_kad_post_sidebar_id":"","_kad_post_content_style":"","_kad_post_vertical_padding":"","_kad_post_feature":"","_kad_post_feature_position":"","_kad_post_header":false,"_kad_post_footer":false,"_kad_post_classname":""},"product_brand":[],"product_cat":[14991],"product_tag":[],"class_list":{"0":"post-117966","1":"product","2":"type-product","3":"status-publish","4":"has-post-thumbnail","6":"product_cat-mobil-oyun-aksesuar-mobil-oyun-aksesuar","8":"first","9":"instock","10":"purchasable","11":"product-type-simple","12":"entry","13":"content-bg","14":"loop-entry"},"_links":{"self":[{"href":"https:\/\/www.hediyepazar.com\/index.php?rest_route=\/wp\/v2\/product\/117966","targetHints":{"allow":["GET"]}}],"collection":[{"href":"https:\/\/www.hediyepazar.com\/index.php?rest_route=\/wp\/v2\/product"}],"about":[{"href":"https:\/\/www.hediyepazar.com\/index.php?rest_route=\/wp\/v2\/types\/product"}],"replies":[{"embeddable":true,"href":"https:\/\/www.hediyepazar.com\/index.php?rest_route=%2Fwp%2Fv2%2Fcomments&post=117966"}],"wp:featuredmedia":[{"embeddable":true,"href":"https:\/\/www.hediyepazar.com\/index.php?rest_route=\/wp\/v2\/media\/117965"}],"wp:attachment":[{"href":"https:\/\/www.hediyepazar.com\/index.php?rest_route=%2Fwp%2Fv2%2Fmedia&parent=117966"}],"wp:term":[{"taxonomy":"product_brand","embeddable":true,"href":"https:\/\/www.hediyepazar.com\/index.php?rest_route=%2Fwp%2Fv2%2Fproduct_brand&post=117966"},{"taxonomy":"product_cat","embeddable":true,"href":"https:\/\/www.hediyepazar.com\/index.php?rest_route=%2Fwp%2Fv2%2Fproduct_cat&post=117966"},{"taxonomy":"product_tag","embeddable":true,"href":"https:\/\/www.hediyepazar.com\/index.php?rest_route=%2Fwp%2Fv2%2Fproduct_tag&post=117966"}],"curies":[{"name":"wp","href":"https:\/\/api.w.org\/{rel}","templated":true}]}}