{"id":117972,"date":"2026-05-05T21:07:14","date_gmt":"2026-05-06T00:07:14","guid":{"rendered":"https:\/\/www.hediyepazar.com\/?product=smart-takip-cihazi-esyalarinizi-aninda-bulun"},"modified":"2026-05-05T21:07:14","modified_gmt":"2026-05-06T00:07:14","slug":"smart-takip-cihazi-esyalarinizi-aninda-bulun","status":"publish","type":"product","link":"https:\/\/www.hediyepazar.com\/?product=smart-takip-cihazi-esyalarinizi-aninda-bulun","title":{"rendered":"Smart Takip Cihaz\u0131 | E\u015fyalar\u0131n\u0131z\u0131 An\u0131nda Bulun"},"content":{"rendered":"<p>Kompakt Tasar\u0131m, G\u00fc\u00e7l\u00fc Teknoloji: Smart Tag ile Konum Takibi Art\u0131k \u00c7ok Kolay!Modern ya\u015fam\u0131n vazge\u00e7ilmezi olan kompakt takip cihaz\u0131 ile e\u015fyalar\u0131n\u0131z her an kontrol alt\u0131nda. Smart Tag, Bluetooth ba\u011flant\u0131s\u0131 ile cep telefonunuza ba\u011flan\u0131r ve mobil uygulamas\u0131 sayesinde uzaktan y\u00f6netilir. Cihaz\u0131n konumunu anl\u0131k olarak haritada g\u00f6rebilir, sesli sinyal ile kolayca yerini belirleyebilirsiniz. Uzun pil \u00f6mr\u00fc sayesinde s\u0131k s\u0131k \u015farj etme derdiniz olmaz. Bul uygulamas\u0131na entegre \u00e7al\u0131\u015ft\u0131\u011f\u0131 i\u00e7in kaybolan e\u015fyan\u0131z\u0131n son g\u00f6r\u00fcld\u00fc\u011f\u00fc yeri hatas\u0131z \u015fekilde size sunar.<\/p>\n","protected":false},"excerpt":{"rendered":"<p>Kompakt Tasar\u0131m, G\u00fc\u00e7l\u00fc Teknoloji: Smart Tag ile Konum Takibi Art\u0131k \u00c7ok Kolay!Modern ya\u015fam\u0131n vazge\u00e7ilmezi olan kompakt takip cihaz\u0131 ile e\u015fyalar\u0131n\u0131z her an kontrol alt\u0131nda. Smart Tag, Bluetooth ba\u011flant\u0131s\u0131 ile cep telefonunuza ba\u011flan\u0131r ve mobil uygulamas\u0131 sayesinde uzaktan y\u00f6netilir. Cihaz\u0131n konumunu anl\u0131k olarak haritada g\u00f6rebilir, sesli sinyal ile kolayca yerini belirleyebilirsiniz. Uzun pil \u00f6mr\u00fc sayesinde s\u0131k&#8230;<\/p>\n","protected":false},"featured_media":117971,"comment_status":"open","ping_status":"closed","template":"","meta":{"_kad_post_transparent":"","_kad_post_title":"","_kad_post_layout":"","_kad_post_sidebar_id":"","_kad_post_content_style":"","_kad_post_vertical_padding":"","_kad_post_feature":"","_kad_post_feature_position":"","_kad_post_header":false,"_kad_post_footer":false,"_kad_post_classname":""},"product_brand":[],"product_cat":[14985],"product_tag":[],"class_list":{"0":"post-117972","1":"product","2":"type-product","3":"status-publish","4":"has-post-thumbnail","6":"product_cat-akilli-guvenlik-urunu-akilli-guvenlik-urunu","8":"first","9":"instock","10":"purchasable","11":"product-type-simple","12":"entry","13":"content-bg","14":"loop-entry"},"_links":{"self":[{"href":"https:\/\/www.hediyepazar.com\/index.php?rest_route=\/wp\/v2\/product\/117972","targetHints":{"allow":["GET"]}}],"collection":[{"href":"https:\/\/www.hediyepazar.com\/index.php?rest_route=\/wp\/v2\/product"}],"about":[{"href":"https:\/\/www.hediyepazar.com\/index.php?rest_route=\/wp\/v2\/types\/product"}],"replies":[{"embeddable":true,"href":"https:\/\/www.hediyepazar.com\/index.php?rest_route=%2Fwp%2Fv2%2Fcomments&post=117972"}],"wp:featuredmedia":[{"embeddable":true,"href":"https:\/\/www.hediyepazar.com\/index.php?rest_route=\/wp\/v2\/media\/117971"}],"wp:attachment":[{"href":"https:\/\/www.hediyepazar.com\/index.php?rest_route=%2Fwp%2Fv2%2Fmedia&parent=117972"}],"wp:term":[{"taxonomy":"product_brand","embeddable":true,"href":"https:\/\/www.hediyepazar.com\/index.php?rest_route=%2Fwp%2Fv2%2Fproduct_brand&post=117972"},{"taxonomy":"product_cat","embeddable":true,"href":"https:\/\/www.hediyepazar.com\/index.php?rest_route=%2Fwp%2Fv2%2Fproduct_cat&post=117972"},{"taxonomy":"product_tag","embeddable":true,"href":"https:\/\/www.hediyepazar.com\/index.php?rest_route=%2Fwp%2Fv2%2Fproduct_tag&post=117972"}],"curies":[{"name":"wp","href":"https:\/\/api.w.org\/{rel}","templated":true}]}}