{"id":117980,"date":"2026-05-05T21:09:11","date_gmt":"2026-05-06T00:09:11","guid":{"rendered":"https:\/\/www.hediyepazar.com\/?product=hareket-algilayicili-tasinabilir-mini-kamera-3mp-fotograf-dusuk-guc-tuketimi"},"modified":"2026-05-05T21:09:11","modified_gmt":"2026-05-06T00:09:11","slug":"hareket-algilayicili-tasinabilir-mini-kamera-3mp-fotograf-dusuk-guc-tuketimi","status":"publish","type":"product","link":"https:\/\/www.hediyepazar.com\/?product=hareket-algilayicili-tasinabilir-mini-kamera-3mp-fotograf-dusuk-guc-tuketimi","title":{"rendered":"Hareket Alg\u0131lay\u0131c\u0131l\u0131 Ta\u015f\u0131nabilir Mini Kamera \u2013 3MP Foto\u011fraf D\u00fc\u015f\u00fck G\u00fc\u00e7 T\u00fcketimi"},"content":{"rendered":"<p>Yaln\u0131zca cebinize s\u0131\u011fan bir kamera ile profesyonel d\u00fczeyde g\u00f6r\u00fcnt\u00fcler kaydetmeye ne dersiniz? Bu ultra ta\u015f\u0131nabilir mini kamera, geli\u015fmi\u015f \u00f6zellikleriyle video ve foto\u011fraf tutkunlar\u0131n\u0131n beklentilerini kar\u015f\u0131lamaya haz\u0131r. 180\u00b0 d\u00f6nebilen lens, farkl\u0131 a\u00e7\u0131lardan \u00e7ekim yapmay\u0131 kolayla\u015ft\u0131r\u0131r.1.3 in\u00e7lik TFT ekran\u0131, net \u00f6n izleme sunarken, y\u00fcksek \u00e7\u00f6z\u00fcn\u00fcrl\u00fckl\u00fc videolar (1920x1080P) AVI format\u0131nda kay\u0131t alt\u0131na al\u0131n\u0131r. Foto\u011fraflar ise JPG format\u0131nda, 1M-3M kalite aral\u0131\u011f\u0131nda \u00e7ekilebilir.D\u00f6ng\u00fcsel kay\u0131t, hareket alg\u0131lama, zaman damgas\u0131, otomatik kapanma gibi geli\u015fmi\u015f \u00f6zelliklerle donat\u0131lan bu cihaz, g\u00fcvenlik amac\u0131yla da rahatl\u0131kla kullan\u0131labilir. Tu\u015f sesleri, pozlama ayarlar\u0131 ve beyaz dengesi gibi detayl\u0131 kontrollerle her ortama uyum sa\u011flar.G\u00fc\u00e7l\u00fc 1200mAh bataryas\u0131, USB \u00fczerinden kolayca \u015farj edilebilir. D\u00fc\u015f\u00fck enerji t\u00fcketimiyle uzun s\u00fcreli \u00e7ekimler m\u00fcmk\u00fcnd\u00fcr. 128GB&#8217;a kadar TF kart deste\u011fi ile geni\u015f depolama alan\u0131 sunar.50g\u2019l\u0131k hafif yap\u0131s\u0131 ve sadece 96x31x18mm boyutlar\u0131 sayesinde her an yan\u0131n\u0131zda ta\u015f\u0131yabilir, ihtiya\u00e7 duydu\u011funuz her an kayda ba\u015flayabilirsiniz.&nbsp;<\/p>\n","protected":false},"excerpt":{"rendered":"<p>Yaln\u0131zca cebinize s\u0131\u011fan bir kamera ile profesyonel d\u00fczeyde g\u00f6r\u00fcnt\u00fcler kaydetmeye ne dersiniz? Bu ultra ta\u015f\u0131nabilir mini kamera, geli\u015fmi\u015f \u00f6zellikleriyle video ve foto\u011fraf tutkunlar\u0131n\u0131n beklentilerini kar\u015f\u0131lamaya haz\u0131r. 180\u00b0 d\u00f6nebilen lens, farkl\u0131 a\u00e7\u0131lardan \u00e7ekim yapmay\u0131 kolayla\u015ft\u0131r\u0131r.1.3 in\u00e7lik TFT ekran\u0131, net \u00f6n izleme sunarken, y\u00fcksek \u00e7\u00f6z\u00fcn\u00fcrl\u00fckl\u00fc videolar (1920x1080P) AVI format\u0131nda kay\u0131t alt\u0131na al\u0131n\u0131r. Foto\u011fraflar ise JPG format\u0131nda, 1M-3M&#8230;<\/p>\n","protected":false},"featured_media":117979,"comment_status":"open","ping_status":"closed","template":"","meta":{"_kad_post_transparent":"","_kad_post_title":"","_kad_post_layout":"","_kad_post_sidebar_id":"","_kad_post_content_style":"","_kad_post_vertical_padding":"","_kad_post_feature":"","_kad_post_feature_position":"","_kad_post_header":false,"_kad_post_footer":false,"_kad_post_classname":""},"product_brand":[],"product_cat":[14927],"product_tag":[],"class_list":{"0":"post-117980","1":"product","2":"type-product","3":"status-publish","4":"has-post-thumbnail","6":"product_cat-akilli-kamera-akilli-kamera","8":"first","9":"instock","10":"purchasable","11":"product-type-simple","12":"entry","13":"content-bg","14":"loop-entry"},"_links":{"self":[{"href":"https:\/\/www.hediyepazar.com\/index.php?rest_route=\/wp\/v2\/product\/117980","targetHints":{"allow":["GET"]}}],"collection":[{"href":"https:\/\/www.hediyepazar.com\/index.php?rest_route=\/wp\/v2\/product"}],"about":[{"href":"https:\/\/www.hediyepazar.com\/index.php?rest_route=\/wp\/v2\/types\/product"}],"replies":[{"embeddable":true,"href":"https:\/\/www.hediyepazar.com\/index.php?rest_route=%2Fwp%2Fv2%2Fcomments&post=117980"}],"wp:featuredmedia":[{"embeddable":true,"href":"https:\/\/www.hediyepazar.com\/index.php?rest_route=\/wp\/v2\/media\/117979"}],"wp:attachment":[{"href":"https:\/\/www.hediyepazar.com\/index.php?rest_route=%2Fwp%2Fv2%2Fmedia&parent=117980"}],"wp:term":[{"taxonomy":"product_brand","embeddable":true,"href":"https:\/\/www.hediyepazar.com\/index.php?rest_route=%2Fwp%2Fv2%2Fproduct_brand&post=117980"},{"taxonomy":"product_cat","embeddable":true,"href":"https:\/\/www.hediyepazar.com\/index.php?rest_route=%2Fwp%2Fv2%2Fproduct_cat&post=117980"},{"taxonomy":"product_tag","embeddable":true,"href":"https:\/\/www.hediyepazar.com\/index.php?rest_route=%2Fwp%2Fv2%2Fproduct_tag&post=117980"}],"curies":[{"name":"wp","href":"https:\/\/api.w.org\/{rel}","templated":true}]}}