{"id":117994,"date":"2026-05-05T21:10:03","date_gmt":"2026-05-06T00:10:03","guid":{"rendered":"https:\/\/www.hediyepazar.com\/?product=tasinabilir-elektronik-sinek-swatter-kimyasal-icermeyen-ergonomik-tasarim"},"modified":"2026-05-05T21:10:03","modified_gmt":"2026-05-06T00:10:03","slug":"tasinabilir-elektronik-sinek-swatter-kimyasal-icermeyen-ergonomik-tasarim","status":"publish","type":"product","link":"https:\/\/www.hediyepazar.com\/?product=tasinabilir-elektronik-sinek-swatter-kimyasal-icermeyen-ergonomik-tasarim","title":{"rendered":"Ta\u015f\u0131nabilir Elektronik Sinek Swatter \u2013 Kimyasal \u0130\u00e7ermeyen Ergonomik Tasar\u0131m"},"content":{"rendered":"<p>U\u00e7an sinek ve sivrisineklerin ev ya\u015fam\u0131n\u0131z\u0131 zorla\u015ft\u0131rmas\u0131na izin vermeyin! Bu y\u00fcksek gerilimli elektronik sineklik, b\u00f6cekleri h\u0131zl\u0131ca etkisiz hale getiren \u00f6zel \u0131zgaras\u0131yla \u00fcst\u00fcn performans sa\u011flar. Temas an\u0131nda b\u00f6ceklerin sinir sistemini etkileyerek an\u0131nda \u00f6ld\u00fcr\u00fcr veya fel\u00e7 eder ve bu sayede evinizde veya a\u00e7\u0131k hava ortamlar\u0131nda konforlu bir deneyim sunar.Kullan\u0131m s\u0131ras\u0131nda ortaya \u00e7\u0131kabilecek kan lekeleri ve kirlenmeler, geli\u015fmi\u015f tasar\u0131m\u0131 sayesinde ortadan kalkar. Duvarlar\u0131n\u0131z ve mobilyalar\u0131n\u0131z temiz kal\u0131r, b\u00f6ylece ekstra temizlik zahmetinden kurtulursunuz. \u00dcr\u00fcn\u00fcn \u00fc\u00e7 katmanl\u0131 g\u00fcvenlik \u0131zgaras\u0131, kullan\u0131c\u0131lar\u0131n ve \u00e7ocuklar\u0131n g\u00fcvenli\u011fi i\u00e7in \u00f6zel olarak tasarlanm\u0131\u015ft\u0131r; elektrik \u0131zgaras\u0131na yanl\u0131\u015fl\u0131kla temas riskini minimuma indirir.Pil ile \u00e7al\u0131\u015fan yap\u0131s\u0131 sayesinde diledi\u011finiz her yere kolayl\u0131kla ta\u015f\u0131yabilir, kablo karma\u015fas\u0131 olmadan istedi\u011finiz yerde b\u00f6ceklerle m\u00fccadele edebilirsiniz. Kimyasal madde i\u00e7ermeyen form\u00fcl\u00fcyle \u00e7evre dostudur ve alerji riskini ortadan kald\u0131r\u0131r. Ergonomik sap\u0131 sayesinde elinizde rahat tutar ve uzun s\u00fcre kullan\u0131mda bile konforlu hissedersiniz.<\/p>\n","protected":false},"excerpt":{"rendered":"<p>U\u00e7an sinek ve sivrisineklerin ev ya\u015fam\u0131n\u0131z\u0131 zorla\u015ft\u0131rmas\u0131na izin vermeyin! Bu y\u00fcksek gerilimli elektronik sineklik, b\u00f6cekleri h\u0131zl\u0131ca etkisiz hale getiren \u00f6zel \u0131zgaras\u0131yla \u00fcst\u00fcn performans sa\u011flar. Temas an\u0131nda b\u00f6ceklerin sinir sistemini etkileyerek an\u0131nda \u00f6ld\u00fcr\u00fcr veya fel\u00e7 eder ve bu sayede evinizde veya a\u00e7\u0131k hava ortamlar\u0131nda konforlu bir deneyim sunar.Kullan\u0131m s\u0131ras\u0131nda ortaya \u00e7\u0131kabilecek kan lekeleri ve kirlenmeler, geli\u015fmi\u015f&#8230;<\/p>\n","protected":false},"featured_media":117993,"comment_status":"open","ping_status":"closed","template":"","meta":{"_kad_post_transparent":"","_kad_post_title":"","_kad_post_layout":"","_kad_post_sidebar_id":"","_kad_post_content_style":"","_kad_post_vertical_padding":"","_kad_post_feature":"","_kad_post_feature_position":"","_kad_post_header":false,"_kad_post_footer":false,"_kad_post_classname":""},"product_brand":[],"product_cat":[15078],"product_tag":[],"class_list":{"0":"post-117994","1":"product","2":"type-product","3":"status-publish","4":"has-post-thumbnail","6":"product_cat-hasere-kovucular-hasere-kovucular","8":"first","9":"instock","10":"purchasable","11":"product-type-simple","12":"entry","13":"content-bg","14":"loop-entry"},"_links":{"self":[{"href":"https:\/\/www.hediyepazar.com\/index.php?rest_route=\/wp\/v2\/product\/117994","targetHints":{"allow":["GET"]}}],"collection":[{"href":"https:\/\/www.hediyepazar.com\/index.php?rest_route=\/wp\/v2\/product"}],"about":[{"href":"https:\/\/www.hediyepazar.com\/index.php?rest_route=\/wp\/v2\/types\/product"}],"replies":[{"embeddable":true,"href":"https:\/\/www.hediyepazar.com\/index.php?rest_route=%2Fwp%2Fv2%2Fcomments&post=117994"}],"wp:featuredmedia":[{"embeddable":true,"href":"https:\/\/www.hediyepazar.com\/index.php?rest_route=\/wp\/v2\/media\/117993"}],"wp:attachment":[{"href":"https:\/\/www.hediyepazar.com\/index.php?rest_route=%2Fwp%2Fv2%2Fmedia&parent=117994"}],"wp:term":[{"taxonomy":"product_brand","embeddable":true,"href":"https:\/\/www.hediyepazar.com\/index.php?rest_route=%2Fwp%2Fv2%2Fproduct_brand&post=117994"},{"taxonomy":"product_cat","embeddable":true,"href":"https:\/\/www.hediyepazar.com\/index.php?rest_route=%2Fwp%2Fv2%2Fproduct_cat&post=117994"},{"taxonomy":"product_tag","embeddable":true,"href":"https:\/\/www.hediyepazar.com\/index.php?rest_route=%2Fwp%2Fv2%2Fproduct_tag&post=117994"}],"curies":[{"name":"wp","href":"https:\/\/api.w.org\/{rel}","templated":true}]}}