{"id":117996,"date":"2026-05-05T21:10:08","date_gmt":"2026-05-06T00:10:08","guid":{"rendered":"https:\/\/www.hediyepazar.com\/?product=yuksek-gerilimli-elektronik-sinek-oldurucu-pil-ile-calisan-guvenlik-izgarali"},"modified":"2026-05-05T21:10:08","modified_gmt":"2026-05-06T00:10:08","slug":"yuksek-gerilimli-elektronik-sinek-oldurucu-pil-ile-calisan-guvenlik-izgarali","status":"publish","type":"product","link":"https:\/\/www.hediyepazar.com\/?product=yuksek-gerilimli-elektronik-sinek-oldurucu-pil-ile-calisan-guvenlik-izgarali","title":{"rendered":"Y\u00fcksek Gerilimli Elektronik Sinek \u00d6ld\u00fcr\u00fcc\u00fc \u2013 Pil ile \u00c7al\u0131\u015fan G\u00fcvenlik Izgaral\u0131"},"content":{"rendered":"<p>Yaz aylar\u0131n\u0131n en sinir bozucu sorunlar\u0131ndan biri olan sinek ve sivrisineklerle m\u00fccadelede bu elektronik sineklik, g\u00fc\u00e7l\u00fc y\u00fcksek gerilimli \u0131zgaras\u0131 sayesinde etkili ve h\u0131zl\u0131 bir \u00e7\u00f6z\u00fcm sunar. B\u00f6cekler \u0131zgaraya temas ettikleri anda an\u0131nda etkisiz hale getirilir ve b\u00f6ylece evinizde veya d\u0131\u015f mekanlarda huzurla vakit ge\u00e7irmenizi sa\u011flar. Geleneksel sinekliklerin aksine, kullan\u0131m s\u0131ras\u0131nda duvarlarda ya da mobilyalarda kan lekesi olu\u015fmaz, b\u00f6ylece ortam\u0131n\u0131z her zaman temiz ve d\u00fczenli kal\u0131r.\u00dcr\u00fcn\u00fcn \u00fc\u00e7 katmanl\u0131 koruyucu \u0131zgaras\u0131, kullan\u0131c\u0131 g\u00fcvenli\u011fini maksimum seviyeye \u00e7\u0131kararak yanl\u0131\u015fl\u0131kla elektrik \u0131zgaras\u0131na temas etmenizi engeller. Bu \u00f6zellik, \u00f6zellikle \u00e7ocuklu aileler ve evcil hayvan sahibi kullan\u0131c\u0131lar i\u00e7in ekstra bir g\u00fcvenlik sa\u011flar. Pille \u00e7al\u0131\u015fmas\u0131 sayesinde elektrik kablosu problemi ya\u015fanmaz ve \u00fcr\u00fcn ta\u015f\u0131nabilirli\u011fi ile \u00f6ne \u00e7\u0131kar.Ergonomik tasar\u0131m\u0131 ve hafif yap\u0131s\u0131yla uzun s\u00fcreli kullan\u0131mlarda bile elinizi yormaz, kontrol\u00fc kolayd\u0131r. \u00dcstelik kimyasal i\u00e7ermez, toksin ya da koku yaymaz, bu nedenle hassas ciltler ve solunum yolu problemi ya\u015fayanlar i\u00e7in son derece uygundur. Hem i\u00e7 hem d\u0131\u015f mekanlarda rahatl\u0131kla kullan\u0131labilir; balkon, bah\u00e7e, kamp gibi alanlarda b\u00f6ceklerle etkili m\u00fccadele eder.<\/p>\n","protected":false},"excerpt":{"rendered":"<p>Yaz aylar\u0131n\u0131n en sinir bozucu sorunlar\u0131ndan biri olan sinek ve sivrisineklerle m\u00fccadelede bu elektronik sineklik, g\u00fc\u00e7l\u00fc y\u00fcksek gerilimli \u0131zgaras\u0131 sayesinde etkili ve h\u0131zl\u0131 bir \u00e7\u00f6z\u00fcm sunar. B\u00f6cekler \u0131zgaraya temas ettikleri anda an\u0131nda etkisiz hale getirilir ve b\u00f6ylece evinizde veya d\u0131\u015f mekanlarda huzurla vakit ge\u00e7irmenizi sa\u011flar. Geleneksel sinekliklerin aksine, kullan\u0131m s\u0131ras\u0131nda duvarlarda ya da mobilyalarda kan&#8230;<\/p>\n","protected":false},"featured_media":117995,"comment_status":"open","ping_status":"closed","template":"","meta":{"_kad_post_transparent":"","_kad_post_title":"","_kad_post_layout":"","_kad_post_sidebar_id":"","_kad_post_content_style":"","_kad_post_vertical_padding":"","_kad_post_feature":"","_kad_post_feature_position":"","_kad_post_header":false,"_kad_post_footer":false,"_kad_post_classname":""},"product_brand":[],"product_cat":[15078],"product_tag":[],"class_list":{"0":"post-117996","1":"product","2":"type-product","3":"status-publish","4":"has-post-thumbnail","6":"product_cat-hasere-kovucular-hasere-kovucular","8":"first","9":"instock","10":"purchasable","11":"product-type-simple","12":"entry","13":"content-bg","14":"loop-entry"},"_links":{"self":[{"href":"https:\/\/www.hediyepazar.com\/index.php?rest_route=\/wp\/v2\/product\/117996","targetHints":{"allow":["GET"]}}],"collection":[{"href":"https:\/\/www.hediyepazar.com\/index.php?rest_route=\/wp\/v2\/product"}],"about":[{"href":"https:\/\/www.hediyepazar.com\/index.php?rest_route=\/wp\/v2\/types\/product"}],"replies":[{"embeddable":true,"href":"https:\/\/www.hediyepazar.com\/index.php?rest_route=%2Fwp%2Fv2%2Fcomments&post=117996"}],"wp:featuredmedia":[{"embeddable":true,"href":"https:\/\/www.hediyepazar.com\/index.php?rest_route=\/wp\/v2\/media\/117995"}],"wp:attachment":[{"href":"https:\/\/www.hediyepazar.com\/index.php?rest_route=%2Fwp%2Fv2%2Fmedia&parent=117996"}],"wp:term":[{"taxonomy":"product_brand","embeddable":true,"href":"https:\/\/www.hediyepazar.com\/index.php?rest_route=%2Fwp%2Fv2%2Fproduct_brand&post=117996"},{"taxonomy":"product_cat","embeddable":true,"href":"https:\/\/www.hediyepazar.com\/index.php?rest_route=%2Fwp%2Fv2%2Fproduct_cat&post=117996"},{"taxonomy":"product_tag","embeddable":true,"href":"https:\/\/www.hediyepazar.com\/index.php?rest_route=%2Fwp%2Fv2%2Fproduct_tag&post=117996"}],"curies":[{"name":"wp","href":"https:\/\/api.w.org\/{rel}","templated":true}]}}