{"id":117998,"date":"2026-05-05T21:10:13","date_gmt":"2026-05-06T00:10:13","guid":{"rendered":"https:\/\/www.hediyepazar.com\/?product=otomatik-sac-taragi"},"modified":"2026-05-05T21:10:13","modified_gmt":"2026-05-06T00:10:13","slug":"otomatik-sac-taragi","status":"publish","type":"product","link":"https:\/\/www.hediyepazar.com\/?product=otomatik-sac-taragi","title":{"rendered":"OTOMAT\u0130K SA\u00c7 TARA\u011eI"},"content":{"rendered":"<p>Cilt bak\u0131m rutininizi ileri seviyeye ta\u015f\u0131yan bu termoterapi y\u00fcz bak\u0131m cihaz\u0131, \u0131s\u0131 teknolojisi sayesinde g\u00f6zeneklerin nazik\u00e7e a\u00e7\u0131lmas\u0131n\u0131 sa\u011flar ve cildin bak\u0131m \u00fcr\u00fcnlerini daha derinlemesine emmesine yard\u0131mc\u0131 olur. Cilde uygulanan yumu\u015fak s\u0131cakl\u0131k, dola\u015f\u0131m\u0131 art\u0131rarak h\u00fccre yenilenmesini destekler ve cildi rahatlat\u0131r. Bu sayede serum, maske ve krem gibi \u00fcr\u00fcnlerin etkinli\u011fi artar. D\u00fczenli kullan\u0131mda ciltteki kuruluk azal\u0131r, renk tonu e\u015fitlenir ve cilde do\u011fal bir parlakl\u0131k kazand\u0131r\u0131l\u0131r. \u00d6zellikle mat, yorgun ve neme ihtiya\u00e7 duyan ciltler i\u00e7in evde spa konforu sunar. Kolay kullan\u0131m\u0131 ve ta\u015f\u0131nabilir yap\u0131s\u0131yla haftal\u0131k bak\u0131m\u0131n vazge\u00e7ilmez bir par\u00e7as\u0131d\u0131r.<\/p>\n","protected":false},"excerpt":{"rendered":"<p>Cilt bak\u0131m rutininizi ileri seviyeye ta\u015f\u0131yan bu termoterapi y\u00fcz bak\u0131m cihaz\u0131, \u0131s\u0131 teknolojisi sayesinde g\u00f6zeneklerin nazik\u00e7e a\u00e7\u0131lmas\u0131n\u0131 sa\u011flar ve cildin bak\u0131m \u00fcr\u00fcnlerini daha derinlemesine emmesine yard\u0131mc\u0131 olur. Cilde uygulanan yumu\u015fak s\u0131cakl\u0131k, dola\u015f\u0131m\u0131 art\u0131rarak h\u00fccre yenilenmesini destekler ve cildi rahatlat\u0131r. Bu sayede serum, maske ve krem gibi \u00fcr\u00fcnlerin etkinli\u011fi artar. D\u00fczenli kullan\u0131mda ciltteki kuruluk azal\u0131r, renk&#8230;<\/p>\n","protected":false},"featured_media":117997,"comment_status":"open","ping_status":"closed","template":"","meta":{"_kad_post_transparent":"","_kad_post_title":"","_kad_post_layout":"","_kad_post_sidebar_id":"","_kad_post_content_style":"","_kad_post_vertical_padding":"","_kad_post_feature":"","_kad_post_feature_position":"","_kad_post_header":false,"_kad_post_footer":false,"_kad_post_classname":""},"product_brand":[],"product_cat":[14955],"product_tag":[],"class_list":{"0":"post-117998","1":"product","2":"type-product","3":"status-publish","4":"has-post-thumbnail","6":"product_cat-sac-fircasi-tarak-sac-fircasi-tarak","8":"first","9":"instock","10":"purchasable","11":"product-type-simple","12":"entry","13":"content-bg","14":"loop-entry"},"_links":{"self":[{"href":"https:\/\/www.hediyepazar.com\/index.php?rest_route=\/wp\/v2\/product\/117998","targetHints":{"allow":["GET"]}}],"collection":[{"href":"https:\/\/www.hediyepazar.com\/index.php?rest_route=\/wp\/v2\/product"}],"about":[{"href":"https:\/\/www.hediyepazar.com\/index.php?rest_route=\/wp\/v2\/types\/product"}],"replies":[{"embeddable":true,"href":"https:\/\/www.hediyepazar.com\/index.php?rest_route=%2Fwp%2Fv2%2Fcomments&post=117998"}],"wp:featuredmedia":[{"embeddable":true,"href":"https:\/\/www.hediyepazar.com\/index.php?rest_route=\/wp\/v2\/media\/117997"}],"wp:attachment":[{"href":"https:\/\/www.hediyepazar.com\/index.php?rest_route=%2Fwp%2Fv2%2Fmedia&parent=117998"}],"wp:term":[{"taxonomy":"product_brand","embeddable":true,"href":"https:\/\/www.hediyepazar.com\/index.php?rest_route=%2Fwp%2Fv2%2Fproduct_brand&post=117998"},{"taxonomy":"product_cat","embeddable":true,"href":"https:\/\/www.hediyepazar.com\/index.php?rest_route=%2Fwp%2Fv2%2Fproduct_cat&post=117998"},{"taxonomy":"product_tag","embeddable":true,"href":"https:\/\/www.hediyepazar.com\/index.php?rest_route=%2Fwp%2Fv2%2Fproduct_tag&post=117998"}],"curies":[{"name":"wp","href":"https:\/\/api.w.org\/{rel}","templated":true}]}}