{"id":118002,"date":"2026-05-05T21:12:00","date_gmt":"2026-05-06T00:12:00","guid":{"rendered":"https:\/\/www.hediyepazar.com\/?product=kendini-temizleyen-tarak-tum-sac-tiplerine-uygun-kullanim"},"modified":"2026-05-05T21:12:00","modified_gmt":"2026-05-06T00:12:00","slug":"kendini-temizleyen-tarak-tum-sac-tiplerine-uygun-kullanim","status":"publish","type":"product","link":"https:\/\/www.hediyepazar.com\/?product=kendini-temizleyen-tarak-tum-sac-tiplerine-uygun-kullanim","title":{"rendered":"Kendini Temizleyen Tarak-T\u00fcm Sa\u00e7 Tiplerine Uygun Kullan\u0131m"},"content":{"rendered":"<p>Bu tarak yaln\u0131zca sa\u00e7lar\u0131 a\u00e7makla kalmaz, ayn\u0131 zamanda \u015fekillendirme s\u0131ras\u0131nda da etkili bir yard\u0131mc\u0131d\u0131r. D\u00fczle\u015ftirme, kabarma \u00f6nleme ve hacim kazand\u0131rma gibi i\u015flemler s\u0131ras\u0131nda rahatl\u0131kla kullan\u0131labilir. G\u00fcnl\u00fck bak\u0131m ve stil olu\u015fturma s\u00fcre\u00e7lerinde ideal bir \u00e7\u00f6z\u00fcmd\u00fcr.<\/p>\n","protected":false},"excerpt":{"rendered":"<p>Bu tarak yaln\u0131zca sa\u00e7lar\u0131 a\u00e7makla kalmaz, ayn\u0131 zamanda \u015fekillendirme s\u0131ras\u0131nda da etkili bir yard\u0131mc\u0131d\u0131r. D\u00fczle\u015ftirme, kabarma \u00f6nleme ve hacim kazand\u0131rma gibi i\u015flemler s\u0131ras\u0131nda rahatl\u0131kla kullan\u0131labilir. G\u00fcnl\u00fck bak\u0131m ve stil olu\u015fturma s\u00fcre\u00e7lerinde ideal bir \u00e7\u00f6z\u00fcmd\u00fcr.<\/p>\n","protected":false},"featured_media":118001,"comment_status":"open","ping_status":"closed","template":"","meta":{"_kad_post_transparent":"","_kad_post_title":"","_kad_post_layout":"","_kad_post_sidebar_id":"","_kad_post_content_style":"","_kad_post_vertical_padding":"","_kad_post_feature":"","_kad_post_feature_position":"","_kad_post_header":false,"_kad_post_footer":false,"_kad_post_classname":""},"product_brand":[],"product_cat":[14955],"product_tag":[],"class_list":{"0":"post-118002","1":"product","2":"type-product","3":"status-publish","4":"has-post-thumbnail","6":"product_cat-sac-fircasi-tarak-sac-fircasi-tarak","8":"first","9":"instock","10":"purchasable","11":"product-type-simple","12":"entry","13":"content-bg","14":"loop-entry"},"_links":{"self":[{"href":"https:\/\/www.hediyepazar.com\/index.php?rest_route=\/wp\/v2\/product\/118002","targetHints":{"allow":["GET"]}}],"collection":[{"href":"https:\/\/www.hediyepazar.com\/index.php?rest_route=\/wp\/v2\/product"}],"about":[{"href":"https:\/\/www.hediyepazar.com\/index.php?rest_route=\/wp\/v2\/types\/product"}],"replies":[{"embeddable":true,"href":"https:\/\/www.hediyepazar.com\/index.php?rest_route=%2Fwp%2Fv2%2Fcomments&post=118002"}],"wp:featuredmedia":[{"embeddable":true,"href":"https:\/\/www.hediyepazar.com\/index.php?rest_route=\/wp\/v2\/media\/118001"}],"wp:attachment":[{"href":"https:\/\/www.hediyepazar.com\/index.php?rest_route=%2Fwp%2Fv2%2Fmedia&parent=118002"}],"wp:term":[{"taxonomy":"product_brand","embeddable":true,"href":"https:\/\/www.hediyepazar.com\/index.php?rest_route=%2Fwp%2Fv2%2Fproduct_brand&post=118002"},{"taxonomy":"product_cat","embeddable":true,"href":"https:\/\/www.hediyepazar.com\/index.php?rest_route=%2Fwp%2Fv2%2Fproduct_cat&post=118002"},{"taxonomy":"product_tag","embeddable":true,"href":"https:\/\/www.hediyepazar.com\/index.php?rest_route=%2Fwp%2Fv2%2Fproduct_tag&post=118002"}],"curies":[{"name":"wp","href":"https:\/\/api.w.org\/{rel}","templated":true}]}}