{"id":118004,"date":"2026-05-05T21:12:05","date_gmt":"2026-05-06T00:12:05","guid":{"rendered":"https:\/\/www.hediyepazar.com\/?product=kafa-derisi-masajli-sac-taragi-kendini-temizleyen-anti-statik"},"modified":"2026-05-05T21:12:05","modified_gmt":"2026-05-06T00:12:05","slug":"kafa-derisi-masajli-sac-taragi-kendini-temizleyen-anti-statik","status":"publish","type":"product","link":"https:\/\/www.hediyepazar.com\/?product=kafa-derisi-masajli-sac-taragi-kendini-temizleyen-anti-statik","title":{"rendered":"Kafa Derisi Masajl\u0131 Sa\u00e7 Tara\u011f\u0131 \u2013 Kendini Temizleyen Anti-Statik"},"content":{"rendered":"<p>\u0130nce, kal\u0131n, d\u00fcz, k\u0131v\u0131rc\u0131k ya da i\u015flem g\u00f6rm\u00fc\u015f fark etmeksizin t\u00fcm sa\u00e7 tipleriyle uyumlu olarak tasarlanm\u0131\u015ft\u0131r. Sa\u00e7\u0131n do\u011fal yap\u0131s\u0131n\u0131 bozmadan kolayca tarar, d\u00fc\u011f\u00fcmlenmeleri nazik\u00e7e a\u00e7ar ve k\u0131r\u0131lmalar\u0131 \u00f6nler. Ayn\u0131 zamanda peruk ve sa\u00e7 uzant\u0131lar\u0131 i\u00e7in de uygundur.<\/p>\n","protected":false},"excerpt":{"rendered":"<p>\u0130nce, kal\u0131n, d\u00fcz, k\u0131v\u0131rc\u0131k ya da i\u015flem g\u00f6rm\u00fc\u015f fark etmeksizin t\u00fcm sa\u00e7 tipleriyle uyumlu olarak tasarlanm\u0131\u015ft\u0131r. Sa\u00e7\u0131n do\u011fal yap\u0131s\u0131n\u0131 bozmadan kolayca tarar, d\u00fc\u011f\u00fcmlenmeleri nazik\u00e7e a\u00e7ar ve k\u0131r\u0131lmalar\u0131 \u00f6nler. Ayn\u0131 zamanda peruk ve sa\u00e7 uzant\u0131lar\u0131 i\u00e7in de uygundur.<\/p>\n","protected":false},"featured_media":118003,"comment_status":"open","ping_status":"closed","template":"","meta":{"_kad_post_transparent":"","_kad_post_title":"","_kad_post_layout":"","_kad_post_sidebar_id":"","_kad_post_content_style":"","_kad_post_vertical_padding":"","_kad_post_feature":"","_kad_post_feature_position":"","_kad_post_header":false,"_kad_post_footer":false,"_kad_post_classname":""},"product_brand":[],"product_cat":[14955],"product_tag":[],"class_list":{"0":"post-118004","1":"product","2":"type-product","3":"status-publish","4":"has-post-thumbnail","6":"product_cat-sac-fircasi-tarak-sac-fircasi-tarak","8":"first","9":"instock","10":"purchasable","11":"product-type-simple","12":"entry","13":"content-bg","14":"loop-entry"},"_links":{"self":[{"href":"https:\/\/www.hediyepazar.com\/index.php?rest_route=\/wp\/v2\/product\/118004","targetHints":{"allow":["GET"]}}],"collection":[{"href":"https:\/\/www.hediyepazar.com\/index.php?rest_route=\/wp\/v2\/product"}],"about":[{"href":"https:\/\/www.hediyepazar.com\/index.php?rest_route=\/wp\/v2\/types\/product"}],"replies":[{"embeddable":true,"href":"https:\/\/www.hediyepazar.com\/index.php?rest_route=%2Fwp%2Fv2%2Fcomments&post=118004"}],"wp:featuredmedia":[{"embeddable":true,"href":"https:\/\/www.hediyepazar.com\/index.php?rest_route=\/wp\/v2\/media\/118003"}],"wp:attachment":[{"href":"https:\/\/www.hediyepazar.com\/index.php?rest_route=%2Fwp%2Fv2%2Fmedia&parent=118004"}],"wp:term":[{"taxonomy":"product_brand","embeddable":true,"href":"https:\/\/www.hediyepazar.com\/index.php?rest_route=%2Fwp%2Fv2%2Fproduct_brand&post=118004"},{"taxonomy":"product_cat","embeddable":true,"href":"https:\/\/www.hediyepazar.com\/index.php?rest_route=%2Fwp%2Fv2%2Fproduct_cat&post=118004"},{"taxonomy":"product_tag","embeddable":true,"href":"https:\/\/www.hediyepazar.com\/index.php?rest_route=%2Fwp%2Fv2%2Fproduct_tag&post=118004"}],"curies":[{"name":"wp","href":"https:\/\/api.w.org\/{rel}","templated":true}]}}