{"id":118006,"date":"2026-05-05T21:12:09","date_gmt":"2026-05-06T00:12:09","guid":{"rendered":"https:\/\/www.hediyepazar.com\/?product=otomatik-temizlenen-ergonomik-sac-taragi-masaj-baslikli"},"modified":"2026-05-05T21:12:09","modified_gmt":"2026-05-06T00:12:09","slug":"otomatik-temizlenen-ergonomik-sac-taragi-masaj-baslikli","status":"publish","type":"product","link":"https:\/\/www.hediyepazar.com\/?product=otomatik-temizlenen-ergonomik-sac-taragi-masaj-baslikli","title":{"rendered":"Otomatik Temizlenen Ergonomik Sa\u00e7 Tara\u011f\u0131 \u2013 Masaj Ba\u015fl\u0131kl\u0131"},"content":{"rendered":"<p>Tarakta yer alan k\u00fc\u00e7\u00fck yuvarlak u\u00e7lar, sa\u00e7 derisine nazik\u00e7e masaj yaparak rahatlat\u0131c\u0131 bir deneyim sunar. Bu \u00f6zellik sa\u00e7 k\u00f6klerini uyar\u0131r, kan dola\u015f\u0131m\u0131n\u0131 destekler ve sa\u00e7 bak\u0131m rutininize ek bir konfor kazand\u0131r\u0131r. G\u00fcnl\u00fck kullan\u0131mda hem rahatlat\u0131c\u0131 bir etki sa\u011flar hem de sa\u00e7 sa\u011fl\u0131\u011f\u0131n\u0131z\u0131 olumlu y\u00f6nde etkiler.<\/p>\n","protected":false},"excerpt":{"rendered":"<p>Tarakta yer alan k\u00fc\u00e7\u00fck yuvarlak u\u00e7lar, sa\u00e7 derisine nazik\u00e7e masaj yaparak rahatlat\u0131c\u0131 bir deneyim sunar. Bu \u00f6zellik sa\u00e7 k\u00f6klerini uyar\u0131r, kan dola\u015f\u0131m\u0131n\u0131 destekler ve sa\u00e7 bak\u0131m rutininize ek bir konfor kazand\u0131r\u0131r. G\u00fcnl\u00fck kullan\u0131mda hem rahatlat\u0131c\u0131 bir etki sa\u011flar hem de sa\u00e7 sa\u011fl\u0131\u011f\u0131n\u0131z\u0131 olumlu y\u00f6nde etkiler.<\/p>\n","protected":false},"featured_media":118005,"comment_status":"open","ping_status":"closed","template":"","meta":{"_kad_post_transparent":"","_kad_post_title":"","_kad_post_layout":"","_kad_post_sidebar_id":"","_kad_post_content_style":"","_kad_post_vertical_padding":"","_kad_post_feature":"","_kad_post_feature_position":"","_kad_post_header":false,"_kad_post_footer":false,"_kad_post_classname":""},"product_brand":[],"product_cat":[14955],"product_tag":[],"class_list":{"0":"post-118006","1":"product","2":"type-product","3":"status-publish","4":"has-post-thumbnail","6":"product_cat-sac-fircasi-tarak-sac-fircasi-tarak","8":"first","9":"instock","10":"purchasable","11":"product-type-simple","12":"entry","13":"content-bg","14":"loop-entry"},"_links":{"self":[{"href":"https:\/\/www.hediyepazar.com\/index.php?rest_route=\/wp\/v2\/product\/118006","targetHints":{"allow":["GET"]}}],"collection":[{"href":"https:\/\/www.hediyepazar.com\/index.php?rest_route=\/wp\/v2\/product"}],"about":[{"href":"https:\/\/www.hediyepazar.com\/index.php?rest_route=\/wp\/v2\/types\/product"}],"replies":[{"embeddable":true,"href":"https:\/\/www.hediyepazar.com\/index.php?rest_route=%2Fwp%2Fv2%2Fcomments&post=118006"}],"wp:featuredmedia":[{"embeddable":true,"href":"https:\/\/www.hediyepazar.com\/index.php?rest_route=\/wp\/v2\/media\/118005"}],"wp:attachment":[{"href":"https:\/\/www.hediyepazar.com\/index.php?rest_route=%2Fwp%2Fv2%2Fmedia&parent=118006"}],"wp:term":[{"taxonomy":"product_brand","embeddable":true,"href":"https:\/\/www.hediyepazar.com\/index.php?rest_route=%2Fwp%2Fv2%2Fproduct_brand&post=118006"},{"taxonomy":"product_cat","embeddable":true,"href":"https:\/\/www.hediyepazar.com\/index.php?rest_route=%2Fwp%2Fv2%2Fproduct_cat&post=118006"},{"taxonomy":"product_tag","embeddable":true,"href":"https:\/\/www.hediyepazar.com\/index.php?rest_route=%2Fwp%2Fv2%2Fproduct_tag&post=118006"}],"curies":[{"name":"wp","href":"https:\/\/api.w.org\/{rel}","templated":true}]}}