{"id":118008,"date":"2026-05-05T21:12:14","date_gmt":"2026-05-06T00:12:14","guid":{"rendered":"https:\/\/www.hediyepazar.com\/?product=kendini-temizleyen-masajli-sac-taragi-anti-statik-ergonomik-tasarim"},"modified":"2026-05-05T21:12:14","modified_gmt":"2026-05-06T00:12:14","slug":"kendini-temizleyen-masajli-sac-taragi-anti-statik-ergonomik-tasarim","status":"publish","type":"product","link":"https:\/\/www.hediyepazar.com\/?product=kendini-temizleyen-masajli-sac-taragi-anti-statik-ergonomik-tasarim","title":{"rendered":"Kendini Temizleyen Masajl\u0131 Sa\u00e7 Tara\u011f\u0131 \u2013 Anti-statik Ergonomik Tasar\u0131m"},"content":{"rendered":"<p>Bu yenilik\u00e7i tarak, geri \u00e7ekilebilir d\u00f6ner kald\u0131rma mekanizmas\u0131 sayesinde yaln\u0131zca 1 saniyede sa\u00e7 kal\u0131nt\u0131lar\u0131ndan ar\u0131nd\u0131r\u0131labilir. Hava yast\u0131kl\u0131 yap\u0131s\u0131 ve \u00f6zel tasar\u0131m\u0131 sayesinde, sa\u00e7 tellerine zarar vermeden t\u00fcm birikintileri serbest b\u0131rak\u0131r. Bu \u00f6zellik kafa derisi sa\u011fl\u0131\u011f\u0131n\u0131 destekler, kepek olu\u015fumunu azalt\u0131r ve sa\u00e7lar\u0131n daha sa\u011fl\u0131kl\u0131 uzamas\u0131na katk\u0131 sa\u011flar.<\/p>\n","protected":false},"excerpt":{"rendered":"<p>Bu yenilik\u00e7i tarak, geri \u00e7ekilebilir d\u00f6ner kald\u0131rma mekanizmas\u0131 sayesinde yaln\u0131zca 1 saniyede sa\u00e7 kal\u0131nt\u0131lar\u0131ndan ar\u0131nd\u0131r\u0131labilir. Hava yast\u0131kl\u0131 yap\u0131s\u0131 ve \u00f6zel tasar\u0131m\u0131 sayesinde, sa\u00e7 tellerine zarar vermeden t\u00fcm birikintileri serbest b\u0131rak\u0131r. Bu \u00f6zellik kafa derisi sa\u011fl\u0131\u011f\u0131n\u0131 destekler, kepek olu\u015fumunu azalt\u0131r ve sa\u00e7lar\u0131n daha sa\u011fl\u0131kl\u0131 uzamas\u0131na katk\u0131 sa\u011flar.<\/p>\n","protected":false},"featured_media":118007,"comment_status":"open","ping_status":"closed","template":"","meta":{"_kad_post_transparent":"","_kad_post_title":"","_kad_post_layout":"","_kad_post_sidebar_id":"","_kad_post_content_style":"","_kad_post_vertical_padding":"","_kad_post_feature":"","_kad_post_feature_position":"","_kad_post_header":false,"_kad_post_footer":false,"_kad_post_classname":""},"product_brand":[],"product_cat":[14955],"product_tag":[],"class_list":{"0":"post-118008","1":"product","2":"type-product","3":"status-publish","4":"has-post-thumbnail","6":"product_cat-sac-fircasi-tarak-sac-fircasi-tarak","8":"first","9":"instock","10":"purchasable","11":"product-type-simple","12":"entry","13":"content-bg","14":"loop-entry"},"_links":{"self":[{"href":"https:\/\/www.hediyepazar.com\/index.php?rest_route=\/wp\/v2\/product\/118008","targetHints":{"allow":["GET"]}}],"collection":[{"href":"https:\/\/www.hediyepazar.com\/index.php?rest_route=\/wp\/v2\/product"}],"about":[{"href":"https:\/\/www.hediyepazar.com\/index.php?rest_route=\/wp\/v2\/types\/product"}],"replies":[{"embeddable":true,"href":"https:\/\/www.hediyepazar.com\/index.php?rest_route=%2Fwp%2Fv2%2Fcomments&post=118008"}],"wp:featuredmedia":[{"embeddable":true,"href":"https:\/\/www.hediyepazar.com\/index.php?rest_route=\/wp\/v2\/media\/118007"}],"wp:attachment":[{"href":"https:\/\/www.hediyepazar.com\/index.php?rest_route=%2Fwp%2Fv2%2Fmedia&parent=118008"}],"wp:term":[{"taxonomy":"product_brand","embeddable":true,"href":"https:\/\/www.hediyepazar.com\/index.php?rest_route=%2Fwp%2Fv2%2Fproduct_brand&post=118008"},{"taxonomy":"product_cat","embeddable":true,"href":"https:\/\/www.hediyepazar.com\/index.php?rest_route=%2Fwp%2Fv2%2Fproduct_cat&post=118008"},{"taxonomy":"product_tag","embeddable":true,"href":"https:\/\/www.hediyepazar.com\/index.php?rest_route=%2Fwp%2Fv2%2Fproduct_tag&post=118008"}],"curies":[{"name":"wp","href":"https:\/\/api.w.org\/{rel}","templated":true}]}}