{"id":118028,"date":"2026-05-05T21:18:02","date_gmt":"2026-05-06T00:18:02","guid":{"rendered":"https:\/\/www.hediyepazar.com\/?product=isi-ayarli-profesyonel-sac-duzlestirici-titanyum-seramik-plaka-2"},"modified":"2026-05-05T21:18:02","modified_gmt":"2026-05-06T00:18:02","slug":"isi-ayarli-profesyonel-sac-duzlestirici-titanyum-seramik-plaka-2","status":"publish","type":"product","link":"https:\/\/www.hediyepazar.com\/?product=isi-ayarli-profesyonel-sac-duzlestirici-titanyum-seramik-plaka-2","title":{"rendered":"Is\u0131 Ayarl\u0131 Profesyonel Sa\u00e7 D\u00fczle\u015ftirici \u2013 Titanyum Seramik Plaka"},"content":{"rendered":"<p>Rado RD-446, sa\u00e7lar\u0131n\u0131za hem \u00f6zenli hem de etkili bir bak\u0131m sunmak i\u00e7in \u00f6zel olarak tasarlanm\u0131\u015f bir d\u00fczle\u015ftiricidir. Titanyum kaplamal\u0131 seramik plakalar\u0131 sayesinde sa\u00e7lar\u0131n\u0131z\u0131n do\u011fal yap\u0131s\u0131na zarar vermeden \u0131s\u0131y\u0131 e\u015fit \u015fekilde da\u011f\u0131tarak profesyonel d\u00fczeyde bir sonu\u00e7 elde etmenizi sa\u011flar. Is\u0131 aral\u0131\u011f\u0131 176\u00b0C ile 532\u00b0C (350\u00b0F \u2013 990\u00b0F) aras\u0131nda de\u011fi\u015fti\u011fi i\u00e7in hem ince telli hem kal\u0131n telli sa\u00e7 tiplerine uygundur. Sa\u00e7 tipinize g\u00f6re ayarlayabilece\u011finiz s\u0131cakl\u0131k, sa\u00e7 sa\u011fl\u0131\u011f\u0131n\u0131z\u0131 korurken \u015fekillendirmeyi de kolayla\u015ft\u0131r\u0131r. H\u0131zl\u0131 \u0131s\u0131nma teknolojisi sayesinde cihaz sadece birka\u00e7 saniyede kullan\u0131ma haz\u0131r hale gelir. Nem koruma sens\u00f6r\u00fc, sa\u00e7\u0131n nem dengesini alg\u0131layarak otomatik \u0131s\u0131 ayar\u0131 yapar ve sa\u00e7\u0131n kurumas\u0131n\u0131 \u00f6nler.<\/p>\n","protected":false},"excerpt":{"rendered":"<p>Rado RD-446, sa\u00e7lar\u0131n\u0131za hem \u00f6zenli hem de etkili bir bak\u0131m sunmak i\u00e7in \u00f6zel olarak tasarlanm\u0131\u015f bir d\u00fczle\u015ftiricidir. Titanyum kaplamal\u0131 seramik plakalar\u0131 sayesinde sa\u00e7lar\u0131n\u0131z\u0131n do\u011fal yap\u0131s\u0131na zarar vermeden \u0131s\u0131y\u0131 e\u015fit \u015fekilde da\u011f\u0131tarak profesyonel d\u00fczeyde bir sonu\u00e7 elde etmenizi sa\u011flar. Is\u0131 aral\u0131\u011f\u0131 176\u00b0C ile 532\u00b0C (350\u00b0F \u2013 990\u00b0F) aras\u0131nda de\u011fi\u015fti\u011fi i\u00e7in hem ince telli hem kal\u0131n telli&#8230;<\/p>\n","protected":false},"featured_media":118027,"comment_status":"open","ping_status":"closed","template":"","meta":{"_kad_post_transparent":"","_kad_post_title":"","_kad_post_layout":"","_kad_post_sidebar_id":"","_kad_post_content_style":"","_kad_post_vertical_padding":"","_kad_post_feature":"","_kad_post_feature_position":"","_kad_post_header":false,"_kad_post_footer":false,"_kad_post_classname":""},"product_brand":[],"product_cat":[14907],"product_tag":[],"class_list":{"0":"post-118028","1":"product","2":"type-product","3":"status-publish","4":"has-post-thumbnail","6":"product_cat-sac-masasi-sac-masasi","8":"first","9":"instock","10":"purchasable","11":"product-type-simple","12":"entry","13":"content-bg","14":"loop-entry"},"_links":{"self":[{"href":"https:\/\/www.hediyepazar.com\/index.php?rest_route=\/wp\/v2\/product\/118028","targetHints":{"allow":["GET"]}}],"collection":[{"href":"https:\/\/www.hediyepazar.com\/index.php?rest_route=\/wp\/v2\/product"}],"about":[{"href":"https:\/\/www.hediyepazar.com\/index.php?rest_route=\/wp\/v2\/types\/product"}],"replies":[{"embeddable":true,"href":"https:\/\/www.hediyepazar.com\/index.php?rest_route=%2Fwp%2Fv2%2Fcomments&post=118028"}],"wp:featuredmedia":[{"embeddable":true,"href":"https:\/\/www.hediyepazar.com\/index.php?rest_route=\/wp\/v2\/media\/118027"}],"wp:attachment":[{"href":"https:\/\/www.hediyepazar.com\/index.php?rest_route=%2Fwp%2Fv2%2Fmedia&parent=118028"}],"wp:term":[{"taxonomy":"product_brand","embeddable":true,"href":"https:\/\/www.hediyepazar.com\/index.php?rest_route=%2Fwp%2Fv2%2Fproduct_brand&post=118028"},{"taxonomy":"product_cat","embeddable":true,"href":"https:\/\/www.hediyepazar.com\/index.php?rest_route=%2Fwp%2Fv2%2Fproduct_cat&post=118028"},{"taxonomy":"product_tag","embeddable":true,"href":"https:\/\/www.hediyepazar.com\/index.php?rest_route=%2Fwp%2Fv2%2Fproduct_tag&post=118028"}],"curies":[{"name":"wp","href":"https:\/\/api.w.org\/{rel}","templated":true}]}}