{"id":118030,"date":"2026-05-05T21:18:09","date_gmt":"2026-05-06T00:18:09","guid":{"rendered":"https:\/\/www.hediyepazar.com\/?product=pg-100-kablosuz-bluetooth-kulaklik-2"},"modified":"2026-05-05T21:18:09","modified_gmt":"2026-05-06T00:18:09","slug":"pg-100-kablosuz-bluetooth-kulaklik-2","status":"publish","type":"product","link":"https:\/\/www.hediyepazar.com\/?product=pg-100-kablosuz-bluetooth-kulaklik-2","title":{"rendered":"PG-100 Kablosuz Bluetooth Kulakl\u0131k"},"content":{"rendered":"<p>Hem spor hem de g\u00fcnl\u00fck kullan\u0131m i\u00e7in tasarlanan Polygold PG-100, konforlu yap\u0131s\u0131 ve g\u00fc\u00e7l\u00fc batarya \u00f6mr\u00fc ile beklentilerin \u00f6tesinde bir deneyim sunar. Hafif ve boyun bantl\u0131 ergonomik tasar\u0131m\u0131, uzun saatler boyunca rahat kullan\u0131m sa\u011flar.Bluetooth 5.0 deste\u011fiyle cihazlar\u0131n\u0131za h\u0131zl\u0131ca ba\u011flan\u0131r, sinyal kopmas\u0131 ya\u015famadan m\u00fczik dinlemenize ve g\u00f6r\u00fc\u015fmeler yapman\u0131za imk\u00e2n tan\u0131r. Stereo ses kalitesi, m\u00fczikte zengin detaylar sunarken, mikrofon \u00f6zelli\u011fi ile telefon g\u00f6r\u00fc\u015fmelerinde netlik sa\u011flar.Type-C h\u0131zl\u0131 \u015farj \u00f6zelli\u011fi, cihaz\u0131 pratik \u015fekilde \u015farj etmenizi sa\u011flar. 50 saate kadar uzun konu\u015fma s\u00fcresi, g\u00fcn boyunca aktif kullan\u0131m i\u00e7in idealdir. 10 metreye kadar kablosuz menzili sayesinde hareket \u00f6zg\u00fcrl\u00fc\u011f\u00fcn\u00fcz\u00fc korursunuz.<\/p>\n","protected":false},"excerpt":{"rendered":"<p>Hem spor hem de g\u00fcnl\u00fck kullan\u0131m i\u00e7in tasarlanan Polygold PG-100, konforlu yap\u0131s\u0131 ve g\u00fc\u00e7l\u00fc batarya \u00f6mr\u00fc ile beklentilerin \u00f6tesinde bir deneyim sunar. Hafif ve boyun bantl\u0131 ergonomik tasar\u0131m\u0131, uzun saatler boyunca rahat kullan\u0131m sa\u011flar.Bluetooth 5.0 deste\u011fiyle cihazlar\u0131n\u0131za h\u0131zl\u0131ca ba\u011flan\u0131r, sinyal kopmas\u0131 ya\u015famadan m\u00fczik dinlemenize ve g\u00f6r\u00fc\u015fmeler yapman\u0131za imk\u00e2n tan\u0131r. Stereo ses kalitesi, m\u00fczikte zengin detaylar&#8230;<\/p>\n","protected":false},"featured_media":118029,"comment_status":"open","ping_status":"closed","template":"","meta":{"_kad_post_transparent":"","_kad_post_title":"","_kad_post_layout":"","_kad_post_sidebar_id":"","_kad_post_content_style":"","_kad_post_vertical_padding":"","_kad_post_feature":"","_kad_post_feature_position":"","_kad_post_header":false,"_kad_post_footer":false,"_kad_post_classname":""},"product_brand":[],"product_cat":[14957],"product_tag":[],"class_list":{"0":"post-118030","1":"product","2":"type-product","3":"status-publish","4":"has-post-thumbnail","6":"product_cat-kablosuz-kulaklik-kablosuz-kulaklik","8":"first","9":"instock","10":"purchasable","11":"product-type-simple","12":"entry","13":"content-bg","14":"loop-entry"},"_links":{"self":[{"href":"https:\/\/www.hediyepazar.com\/index.php?rest_route=\/wp\/v2\/product\/118030","targetHints":{"allow":["GET"]}}],"collection":[{"href":"https:\/\/www.hediyepazar.com\/index.php?rest_route=\/wp\/v2\/product"}],"about":[{"href":"https:\/\/www.hediyepazar.com\/index.php?rest_route=\/wp\/v2\/types\/product"}],"replies":[{"embeddable":true,"href":"https:\/\/www.hediyepazar.com\/index.php?rest_route=%2Fwp%2Fv2%2Fcomments&post=118030"}],"wp:featuredmedia":[{"embeddable":true,"href":"https:\/\/www.hediyepazar.com\/index.php?rest_route=\/wp\/v2\/media\/118029"}],"wp:attachment":[{"href":"https:\/\/www.hediyepazar.com\/index.php?rest_route=%2Fwp%2Fv2%2Fmedia&parent=118030"}],"wp:term":[{"taxonomy":"product_brand","embeddable":true,"href":"https:\/\/www.hediyepazar.com\/index.php?rest_route=%2Fwp%2Fv2%2Fproduct_brand&post=118030"},{"taxonomy":"product_cat","embeddable":true,"href":"https:\/\/www.hediyepazar.com\/index.php?rest_route=%2Fwp%2Fv2%2Fproduct_cat&post=118030"},{"taxonomy":"product_tag","embeddable":true,"href":"https:\/\/www.hediyepazar.com\/index.php?rest_route=%2Fwp%2Fv2%2Fproduct_tag&post=118030"}],"curies":[{"name":"wp","href":"https:\/\/api.w.org\/{rel}","templated":true}]}}