{"id":118066,"date":"2026-05-05T21:27:02","date_gmt":"2026-05-06T00:27:02","guid":{"rendered":"https:\/\/www.hediyepazar.com\/?product=yildiz-gokyuzu-efektli-cok-modlu-gece-isigi-2"},"modified":"2026-05-05T21:27:02","modified_gmt":"2026-05-06T00:27:02","slug":"yildiz-gokyuzu-efektli-cok-modlu-gece-isigi-2","status":"publish","type":"product","link":"https:\/\/www.hediyepazar.com\/?product=yildiz-gokyuzu-efektli-cok-modlu-gece-isigi-2","title":{"rendered":"Y\u0131ld\u0131z G\u00f6ky\u00fcz\u00fc Efektli \u00c7ok Modlu Gece I\u015f\u0131\u011f\u0131"},"content":{"rendered":"<p>Projekt\u00f6r, 7 farkl\u0131 renkli sis efekti olu\u015fturma yetene\u011fine sahiptir. Ayr\u0131ca lazer y\u0131ld\u0131z moduyla birlikte d\u00f6nen y\u0131ld\u0131zl\u0131 g\u00f6ky\u00fcz\u00fc g\u00f6r\u00fcnt\u00fcs\u00fc sunar. Parlakl\u0131k ve h\u0131z seviyeleri ayarlanabilir; istenen atmosfer kolayca sa\u011flanabilir. Dilerseniz y\u0131ld\u0131zlar sabit kalabilir ya da otomatik d\u00f6n\u00fc\u015fle hareket ettirilebilir. Romantik ortamlar, \u00e7ocuklar i\u00e7in e\u011flenceli alanlar veya rahatlat\u0131c\u0131 bir gece ortam\u0131 i\u00e7in idealdir.<\/p>\n","protected":false},"excerpt":{"rendered":"<p>Projekt\u00f6r, 7 farkl\u0131 renkli sis efekti olu\u015fturma yetene\u011fine sahiptir. Ayr\u0131ca lazer y\u0131ld\u0131z moduyla birlikte d\u00f6nen y\u0131ld\u0131zl\u0131 g\u00f6ky\u00fcz\u00fc g\u00f6r\u00fcnt\u00fcs\u00fc sunar. Parlakl\u0131k ve h\u0131z seviyeleri ayarlanabilir; istenen atmosfer kolayca sa\u011flanabilir. Dilerseniz y\u0131ld\u0131zlar sabit kalabilir ya da otomatik d\u00f6n\u00fc\u015fle hareket ettirilebilir. Romantik ortamlar, \u00e7ocuklar i\u00e7in e\u011flenceli alanlar veya rahatlat\u0131c\u0131 bir gece ortam\u0131 i\u00e7in idealdir.<\/p>\n","protected":false},"featured_media":118065,"comment_status":"open","ping_status":"closed","template":"","meta":{"_kad_post_transparent":"","_kad_post_title":"","_kad_post_layout":"","_kad_post_sidebar_id":"","_kad_post_content_style":"","_kad_post_vertical_padding":"","_kad_post_feature":"","_kad_post_feature_position":"","_kad_post_header":false,"_kad_post_footer":false,"_kad_post_classname":""},"product_brand":[],"product_cat":[14967],"product_tag":[],"class_list":{"0":"post-118066","1":"product","2":"type-product","3":"status-publish","4":"has-post-thumbnail","6":"product_cat-gece-lambasi-gece-lambasi","8":"first","9":"instock","10":"purchasable","11":"product-type-simple","12":"entry","13":"content-bg","14":"loop-entry"},"_links":{"self":[{"href":"https:\/\/www.hediyepazar.com\/index.php?rest_route=\/wp\/v2\/product\/118066","targetHints":{"allow":["GET"]}}],"collection":[{"href":"https:\/\/www.hediyepazar.com\/index.php?rest_route=\/wp\/v2\/product"}],"about":[{"href":"https:\/\/www.hediyepazar.com\/index.php?rest_route=\/wp\/v2\/types\/product"}],"replies":[{"embeddable":true,"href":"https:\/\/www.hediyepazar.com\/index.php?rest_route=%2Fwp%2Fv2%2Fcomments&post=118066"}],"wp:featuredmedia":[{"embeddable":true,"href":"https:\/\/www.hediyepazar.com\/index.php?rest_route=\/wp\/v2\/media\/118065"}],"wp:attachment":[{"href":"https:\/\/www.hediyepazar.com\/index.php?rest_route=%2Fwp%2Fv2%2Fmedia&parent=118066"}],"wp:term":[{"taxonomy":"product_brand","embeddable":true,"href":"https:\/\/www.hediyepazar.com\/index.php?rest_route=%2Fwp%2Fv2%2Fproduct_brand&post=118066"},{"taxonomy":"product_cat","embeddable":true,"href":"https:\/\/www.hediyepazar.com\/index.php?rest_route=%2Fwp%2Fv2%2Fproduct_cat&post=118066"},{"taxonomy":"product_tag","embeddable":true,"href":"https:\/\/www.hediyepazar.com\/index.php?rest_route=%2Fwp%2Fv2%2Fproduct_tag&post=118066"}],"curies":[{"name":"wp","href":"https:\/\/api.w.org\/{rel}","templated":true}]}}