{"id":118070,"date":"2026-05-05T21:27:13","date_gmt":"2026-05-06T00:27:13","guid":{"rendered":"https:\/\/www.hediyepazar.com\/?product=bluetooth-hoparlor-ozellikli-7-renkli-gece-aydinlatmasi-2"},"modified":"2026-05-05T21:27:13","modified_gmt":"2026-05-06T00:27:13","slug":"bluetooth-hoparlor-ozellikli-7-renkli-gece-aydinlatmasi-2","status":"publish","type":"product","link":"https:\/\/www.hediyepazar.com\/?product=bluetooth-hoparlor-ozellikli-7-renkli-gece-aydinlatmasi-2","title":{"rendered":"Bluetooth Hoparl\u00f6r \u00d6zellikli 7 Renkli Gece Ayd\u0131nlatmas\u0131"},"content":{"rendered":"<p>Bu \u00e7ok ama\u00e7l\u0131 gece lambas\u0131, dikkat \u00e7ekici dinozor yumurtas\u0131 tasar\u0131m\u0131 ile estetik bir g\u00f6r\u00fcn\u00fcm sunarken, i\u015flevsel yap\u0131s\u0131yla ya\u015fam alanlar\u0131na de\u011fer katar. \u00dcr\u00fcn, 13.5 \u00d7 13.5 \u00d7 18 cm boyutlar\u0131ndad\u0131r ve yaln\u0131zca 402 gram a\u011f\u0131rl\u0131\u011f\u0131ndad\u0131r. ABS ve PVC malzemeden \u00fcretilmi\u015f olup hem hafif hem dayan\u0131kl\u0131d\u0131r. 5V 1A USB kablosu (1 metre) ile \u015farj edilebilir. Y\u00fcksek kaliteli COB LED\u2019lerle donat\u0131lan projekt\u00f6r; beyaz, mavi, k\u0131rm\u0131z\u0131 gibi 7 farkl\u0131 renk se\u00e7ene\u011fi sunar. \u00c7ocuk odas\u0131, oturma odas\u0131 veya yatak odas\u0131nda kullan\u0131ma uygundur.<\/p>\n","protected":false},"excerpt":{"rendered":"<p>Bu \u00e7ok ama\u00e7l\u0131 gece lambas\u0131, dikkat \u00e7ekici dinozor yumurtas\u0131 tasar\u0131m\u0131 ile estetik bir g\u00f6r\u00fcn\u00fcm sunarken, i\u015flevsel yap\u0131s\u0131yla ya\u015fam alanlar\u0131na de\u011fer katar. \u00dcr\u00fcn, 13.5 \u00d7 13.5 \u00d7 18 cm boyutlar\u0131ndad\u0131r ve yaln\u0131zca 402 gram a\u011f\u0131rl\u0131\u011f\u0131ndad\u0131r. ABS ve PVC malzemeden \u00fcretilmi\u015f olup hem hafif hem dayan\u0131kl\u0131d\u0131r. 5V 1A USB kablosu (1 metre) ile \u015farj edilebilir. Y\u00fcksek kaliteli&#8230;<\/p>\n","protected":false},"featured_media":118069,"comment_status":"open","ping_status":"closed","template":"","meta":{"_kad_post_transparent":"","_kad_post_title":"","_kad_post_layout":"","_kad_post_sidebar_id":"","_kad_post_content_style":"","_kad_post_vertical_padding":"","_kad_post_feature":"","_kad_post_feature_position":"","_kad_post_header":false,"_kad_post_footer":false,"_kad_post_classname":""},"product_brand":[],"product_cat":[14967],"product_tag":[],"class_list":{"0":"post-118070","1":"product","2":"type-product","3":"status-publish","4":"has-post-thumbnail","6":"product_cat-gece-lambasi-gece-lambasi","8":"first","9":"instock","10":"purchasable","11":"product-type-simple","12":"entry","13":"content-bg","14":"loop-entry"},"_links":{"self":[{"href":"https:\/\/www.hediyepazar.com\/index.php?rest_route=\/wp\/v2\/product\/118070","targetHints":{"allow":["GET"]}}],"collection":[{"href":"https:\/\/www.hediyepazar.com\/index.php?rest_route=\/wp\/v2\/product"}],"about":[{"href":"https:\/\/www.hediyepazar.com\/index.php?rest_route=\/wp\/v2\/types\/product"}],"replies":[{"embeddable":true,"href":"https:\/\/www.hediyepazar.com\/index.php?rest_route=%2Fwp%2Fv2%2Fcomments&post=118070"}],"wp:featuredmedia":[{"embeddable":true,"href":"https:\/\/www.hediyepazar.com\/index.php?rest_route=\/wp\/v2\/media\/118069"}],"wp:attachment":[{"href":"https:\/\/www.hediyepazar.com\/index.php?rest_route=%2Fwp%2Fv2%2Fmedia&parent=118070"}],"wp:term":[{"taxonomy":"product_brand","embeddable":true,"href":"https:\/\/www.hediyepazar.com\/index.php?rest_route=%2Fwp%2Fv2%2Fproduct_brand&post=118070"},{"taxonomy":"product_cat","embeddable":true,"href":"https:\/\/www.hediyepazar.com\/index.php?rest_route=%2Fwp%2Fv2%2Fproduct_cat&post=118070"},{"taxonomy":"product_tag","embeddable":true,"href":"https:\/\/www.hediyepazar.com\/index.php?rest_route=%2Fwp%2Fv2%2Fproduct_tag&post=118070"}],"curies":[{"name":"wp","href":"https:\/\/api.w.org\/{rel}","templated":true}]}}