{"id":118090,"date":"2026-05-05T21:29:10","date_gmt":"2026-05-06T00:29:10","guid":{"rendered":"https:\/\/www.hediyepazar.com\/?product=dokunmatik-kontrollu-bluetooth-kulaklik-pods-fine-uyumlu-2"},"modified":"2026-05-05T21:29:10","modified_gmt":"2026-05-06T00:29:10","slug":"dokunmatik-kontrollu-bluetooth-kulaklik-pods-fine-uyumlu-2","status":"publish","type":"product","link":"https:\/\/www.hediyepazar.com\/?product=dokunmatik-kontrollu-bluetooth-kulaklik-pods-fine-uyumlu-2","title":{"rendered":"Dokunmatik Kontroll\u00fc Bluetooth Kulakl\u0131k \u2013 Pods Fine Uyumlu"},"content":{"rendered":"<p>\u00c7evresel g\u00fcr\u00fclt\u00fcleri filtreleyen ENC deste\u011fi, telefon g\u00f6r\u00fc\u015fmelerinizi daha net hale getirir. Toplu ta\u015f\u0131ma, kalabal\u0131k sokaklar veya ofis ortam\u0131nda dahi kar\u015f\u0131 taraf sizi rahatl\u0131kla duyabilir. Ayr\u0131ca kulakl\u0131k \u00fczerinden gelen \u00e7a\u011fr\u0131y\u0131 yan\u0131tlama ya da son arayan\u0131 geri arama gibi pratik kontrollerle ileti\u015fim hi\u00e7 bu kadar kolay olmam\u0131\u015ft\u0131. \u00dcstelik Pods Fine uygulamas\u0131 deste\u011fi ile kulakl\u0131klar\u0131n\u0131z\u0131 do\u011frudan uygulama \u00fczerinden kontrol edebilirsiniz.<\/p>\n","protected":false},"excerpt":{"rendered":"<p>\u00c7evresel g\u00fcr\u00fclt\u00fcleri filtreleyen ENC deste\u011fi, telefon g\u00f6r\u00fc\u015fmelerinizi daha net hale getirir. Toplu ta\u015f\u0131ma, kalabal\u0131k sokaklar veya ofis ortam\u0131nda dahi kar\u015f\u0131 taraf sizi rahatl\u0131kla duyabilir. Ayr\u0131ca kulakl\u0131k \u00fczerinden gelen \u00e7a\u011fr\u0131y\u0131 yan\u0131tlama ya da son arayan\u0131 geri arama gibi pratik kontrollerle ileti\u015fim hi\u00e7 bu kadar kolay olmam\u0131\u015ft\u0131. \u00dcstelik Pods Fine uygulamas\u0131 deste\u011fi ile kulakl\u0131klar\u0131n\u0131z\u0131 do\u011frudan uygulama \u00fczerinden&#8230;<\/p>\n","protected":false},"featured_media":118089,"comment_status":"open","ping_status":"closed","template":"","meta":{"_kad_post_transparent":"","_kad_post_title":"","_kad_post_layout":"","_kad_post_sidebar_id":"","_kad_post_content_style":"","_kad_post_vertical_padding":"","_kad_post_feature":"","_kad_post_feature_position":"","_kad_post_header":false,"_kad_post_footer":false,"_kad_post_classname":""},"product_brand":[],"product_cat":[14957],"product_tag":[],"class_list":{"0":"post-118090","1":"product","2":"type-product","3":"status-publish","4":"has-post-thumbnail","6":"product_cat-kablosuz-kulaklik-kablosuz-kulaklik","8":"first","9":"instock","10":"purchasable","11":"product-type-simple","12":"entry","13":"content-bg","14":"loop-entry"},"_links":{"self":[{"href":"https:\/\/www.hediyepazar.com\/index.php?rest_route=\/wp\/v2\/product\/118090","targetHints":{"allow":["GET"]}}],"collection":[{"href":"https:\/\/www.hediyepazar.com\/index.php?rest_route=\/wp\/v2\/product"}],"about":[{"href":"https:\/\/www.hediyepazar.com\/index.php?rest_route=\/wp\/v2\/types\/product"}],"replies":[{"embeddable":true,"href":"https:\/\/www.hediyepazar.com\/index.php?rest_route=%2Fwp%2Fv2%2Fcomments&post=118090"}],"wp:featuredmedia":[{"embeddable":true,"href":"https:\/\/www.hediyepazar.com\/index.php?rest_route=\/wp\/v2\/media\/118089"}],"wp:attachment":[{"href":"https:\/\/www.hediyepazar.com\/index.php?rest_route=%2Fwp%2Fv2%2Fmedia&parent=118090"}],"wp:term":[{"taxonomy":"product_brand","embeddable":true,"href":"https:\/\/www.hediyepazar.com\/index.php?rest_route=%2Fwp%2Fv2%2Fproduct_brand&post=118090"},{"taxonomy":"product_cat","embeddable":true,"href":"https:\/\/www.hediyepazar.com\/index.php?rest_route=%2Fwp%2Fv2%2Fproduct_cat&post=118090"},{"taxonomy":"product_tag","embeddable":true,"href":"https:\/\/www.hediyepazar.com\/index.php?rest_route=%2Fwp%2Fv2%2Fproduct_tag&post=118090"}],"curies":[{"name":"wp","href":"https:\/\/api.w.org\/{rel}","templated":true}]}}