{"id":118098,"date":"2026-05-05T21:31:08","date_gmt":"2026-05-06T00:31:08","guid":{"rendered":"https:\/\/www.hediyepazar.com\/?product=xy30-bluetooth-kulaklik-2"},"modified":"2026-05-05T21:31:08","modified_gmt":"2026-05-06T00:31:08","slug":"xy30-bluetooth-kulaklik-2","status":"publish","type":"product","link":"https:\/\/www.hediyepazar.com\/?product=xy30-bluetooth-kulaklik-2","title":{"rendered":"XY30-BLUETOOTH KULAKLIK"},"content":{"rendered":"<p>MT965 modeli, g\u00fcnl\u00fck kullan\u0131mda y\u00fcksek ses kalitesi ve konforu bir araya getirerek kullan\u0131c\u0131lar\u0131na etkileyici bir kablosuz kulakl\u0131k deneyimi sunar. Aktif G\u00fcr\u00fclt\u00fc Engelleme (ANC) \u00f6zelli\u011fi, d\u0131\u015f sesleri bast\u0131rarak m\u00fczik, film veya video izlerken dikkat da\u011f\u0131t\u0131c\u0131 unsurlar\u0131 ortadan kald\u0131r\u0131r. \u00d6zellikle odaklanmak istedi\u011finiz anlarda fark yarat\u0131r.Kulakl\u0131kta bulunan stereo ses teknolojisi, sesleri dengeli ve \u00e7evresel bi\u00e7imde iletir. Bu da m\u00fczikte ayr\u0131nt\u0131lar\u0131 net bir \u015fekilde duyman\u0131z\u0131 sa\u011flar. Oyun, film ve video izleme gibi multimedya i\u00e7eriklerinde derin ve etkileyici bir ses sa\u011flar.Bluetooth 5.3 s\u00fcr\u00fcm\u00fc ile ba\u011flant\u0131 h\u0131z\u0131 olduk\u00e7a y\u00fcksektir ve kararl\u0131 bir kablosuz kullan\u0131m sunar. Uzun pil \u00f6mr\u00fc sayesinde tek \u015farjla 15 ila 40 saate kadar kullan\u0131m imk\u00e2n\u0131 sa\u011flar. B\u00f6ylece g\u00fcn boyu hatta birka\u00e7 g\u00fcn boyunca yeniden \u015farj etme ihtiyac\u0131 duymadan kullanabilirsiniz.Mikrofon ve su\/toz ge\u00e7irmezlik \u00f6zelli\u011fi bulunmayan bu kulakl\u0131k, \u00f6zellikle kapal\u0131 alanlarda kaliteli m\u00fczik dinlemek isteyen kullan\u0131c\u0131lar i\u00e7in idealdir. \u015e\u0131k tasar\u0131m\u0131 ve sade yap\u0131s\u0131yla her ya\u015ftan kullan\u0131c\u0131ya hitap eder.<\/p>\n","protected":false},"excerpt":{"rendered":"<p>MT965 modeli, g\u00fcnl\u00fck kullan\u0131mda y\u00fcksek ses kalitesi ve konforu bir araya getirerek kullan\u0131c\u0131lar\u0131na etkileyici bir kablosuz kulakl\u0131k deneyimi sunar. Aktif G\u00fcr\u00fclt\u00fc Engelleme (ANC) \u00f6zelli\u011fi, d\u0131\u015f sesleri bast\u0131rarak m\u00fczik, film veya video izlerken dikkat da\u011f\u0131t\u0131c\u0131 unsurlar\u0131 ortadan kald\u0131r\u0131r. \u00d6zellikle odaklanmak istedi\u011finiz anlarda fark yarat\u0131r.Kulakl\u0131kta bulunan stereo ses teknolojisi, sesleri dengeli ve \u00e7evresel bi\u00e7imde iletir. Bu da&#8230;<\/p>\n","protected":false},"featured_media":118097,"comment_status":"open","ping_status":"closed","template":"","meta":{"_kad_post_transparent":"","_kad_post_title":"","_kad_post_layout":"","_kad_post_sidebar_id":"","_kad_post_content_style":"","_kad_post_vertical_padding":"","_kad_post_feature":"","_kad_post_feature_position":"","_kad_post_header":false,"_kad_post_footer":false,"_kad_post_classname":""},"product_brand":[],"product_cat":[14957],"product_tag":[],"class_list":{"0":"post-118098","1":"product","2":"type-product","3":"status-publish","4":"has-post-thumbnail","6":"product_cat-kablosuz-kulaklik-kablosuz-kulaklik","8":"first","9":"instock","10":"purchasable","11":"product-type-simple","12":"entry","13":"content-bg","14":"loop-entry"},"_links":{"self":[{"href":"https:\/\/www.hediyepazar.com\/index.php?rest_route=\/wp\/v2\/product\/118098","targetHints":{"allow":["GET"]}}],"collection":[{"href":"https:\/\/www.hediyepazar.com\/index.php?rest_route=\/wp\/v2\/product"}],"about":[{"href":"https:\/\/www.hediyepazar.com\/index.php?rest_route=\/wp\/v2\/types\/product"}],"replies":[{"embeddable":true,"href":"https:\/\/www.hediyepazar.com\/index.php?rest_route=%2Fwp%2Fv2%2Fcomments&post=118098"}],"wp:featuredmedia":[{"embeddable":true,"href":"https:\/\/www.hediyepazar.com\/index.php?rest_route=\/wp\/v2\/media\/118097"}],"wp:attachment":[{"href":"https:\/\/www.hediyepazar.com\/index.php?rest_route=%2Fwp%2Fv2%2Fmedia&parent=118098"}],"wp:term":[{"taxonomy":"product_brand","embeddable":true,"href":"https:\/\/www.hediyepazar.com\/index.php?rest_route=%2Fwp%2Fv2%2Fproduct_brand&post=118098"},{"taxonomy":"product_cat","embeddable":true,"href":"https:\/\/www.hediyepazar.com\/index.php?rest_route=%2Fwp%2Fv2%2Fproduct_cat&post=118098"},{"taxonomy":"product_tag","embeddable":true,"href":"https:\/\/www.hediyepazar.com\/index.php?rest_route=%2Fwp%2Fv2%2Fproduct_tag&post=118098"}],"curies":[{"name":"wp","href":"https:\/\/api.w.org\/{rel}","templated":true}]}}