{"id":118182,"date":"2026-05-05T21:47:05","date_gmt":"2026-05-06T00:47:05","guid":{"rendered":"https:\/\/www.hediyepazar.com\/?product=telefon-tutucu-mini-mikrofonlu-tripod-vlog-cekim-video-2"},"modified":"2026-05-05T21:47:05","modified_gmt":"2026-05-06T00:47:05","slug":"telefon-tutucu-mini-mikrofonlu-tripod-vlog-cekim-video-2","status":"publish","type":"product","link":"https:\/\/www.hediyepazar.com\/?product=telefon-tutucu-mini-mikrofonlu-tripod-vlog-cekim-video-2","title":{"rendered":"Telefon Tutucu Mini Mikrofonlu Tripod Vlog \u00c7ekim Video"},"content":{"rendered":"<p>Video i\u00e7erik \u00fcretimiyle ilgilenenler ya da g\u00fcnl\u00fck \u00e7ekimlerini profesyonel hale getirmek isteyenler i\u00e7in tasarlanan bu video making kit, kompakt yap\u0131s\u0131 ve \u00e7ok y\u00f6nl\u00fc i\u015flevselli\u011fiyle \u00f6ne \u00e7\u0131k\u0131yor. Kumandal\u0131 mikrofon, dahili LED \u0131\u015f\u0131k ve mini tripod i\u00e7eren bu set, \u00f6zellikle mobil cihazlarla yap\u0131lan \u00e7ekimlerde sabitlik ve kalite arayan kullan\u0131c\u0131lar i\u00e7in ideal bir \u00e7\u00f6z\u00fcm sunar.Tripodun hafif ve ta\u015f\u0131nabilir yap\u0131s\u0131, ister seyahatlerde ister evde kullan\u0131mda size b\u00fcy\u00fck bir kolayl\u0131k sa\u011flar. Mini tripod, farkl\u0131 a\u00e7\u0131larda sabitleme yaparak g\u00f6r\u00fcnt\u00fclerinizin titre\u015fimsiz, p\u00fcr\u00fczs\u00fcz ve net olmas\u0131n\u0131 destekler. K\u00fc\u00e7\u00fck boyutuna ra\u011fmen sa\u011flam bir duru\u015f sunan tripod, telefonunuzu sabit bir \u015fekilde tutarak yarat\u0131c\u0131 \u00e7ekimler yapman\u0131za olanak tan\u0131r.LED \u0131\u015f\u0131k \u00f6zelli\u011fi, lo\u015f ortamlarda bile ayd\u0131nl\u0131k ve profesyonel g\u00f6r\u00fcn\u00fcml\u00fc kareler yakalaman\u0131za yard\u0131mc\u0131 olur. I\u015f\u0131k yo\u011funlu\u011fu ayarlanabilir yap\u0131s\u0131 sayesinde hem video hem de foto\u011fraf \u00e7ekiminde esnek bir kullan\u0131m sunar. B\u00f6ylece g\u00fcn\u00fcn her saatinde istedi\u011finiz \u0131\u015f\u0131k ko\u015fullar\u0131n\u0131 sa\u011flayabilirsiniz.Kumandal\u0131 mikrofon, kay\u0131tlar\u0131n\u0131zda sesin net ve berrak \u00e7\u0131kmas\u0131n\u0131 sa\u011flarken; Bluetooth kumanda sayesinde tripoddan uzak olsan\u0131z dahi \u00e7ekimlerinizi uzaktan ba\u015flatabilir veya durdurabilirsiniz. Bu da \u00f6zellikle solo \u00e7ekimlerde b\u00fcy\u00fck bir avantaj sunar.\u0130\u00e7erik \u00fcreticileri, vlog \u00e7ekimi yapanlar, sosyal medya kullan\u0131c\u0131lar\u0131 ya da amat\u00f6r video merakl\u0131lar\u0131 i\u00e7in fonksiyonel ve pratik bir \u00e7\u00f6z\u00fcm sunan bu kit, t\u00fcm par\u00e7alar\u0131yla kolay ta\u015f\u0131nabilirlik, konfor ve y\u00fcksek kaliteyi bir araya getiriyor.<\/p>\n","protected":false},"excerpt":{"rendered":"<p>Video i\u00e7erik \u00fcretimiyle ilgilenenler ya da g\u00fcnl\u00fck \u00e7ekimlerini profesyonel hale getirmek isteyenler i\u00e7in tasarlanan bu video making kit, kompakt yap\u0131s\u0131 ve \u00e7ok y\u00f6nl\u00fc i\u015flevselli\u011fiyle \u00f6ne \u00e7\u0131k\u0131yor. Kumandal\u0131 mikrofon, dahili LED \u0131\u015f\u0131k ve mini tripod i\u00e7eren bu set, \u00f6zellikle mobil cihazlarla yap\u0131lan \u00e7ekimlerde sabitlik ve kalite arayan kullan\u0131c\u0131lar i\u00e7in ideal bir \u00e7\u00f6z\u00fcm sunar.Tripodun hafif ve ta\u015f\u0131nabilir&#8230;<\/p>\n","protected":false},"featured_media":118181,"comment_status":"open","ping_status":"closed","template":"","meta":{"_kad_post_transparent":"","_kad_post_title":"","_kad_post_layout":"","_kad_post_sidebar_id":"","_kad_post_content_style":"","_kad_post_vertical_padding":"","_kad_post_feature":"","_kad_post_feature_position":"","_kad_post_header":false,"_kad_post_footer":false,"_kad_post_classname":""},"product_brand":[],"product_cat":[15025],"product_tag":[],"class_list":{"0":"post-118182","1":"product","2":"type-product","3":"status-publish","4":"has-post-thumbnail","6":"product_cat-foto-ve-kamera-aksesuari-foto-ve-kamera-aksesuari","8":"first","9":"instock","10":"purchasable","11":"product-type-simple","12":"entry","13":"content-bg","14":"loop-entry"},"_links":{"self":[{"href":"https:\/\/www.hediyepazar.com\/index.php?rest_route=\/wp\/v2\/product\/118182","targetHints":{"allow":["GET"]}}],"collection":[{"href":"https:\/\/www.hediyepazar.com\/index.php?rest_route=\/wp\/v2\/product"}],"about":[{"href":"https:\/\/www.hediyepazar.com\/index.php?rest_route=\/wp\/v2\/types\/product"}],"replies":[{"embeddable":true,"href":"https:\/\/www.hediyepazar.com\/index.php?rest_route=%2Fwp%2Fv2%2Fcomments&post=118182"}],"wp:featuredmedia":[{"embeddable":true,"href":"https:\/\/www.hediyepazar.com\/index.php?rest_route=\/wp\/v2\/media\/118181"}],"wp:attachment":[{"href":"https:\/\/www.hediyepazar.com\/index.php?rest_route=%2Fwp%2Fv2%2Fmedia&parent=118182"}],"wp:term":[{"taxonomy":"product_brand","embeddable":true,"href":"https:\/\/www.hediyepazar.com\/index.php?rest_route=%2Fwp%2Fv2%2Fproduct_brand&post=118182"},{"taxonomy":"product_cat","embeddable":true,"href":"https:\/\/www.hediyepazar.com\/index.php?rest_route=%2Fwp%2Fv2%2Fproduct_cat&post=118182"},{"taxonomy":"product_tag","embeddable":true,"href":"https:\/\/www.hediyepazar.com\/index.php?rest_route=%2Fwp%2Fv2%2Fproduct_tag&post=118182"}],"curies":[{"name":"wp","href":"https:\/\/api.w.org\/{rel}","templated":true}]}}